{"id":4416,"date":"2022-03-15T11:48:23","date_gmt":"2022-03-15T11:48:23","guid":{"rendered":"https:\/\/mylifeineurope.nkey.it\/?page_id=4416"},"modified":"2022-03-16T10:56:20","modified_gmt":"2022-03-16T10:56:20","slug":"paperkit","status":"publish","type":"page","link":"https:\/\/www.mylifeineurope.nkey.it\/ro\/paperkit\/","title":{"rendered":"Paper Kit"},"content":{"rendered":"<p>[vc_row][vc_column][vc_single_image image=&#8221;4142&#8243; img_size=&#8221;full&#8221; alignment=&#8221;center&#8221;][vc_column_text]<\/p>\n<h5 style=\"text-align: center;\"><span style=\"font-weight: 400;\">Acest kit ofer\u0103 c\u00e2teva fi\u0219iere desc\u0103rcabile \u0219i imprimabile necesare pentru a reda \u00een deplin\u0103 autonomie versiunea pe h\u00e2rtie<br \/>\n\u201cMy Life The Game\u201d.<\/span><\/h5>\n<p>[\/vc_column_text][\/vc_column][\/vc_row][vc_row][vc_column][vc_column_text]<\/p>\n<h5 style=\"text-align: center;\"><span style=\"color: #ce161a;\">Kitul include<\/span><\/h5>\n<p>[\/vc_column_text][\/vc_column][\/vc_row][vc_row content_placement=&#8221;middle&#8221; el_class=&#8221;partgame&#8221;][vc_column width=&#8221;1\/2&#8243;][vc_column_text]<b>22 CARDURI PDF (SPATE)<\/b><span style=\"font-weight: 400;\"> w cu imagine evocatoare &#8211; format A5 evident<\/span><\/p>\n<p><span style=\"font-weight: 400;\">imprimabil propor\u021bional la dimensiune mai mare sau mai mic\u0103<\/span>[\/vc_column_text][\/vc_column][vc_column width=&#8221;1\/2&#8243;][vc_single_image image=&#8221;4429&#8243; img_size=&#8221;medium&#8221; alignment=&#8221;center&#8221;][\/vc_column][\/vc_row][vc_row content_placement=&#8221;middle&#8221; el_class=&#8221;partgame&#8221;][vc_column width=&#8221;1\/2&#8243;][vc_single_image image=&#8221;4057&#8243; img_size=&#8221;medium&#8221; alignment=&#8221;center&#8221;][\/vc_column][vc_column width=&#8221;1\/2&#8243;][vc_column_text]<b>SCHEMA GRAFIC\u0102 PDF A CARDURILOR<\/b> <b>Op\u021biunea <\/b><b>A <\/b><b>pentru imprimarea fa\u021b\u0103 a cardurilor<\/b><span style=\"font-weight: 400;\"> &#8211; format A5\u00a0<\/span><\/p>\n<p><b>SCHEMA GRAFIC\u0102 PDF A CARDURILOR<\/b> <b>Op\u021biunea <\/b><b>B <\/b><b>pentru imprimarea fa\u021b\u0103 a cardurilor<\/b><span style=\"font-weight: 400;\"> &#8211; format A5\u00a0<\/span>[\/vc_column_text][\/vc_column][\/vc_row][vc_row content_placement=&#8221;middle&#8221; el_class=&#8221;partgame&#8221;][vc_column width=&#8221;1\/2&#8243;][vc_column_text]<strong>DICE DRAW PDF<\/strong><strong> My<\/strong><strong>L<\/strong><strong>ife 6 fe\u021be <\/strong>&#8211; \u00een format A4 \u2013 decupabil \u0219i pliabil conform instruc\u021biunilor[\/vc_column_text][\/vc_column][vc_column width=&#8221;1\/2&#8243;][vc_single_image image=&#8221;4062&#8243; alignment=&#8221;center&#8221;][\/vc_column][\/vc_row][vc_row content_placement=&#8221;middle&#8221; el_class=&#8221;partgame&#8221;][vc_column width=&#8221;1\/2&#8243;][vc_single_image image=&#8221;4444&#8243; img_size=&#8221;medium&#8221; alignment=&#8221;center&#8221;][\/vc_column][vc_column width=&#8221;1\/2&#8243;][vc_column_text]<strong>PAWN PDF<\/strong> \u2013 fi\u0219ierul con\u021bine 20 de obiecte diferite imprimabile pe h\u00e2rtie sau carton care pot fi folosite ca pioni \u00een joc.<\/p>\n<ol>\n<li>T\u0103ia\u021bi cele dou\u0103 foi<\/li>\n<li>\u021aine\u021bi col\u021burile, \u00eentoarce\u021bi-le pe ele \u00eensele pentru a crea un cilindru \u0219i fixa\u021bi marginile cu 2 cleme de capse<\/li>\n<li>\u00cenchide\u021bi partea superioar\u0103 a cilindrului cu o clem\u0103 de capsare<\/li>\n<\/ol>\n<p>[\/vc_column_text][\/vc_column][vc_column width=&#8221;1\/2&#8243;][vc_single_image image=&#8221;4434&#8243; img_size=&#8221;medium&#8221; alignment=&#8221;center&#8221;][\/vc_column][vc_column width=&#8221;1\/2&#8243;][vc_single_image image=&#8221;4439&#8243; img_size=&#8221;medium&#8221; alignment=&#8221;center&#8221;][\/vc_column][\/vc_row][vc_row content_placement=&#8221;middle&#8221; el_class=&#8221;partgame&#8221;][vc_column width=&#8221;1\/2&#8243;][vc_column_text]<strong>BADGE PDF<\/strong>\u00a0\u2013 fi\u0219ierul con\u021bine 20 de insigne personalizabile cu numele juc\u0103torului[\/vc_column_text][\/vc_column][vc_column width=&#8221;1\/2&#8243;][vc_single_image image=&#8221;4089&#8243; img_size=&#8221;medium&#8221; alignment=&#8221;center&#8221;][\/vc_column][\/vc_row][vc_row content_placement=&#8221;middle&#8221; el_class=&#8221;partgame&#8221;][vc_column width=&#8221;1\/2&#8243;][vc_column_text]<strong>INSTRUC\u021aIUNE PDF<\/strong>\u2013 fi\u0219ierul care con\u021bine instruc\u021biunile jocului <strong>My<\/strong><strong>Life<\/strong>[\/vc_column_text][\/vc_column][vc_column width=&#8221;1\/2&#8243;][vc_single_image image=&#8221;4094&#8243; img_size=&#8221;medium&#8221; alignment=&#8221;center&#8221;][\/vc_column][\/vc_row][vc_row content_placement=&#8221;middle&#8221;][vc_column][vc_empty_space][vc_raw_html]JTNDcCUyMHN0eWxlJTNEJTIydGV4dC1hbGlnbiUzQSUyMGNlbnRlciUzQiUyMiUzRSUzQ2ElMjBjbGFzcyUzRCUyMmJ0biUyMGJ0bi1sZyUyMGJ0bi1jb2xvciUyMiUyMGhyZWYlM0QlMjJodHRwcyUzQSUyRiUyRm15bGlmZWluZXVyb3BlLm5rZXkuaXQlMkZ3cC1jb250ZW50JTJGdXBsb2FkcyUyRjIwMjIlMkYwMyUyRlBhcGVyS0lUMjJfUk8uemlwJTIyJTNFREVTQ0FSQyVDNCU4MiUyMFBBUEVSS0lUJTIwQUNVTSUzQyUyRmElM0UlM0MlMkZwJTNF[\/vc_raw_html][vc_empty_space][\/vc_column][\/vc_row]<\/p>\n<div class=\"clearfix\"><\/div>","protected":false},"excerpt":{"rendered":"<p>[vc_row][vc_column][vc_single_image image=&#8221;4142&#8243; img_size=&#8221;full&#8221; alignment=&#8221;center&#8221;][vc_column_text] Acest kit ofer\u0103 c\u00e2teva fi\u0219iere desc\u0103rcabile \u0219i imprimabile necesare pentru a reda \u00een deplin\u0103 autonomie versiunea pe h\u00e2rtie \u201cMy Life The Game\u201d. [\/vc_column_text][\/vc_column][\/vc_row][vc_row][vc_column][vc_column_text] Kitul include [\/vc_column_text][\/vc_column][\/vc_row][vc_row content_placement=&#8221;middle&#8221; el_class=&#8221;partgame&#8221;][vc_column width=&#8221;1\/2&#8243;][vc_column_text]22 CARDURI PDF (SPATE) w cu imagine evocatoare &#8211; format A5 evident imprimabil&#8230;<\/p>\n","protected":false},"author":6,"featured_media":0,"parent":0,"menu_order":0,"comment_status":"closed","ping_status":"closed","template":"","meta":[],"acf":[],"yoast_head":"<!-- This site is optimized with the Yoast SEO plugin v18.7 - https:\/\/yoast.com\/wordpress\/plugins\/seo\/ -->\n<title>Paper Kit - MY LIFE in EUROPE<\/title>\n<meta name=\"robots\" content=\"index, follow, max-snippet:-1, max-image-preview:large, max-video-preview:-1\" \/>\n<link rel=\"canonical\" href=\"https:\/\/www.mylifeineurope.nkey.it\/ro\/paperkit\/\" \/>\n<meta property=\"og:locale\" content=\"ro_RO\" \/>\n<meta property=\"og:type\" content=\"article\" \/>\n<meta property=\"og:title\" content=\"Paper Kit - MY LIFE in EUROPE\" \/>\n<meta property=\"og:description\" content=\"[vc_row][vc_column][vc_single_image image=&#8221;4142&#8243; img_size=&#8221;full&#8221; alignment=&#8221;center&#8221;][vc_column_text] Acest kit ofer\u0103 c\u00e2teva fi\u0219iere desc\u0103rcabile \u0219i imprimabile necesare pentru a reda \u00een deplin\u0103 autonomie versiunea pe h\u00e2rtie \u201cMy Life The Game\u201d. [\/vc_column_text][\/vc_column][\/vc_row][vc_row][vc_column][vc_column_text] Kitul include [\/vc_column_text][\/vc_column][\/vc_row][vc_row content_placement=&#8221;middle&#8221; el_class=&#8221;partgame&#8221;][vc_column width=&#8221;1\/2&#8243;][vc_column_text]22 CARDURI PDF (SPATE) w cu imagine evocatoare &#8211; format A5 evident imprimabil...\" \/>\n<meta property=\"og:url\" content=\"https:\/\/www.mylifeineurope.nkey.it\/ro\/paperkit\/\" \/>\n<meta property=\"og:site_name\" content=\"MY LIFE in EUROPE\" \/>\n<meta property=\"article:modified_time\" content=\"2022-03-16T10:56:20+00:00\" \/>\n<meta name=\"twitter:card\" content=\"summary_large_image\" \/>\n<meta name=\"twitter:label1\" content=\"Timp estimat pentru citire\" \/>\n\t<meta name=\"twitter:data1\" content=\"1 minut\" \/>\n<script type=\"application\/ld+json\" class=\"yoast-schema-graph\">{\"@context\":\"https:\/\/schema.org\",\"@graph\":[{\"@type\":\"WebSite\",\"@id\":\"https:\/\/www.mylifeineurope.nkey.it\/#website\",\"url\":\"https:\/\/www.mylifeineurope.nkey.it\/\",\"name\":\"MY LIFE in EUROPE\",\"description\":\"a new Methodology to insert Your LIFE biography IN the EUROPE context\",\"potentialAction\":[{\"@type\":\"SearchAction\",\"target\":{\"@type\":\"EntryPoint\",\"urlTemplate\":\"https:\/\/www.mylifeineurope.nkey.it\/?s={search_term_string}\"},\"query-input\":\"required name=search_term_string\"}],\"inLanguage\":\"ro-RO\"},{\"@type\":\"WebPage\",\"@id\":\"https:\/\/www.mylifeineurope.nkey.it\/ro\/paperkit\/#webpage\",\"url\":\"https:\/\/www.mylifeineurope.nkey.it\/ro\/paperkit\/\",\"name\":\"Paper Kit - MY LIFE in EUROPE\",\"isPartOf\":{\"@id\":\"https:\/\/www.mylifeineurope.nkey.it\/#website\"},\"datePublished\":\"2022-03-15T11:48:23+00:00\",\"dateModified\":\"2022-03-16T10:56:20+00:00\",\"breadcrumb\":{\"@id\":\"https:\/\/www.mylifeineurope.nkey.it\/ro\/paperkit\/#breadcrumb\"},\"inLanguage\":\"ro-RO\",\"potentialAction\":[{\"@type\":\"ReadAction\",\"target\":[\"https:\/\/www.mylifeineurope.nkey.it\/ro\/paperkit\/\"]}]},{\"@type\":\"BreadcrumbList\",\"@id\":\"https:\/\/www.mylifeineurope.nkey.it\/ro\/paperkit\/#breadcrumb\",\"itemListElement\":[{\"@type\":\"ListItem\",\"position\":1,\"name\":\"Home\",\"item\":\"https:\/\/www.mylifeineurope.nkey.it\/ro\/\"},{\"@type\":\"ListItem\",\"position\":2,\"name\":\"Paper Kit\"}]}]}<\/script>\n<!-- \/ Yoast SEO plugin. -->","yoast_head_json":{"title":"Paper Kit - MY LIFE in EUROPE","robots":{"index":"index","follow":"follow","max-snippet":"max-snippet:-1","max-image-preview":"max-image-preview:large","max-video-preview":"max-video-preview:-1"},"canonical":"https:\/\/www.mylifeineurope.nkey.it\/ro\/paperkit\/","og_locale":"ro_RO","og_type":"article","og_title":"Paper Kit - MY LIFE in EUROPE","og_description":"[vc_row][vc_column][vc_single_image image=&#8221;4142&#8243; img_size=&#8221;full&#8221; alignment=&#8221;center&#8221;][vc_column_text] Acest kit ofer\u0103 c\u00e2teva fi\u0219iere desc\u0103rcabile \u0219i imprimabile necesare pentru a reda \u00een deplin\u0103 autonomie versiunea pe h\u00e2rtie \u201cMy Life The Game\u201d. [\/vc_column_text][\/vc_column][\/vc_row][vc_row][vc_column][vc_column_text] Kitul include [\/vc_column_text][\/vc_column][\/vc_row][vc_row content_placement=&#8221;middle&#8221; el_class=&#8221;partgame&#8221;][vc_column width=&#8221;1\/2&#8243;][vc_column_text]22 CARDURI PDF (SPATE) w cu imagine evocatoare &#8211; format A5 evident imprimabil...","og_url":"https:\/\/www.mylifeineurope.nkey.it\/ro\/paperkit\/","og_site_name":"MY LIFE in EUROPE","article_modified_time":"2022-03-16T10:56:20+00:00","twitter_card":"summary_large_image","twitter_misc":{"Timp estimat pentru citire":"1 minut"},"schema":{"@context":"https:\/\/schema.org","@graph":[{"@type":"WebSite","@id":"https:\/\/www.mylifeineurope.nkey.it\/#website","url":"https:\/\/www.mylifeineurope.nkey.it\/","name":"MY LIFE in EUROPE","description":"a new Methodology to insert Your LIFE biography IN the EUROPE context","potentialAction":[{"@type":"SearchAction","target":{"@type":"EntryPoint","urlTemplate":"https:\/\/www.mylifeineurope.nkey.it\/?s={search_term_string}"},"query-input":"required name=search_term_string"}],"inLanguage":"ro-RO"},{"@type":"WebPage","@id":"https:\/\/www.mylifeineurope.nkey.it\/ro\/paperkit\/#webpage","url":"https:\/\/www.mylifeineurope.nkey.it\/ro\/paperkit\/","name":"Paper Kit - MY LIFE in EUROPE","isPartOf":{"@id":"https:\/\/www.mylifeineurope.nkey.it\/#website"},"datePublished":"2022-03-15T11:48:23+00:00","dateModified":"2022-03-16T10:56:20+00:00","breadcrumb":{"@id":"https:\/\/www.mylifeineurope.nkey.it\/ro\/paperkit\/#breadcrumb"},"inLanguage":"ro-RO","potentialAction":[{"@type":"ReadAction","target":["https:\/\/www.mylifeineurope.nkey.it\/ro\/paperkit\/"]}]},{"@type":"BreadcrumbList","@id":"https:\/\/www.mylifeineurope.nkey.it\/ro\/paperkit\/#breadcrumb","itemListElement":[{"@type":"ListItem","position":1,"name":"Home","item":"https:\/\/www.mylifeineurope.nkey.it\/ro\/"},{"@type":"ListItem","position":2,"name":"Paper Kit"}]}]}},"_links":{"self":[{"href":"https:\/\/www.mylifeineurope.nkey.it\/ro\/wp-json\/wp\/v2\/pages\/4416"}],"collection":[{"href":"https:\/\/www.mylifeineurope.nkey.it\/ro\/wp-json\/wp\/v2\/pages"}],"about":[{"href":"https:\/\/www.mylifeineurope.nkey.it\/ro\/wp-json\/wp\/v2\/types\/page"}],"author":[{"embeddable":true,"href":"https:\/\/www.mylifeineurope.nkey.it\/ro\/wp-json\/wp\/v2\/users\/6"}],"replies":[{"embeddable":true,"href":"https:\/\/www.mylifeineurope.nkey.it\/ro\/wp-json\/wp\/v2\/comments?post=4416"}],"version-history":[{"count":14,"href":"https:\/\/www.mylifeineurope.nkey.it\/ro\/wp-json\/wp\/v2\/pages\/4416\/revisions"}],"predecessor-version":[{"id":4490,"href":"https:\/\/www.mylifeineurope.nkey.it\/ro\/wp-json\/wp\/v2\/pages\/4416\/revisions\/4490"}],"wp:attachment":[{"href":"https:\/\/www.mylifeineurope.nkey.it\/ro\/wp-json\/wp\/v2\/media?parent=4416"}],"curies":[{"name":"wp","href":"https:\/\/api.w.org\/{rel}","templated":true}]}}