{"id":3755,"date":"2021-04-01T10:46:31","date_gmt":"2021-04-01T10:46:31","guid":{"rendered":"https:\/\/mylifeineurope.nkey.it\/manuale\/"},"modified":"2023-05-19T09:54:56","modified_gmt":"2023-05-19T09:54:56","slug":"manualul","status":"publish","type":"page","link":"https:\/\/www.mylifeineurope.nkey.it\/ro\/manualul\/","title":{"rendered":"MANUALUL"},"content":{"rendered":"<p>[vc_row full_width=&#8221;stretch_row_content_no_spaces&#8221;][vc_column]\t\n\t\t<section class=\"page-title text-center\" style=\"background-image: url(https:\/\/www.mylifeineurope.nkey.it\/wp-content\/uploads\/2021\/04\/slide-manuale.jpg);\">\n\t\t\t<div class=\"container relative clearfix\">\n\t\t\t\t<div class=\"title-holder\">\n\t\t\t\t\t<div class=\"title-text\">\n\t\t\t\t\t\t<h1 class=\"uppercase entry-title titolo-nero\">MANUALUL<\/h1>\n\t\t\t\t\t\t\t\t\t\t\t<\/div>\n\t\t\t\t<\/div>\n\t\t\t<\/div>\n\t\t<\/section><!-- end page title -->\n\t\t\n\t[\/vc_column][\/vc_row][vc_section][vc_row equal_height=&#8221;yes&#8221;][vc_column][vc_custom_heading text=&#8221;MANUALUL&#8221; font_container=&#8221;tag:h3|text_align:left|color:%23424242&#8243; use_theme_fonts=&#8221;yes&#8221;][vc_empty_space][\/vc_column][vc_column width=&#8221;5\/12&#8243;][vc_column_text el_class=&#8221;text-just&#8221;]<span lang=\"ro-RO\">Proiectul prevede de asemenea implementarea unui manual pentru traineri, numit \u201eExperien\u021ba autobiografic\u0103: Manualul\u201d, care va permite crearea de cursuri cu caracter repetitiv.<\/span><\/p>\n<p><span lang=\"ro-RO\">Va fi un manual dedicat structurilor \u0219i asocia\u021bilor care ofer\u0103 asisten\u021b\u0103 pentru v\u00e2rstnici la diferite niveluri, de la c\u0103mine de b\u0103tr\u00e2ni la centre de asisten\u021b\u0103 pentru pacien\u021bi cu Alzheimer \u0219i demen\u021b\u0103, centre recreative sau azile pentru v\u00e2rstnici non-autosuficien\u021bi. Ideea implement\u0103rii unui altui produs intelectual, \u00een completarea jocului, vine din faptul c\u0103 realizarea jocului IO1 ar fi necesitat nu doar foarte mult\u0103 cercetare, dar \u0219i formare a personalului angajat \u00een structurile dispuse p\u00e2n\u0103 acum s\u0103 colaboreze \u00een faza de testare, denumit\u0103 Pasul 3. Toat\u0103 munca desf\u0103\u0219urat\u0103 ar fi pierdut\u0103 dac\u0103 nu o dedicam unui proiect mai <\/span><span lang=\"ro-RO\">amplu.<\/span>[\/vc_column_text][\/vc_column][vc_column width=&#8221;1\/6&#8243;][vc_single_image image=&#8221;3760&#8243; alignment=&#8221;center&#8221;][\/vc_column][vc_column width=&#8221;5\/12&#8243;][vc_column_text el_class=&#8221;text-just&#8221;]<span lang=\"ro-RO\">A\u0219a s-a n\u0103scut ideea de a investi tot acest efort \u00een crearea unui manual capabil s\u0103 stimuleze nu doar formarea individual\u0103, ci mai ales investirea unor traineri cu capacitatea de a sus\u021bine mai departe cursuri de formare, asigur\u00e2nd astfel efectul de multiplicare a\u0219teptat din partea unui produs intelectual finan\u021bat de Comunitatea European\u0103.<\/span><\/p>\n<p><span lang=\"ro-RO\">Manualul pentru traineri va con\u021bine toate instruc\u021biunile pentru a desf\u0103\u0219ura un curs de formare dedicat \u00eencorpor\u0103rii scrierii autobiografice \u00een activit\u0103\u021bi terapeutice \u0219i recreative, dedicate v\u00e2rstnicilor cu diverse patologii. \u00cen func\u021bie de specificul structurii \u00een care aceast\u0103 activitate va fi implementat\u0103, metodologiile vor fi \u00eemp\u0103r\u021bite pe capitole dedicate, subliniind beneficiile \u0219i indicii de m\u0103surare pentru fiecare caz.<\/span>[\/vc_column_text][\/vc_column][\/vc_row][vc_row equal_height=&#8221;yes&#8221;][vc_column][vc_custom_heading text=&#8221;ANGAJAMENTUL PARTENERILOR&#8221; font_container=&#8221;tag:h3|text_align:left|color:%23424242&#8243; use_theme_fonts=&#8221;yes&#8221;][vc_empty_space][\/vc_column][vc_column width=&#8221;2\/3&#8243;][vc_row_inner][vc_column_inner width=&#8221;1\/2&#8243;][vc_column_text el_class=&#8221;text-just&#8221;]<span lang=\"ro-RO\">Cercetarea \u0219i redactarea manualului sunt coordonate de partenerul polonez <strong>CEBS<\/strong>, \u00een cadrul c\u0103ruia activeaz\u0103 o echip\u0103 de cercet\u0103tori specializa\u021bi \u00een educa\u021bie \u0219i metodologie de la Universitatea din Wroc\u0142awed, Academia de Pedagogie Special\u0103 din Var\u0219ovia.<\/span><\/p>\n<p><span lang=\"ro-RO\">Analiza nevoilor a fost \u00eemp\u0103rt\u0103\u0219it\u0103 de <strong>Nkey<\/strong>, partener candidat, \u0219i de <strong>LUA<\/strong>, \u00eempreun\u0103 cu care am elaborat \u0219i redactat acest proiect.<\/span>[\/vc_column_text][\/vc_column_inner][vc_column_inner width=&#8221;1\/2&#8243;][vc_column_text el_class=&#8221;text-just&#8221;]<span lang=\"ro-RO\"><strong>LUA<\/strong> au o experien\u021b\u0103 de peste 20 de ani \u00een ceea ce prive\u0219te cultura memoriei \u0219i crearea de cursuri de formare pentru personalul specializat \u00een implementarea scrierii autobiografice la diferite niveluri, \u0219i sunt convin\u0219i c\u0103 un instrument digital inovator precum aceast\u0103 aplica\u021bie web va l\u0103rgi perspectivele \u00een domeniu, lucru sus\u021binut timp de ani de zile, \u00een domeniul form\u0103rii.<\/span>[\/vc_column_text][\/vc_column_inner][vc_column_inner][vc_single_image image=&#8221;3761&#8243; img_size=&#8221;full&#8221;][\/vc_column_inner][\/vc_row_inner][\/vc_column][vc_column width=&#8221;1\/3&#8243;][vc_column_text el_class=&#8221;text-just&#8221;]<span lang=\"ro-RO\">O alt\u0103 contribu\u021bie important\u0103 la IO2 vine odat\u0103 cu experien\u021ba vast\u0103 pe care <strong>ASPHI <\/strong>au ob\u021binut-o de-a lungul anilor \u00een domeniul organiz\u0103rii de cursuri de formare pentru lucr\u0103tori sociali \u0219i medicali, cu scopul introducerii a noi instrumente \u0219i metodologii \u00een centrele de \u00eengrijire pentru v\u00e2rstnici sau adul\u021bi cu dizabilit\u0103\u021bi, lucr\u00e2nd cu peste 400 de operatori numai \u00een ultimele edi\u021bii. Prima cerin\u021b\u0103 este, de altfel, permiterea unui num\u0103r c\u00e2t mai mare de pacien\u021bi\/vizitatori s\u0103 acceseze beneficiile universal acceptate ale instrumentului. Manualul pentru traineri este, a\u0219adar, unealta capabil\u0103 s\u0103 disemineze importan\u021ba jocului \u0219i al metodei autobiografice, c\u00e2t mai mult posibil.<\/span>[\/vc_column_text][vc_raw_html]JTNDYSUyMGhyZWYlM0QlMjJodHRwcyUzQSUyRiUyRnd3dy5teWxpZmVpbmV1cm9wZS5ua2V5Lml0JTJGd3AtY29udGVudCUyRnVwbG9hZHMlMkYyMDIzJTJGMDUlMkZNeUxpZmVST18xOTA1MjMtMS5wZGYlMjIlM0UlM0NzcGFuJTNFREVTQyVDNCU4MlJDQSVDOCU5QUklMjBNQU5VQUxVTCUyMFBFTlRSVSUyMElOU1RSVUNUT1JJJTNDJTJGc3BhbiUzRSUzQyUyRmElM0U=[\/vc_raw_html][\/vc_column][\/vc_row][\/vc_section][vc_section full_width=&#8221;stretch_row&#8221; css=&#8221;.vc_custom_1616759458908{background-color: #f7f7f7 !important;}&#8221;][vc_row][vc_column][vc_custom_heading text=&#8221;FOLLOW US&#8221; font_container=&#8221;tag:h2|text_align:center|color:%233d3d3d&#8221; use_theme_fonts=&#8221;yes&#8221;][vc_empty_space height=&#8221;22px&#8221;][vc_raw_html]JTNDcCUyMHN0eWxlJTNEJTIydGV4dC1hbGlnbiUzQWNlbnRlciUzQiUyMiUzRUR1cmluZyUyMHRoZSUyMHByb2plY3QlMjB5b3UlMjB3aWxsJTIwYmUlMjBhYmxlJTIwdG8lMjBmb2xsb3clMjBhbGwlMjB0aGUlMjBwaGFzZXMlMjBvZiUyMHRoZSUyMHdvcmslMjBpbiUyMHRoaXMlMjBzZWN0aW9uJTNDJTJGcCUzRQ==[\/vc_raw_html][vc_empty_space height=&#8221;22px&#8221;][vc_separator color=&#8221;custom&#8221; border_width=&#8221;5&#8243; el_width=&#8221;10&#8243; accent_color=&#8221;#dd3333&#8243;][vc_empty_space height=&#8221;42px&#8221;][vc_basic_grid post_type=&#8221;post&#8221; max_items=&#8221;3&#8243; item=&#8221;2537&#8243; grid_id=&#8221;vc_gid:1684490083125-11137afa-ade3-2&#8243;][vc_raw_html]JTNDZGl2JTIwY2xhc3MlM0QlMjJjdGEtYnV0dG9ucyUyMG10LTMwJTIyJTIwc3R5bGUlM0QlMjJ0ZXh0LWFsaWduJTNBJTIwY2VudGVyJTNCJTIyJTNFJTNDYSUyMGNsYXNzJTNEJTIyYnRuJTIwYnRuLWxnJTIwYnRuLWNvbG9yJTIyJTIwaHJlZiUzRCUyMiUyRnJvJTJGc3RlcHMlMkYlMjIlM0UlM0NzcGFuJTNFU1RFUFMlM0MlMkZzcGFuJTNFJTNDJTJGYSUzRSUzQyUyRmRpdiUzRQ==[\/vc_raw_html][\/vc_column][\/vc_row][\/vc_section]<\/p>\n<div class=\"clearfix\"><\/div>","protected":false},"excerpt":{"rendered":"<p>[vc_row full_width=&#8221;stretch_row_content_no_spaces&#8221;][vc_column][\/vc_column][\/vc_row][vc_section][vc_row equal_height=&#8221;yes&#8221;][vc_column][vc_custom_heading text=&#8221;MANUALUL&#8221; font_container=&#8221;tag:h3|text_align:left|color:%23424242&#8243; use_theme_fonts=&#8221;yes&#8221;][vc_empty_space][\/vc_column][vc_column width=&#8221;5\/12&#8243;][vc_column_text el_class=&#8221;text-just&#8221;]Proiectul prevede de asemenea implementarea unui manual pentru traineri, numit \u201eExperien\u021ba autobiografic\u0103: Manualul\u201d, care va permite crearea de cursuri cu caracter repetitiv. Va fi un manual dedicat structurilor \u0219i asocia\u021bilor care ofer\u0103 asisten\u021b\u0103 pentru v\u00e2rstnici la diferite niveluri,&#8230;<\/p>\n","protected":false},"author":5,"featured_media":3757,"parent":0,"menu_order":0,"comment_status":"closed","ping_status":"closed","template":"","meta":[],"acf":[],"yoast_head":"<!-- This site is optimized with the Yoast SEO plugin v18.7 - https:\/\/yoast.com\/wordpress\/plugins\/seo\/ -->\n<title>MANUALUL - MY LIFE in EUROPE<\/title>\n<meta name=\"robots\" content=\"index, follow, max-snippet:-1, max-image-preview:large, max-video-preview:-1\" \/>\n<link rel=\"canonical\" href=\"https:\/\/www.mylifeineurope.nkey.it\/ro\/manualul\/\" \/>\n<meta property=\"og:locale\" content=\"ro_RO\" \/>\n<meta property=\"og:type\" content=\"article\" \/>\n<meta property=\"og:title\" content=\"MANUALUL - MY LIFE in EUROPE\" \/>\n<meta property=\"og:description\" content=\"[vc_row full_width=&#8221;stretch_row_content_no_spaces&#8221;][vc_column][\/vc_column][\/vc_row][vc_section][vc_row equal_height=&#8221;yes&#8221;][vc_column][vc_custom_heading text=&#8221;MANUALUL&#8221; font_container=&#8221;tag:h3|text_align:left|color:%23424242&#8243; use_theme_fonts=&#8221;yes&#8221;][vc_empty_space][\/vc_column][vc_column width=&#8221;5\/12&#8243;][vc_column_text el_class=&#8221;text-just&#8221;]Proiectul prevede de asemenea implementarea unui manual pentru traineri, numit \u201eExperien\u021ba autobiografic\u0103: Manualul\u201d, care va permite crearea de cursuri cu caracter repetitiv. Va fi un manual dedicat structurilor \u0219i asocia\u021bilor care ofer\u0103 asisten\u021b\u0103 pentru v\u00e2rstnici la diferite niveluri,...\" \/>\n<meta property=\"og:url\" content=\"https:\/\/www.mylifeineurope.nkey.it\/ro\/manualul\/\" \/>\n<meta property=\"og:site_name\" content=\"MY LIFE in EUROPE\" \/>\n<meta property=\"article:modified_time\" content=\"2023-05-19T09:54:56+00:00\" \/>\n<meta property=\"og:image\" content=\"https:\/\/www.mylifeineurope.nkey.it\/wp-content\/uploads\/2021\/04\/slide-manuale.jpg\" \/>\n\t<meta property=\"og:image:width\" content=\"2000\" \/>\n\t<meta property=\"og:image:height\" content=\"576\" \/>\n\t<meta property=\"og:image:type\" content=\"image\/jpeg\" \/>\n<meta name=\"twitter:card\" content=\"summary_large_image\" \/>\n<meta name=\"twitter:label1\" content=\"Timp estimat pentru citire\" \/>\n\t<meta name=\"twitter:data1\" content=\"3 minute\" \/>\n<script type=\"application\/ld+json\" class=\"yoast-schema-graph\">{\"@context\":\"https:\/\/schema.org\",\"@graph\":[{\"@type\":\"WebSite\",\"@id\":\"https:\/\/www.mylifeineurope.nkey.it\/#website\",\"url\":\"https:\/\/www.mylifeineurope.nkey.it\/\",\"name\":\"MY LIFE in EUROPE\",\"description\":\"a new Methodology to insert Your LIFE biography IN the EUROPE context\",\"potentialAction\":[{\"@type\":\"SearchAction\",\"target\":{\"@type\":\"EntryPoint\",\"urlTemplate\":\"https:\/\/www.mylifeineurope.nkey.it\/?s={search_term_string}\"},\"query-input\":\"required name=search_term_string\"}],\"inLanguage\":\"ro-RO\"},{\"@type\":\"ImageObject\",\"inLanguage\":\"ro-RO\",\"@id\":\"https:\/\/www.mylifeineurope.nkey.it\/ro\/manualul\/#primaryimage\",\"url\":\"https:\/\/www.mylifeineurope.nkey.it\/wp-content\/uploads\/2021\/04\/slide-manuale.jpg\",\"contentUrl\":\"https:\/\/www.mylifeineurope.nkey.it\/wp-content\/uploads\/2021\/04\/slide-manuale.jpg\",\"width\":2000,\"height\":576},{\"@type\":\"WebPage\",\"@id\":\"https:\/\/www.mylifeineurope.nkey.it\/ro\/manualul\/#webpage\",\"url\":\"https:\/\/www.mylifeineurope.nkey.it\/ro\/manualul\/\",\"name\":\"MANUALUL - MY LIFE in EUROPE\",\"isPartOf\":{\"@id\":\"https:\/\/www.mylifeineurope.nkey.it\/#website\"},\"primaryImageOfPage\":{\"@id\":\"https:\/\/www.mylifeineurope.nkey.it\/ro\/manualul\/#primaryimage\"},\"datePublished\":\"2021-04-01T10:46:31+00:00\",\"dateModified\":\"2023-05-19T09:54:56+00:00\",\"breadcrumb\":{\"@id\":\"https:\/\/www.mylifeineurope.nkey.it\/ro\/manualul\/#breadcrumb\"},\"inLanguage\":\"ro-RO\",\"potentialAction\":[{\"@type\":\"ReadAction\",\"target\":[\"https:\/\/www.mylifeineurope.nkey.it\/ro\/manualul\/\"]}]},{\"@type\":\"BreadcrumbList\",\"@id\":\"https:\/\/www.mylifeineurope.nkey.it\/ro\/manualul\/#breadcrumb\",\"itemListElement\":[{\"@type\":\"ListItem\",\"position\":1,\"name\":\"Home\",\"item\":\"https:\/\/www.mylifeineurope.nkey.it\/ro\/\"},{\"@type\":\"ListItem\",\"position\":2,\"name\":\"MANUALUL\"}]}]}<\/script>\n<!-- \/ Yoast SEO plugin. -->","yoast_head_json":{"title":"MANUALUL - MY LIFE in EUROPE","robots":{"index":"index","follow":"follow","max-snippet":"max-snippet:-1","max-image-preview":"max-image-preview:large","max-video-preview":"max-video-preview:-1"},"canonical":"https:\/\/www.mylifeineurope.nkey.it\/ro\/manualul\/","og_locale":"ro_RO","og_type":"article","og_title":"MANUALUL - MY LIFE in EUROPE","og_description":"[vc_row full_width=&#8221;stretch_row_content_no_spaces&#8221;][vc_column][\/vc_column][\/vc_row][vc_section][vc_row equal_height=&#8221;yes&#8221;][vc_column][vc_custom_heading text=&#8221;MANUALUL&#8221; font_container=&#8221;tag:h3|text_align:left|color:%23424242&#8243; use_theme_fonts=&#8221;yes&#8221;][vc_empty_space][\/vc_column][vc_column width=&#8221;5\/12&#8243;][vc_column_text el_class=&#8221;text-just&#8221;]Proiectul prevede de asemenea implementarea unui manual pentru traineri, numit \u201eExperien\u021ba autobiografic\u0103: Manualul\u201d, care va permite crearea de cursuri cu caracter repetitiv. Va fi un manual dedicat structurilor \u0219i asocia\u021bilor care ofer\u0103 asisten\u021b\u0103 pentru v\u00e2rstnici la diferite niveluri,...","og_url":"https:\/\/www.mylifeineurope.nkey.it\/ro\/manualul\/","og_site_name":"MY LIFE in EUROPE","article_modified_time":"2023-05-19T09:54:56+00:00","og_image":[{"width":2000,"height":576,"url":"https:\/\/www.mylifeineurope.nkey.it\/wp-content\/uploads\/2021\/04\/slide-manuale.jpg","type":"image\/jpeg"}],"twitter_card":"summary_large_image","twitter_misc":{"Timp estimat pentru citire":"3 minute"},"schema":{"@context":"https:\/\/schema.org","@graph":[{"@type":"WebSite","@id":"https:\/\/www.mylifeineurope.nkey.it\/#website","url":"https:\/\/www.mylifeineurope.nkey.it\/","name":"MY LIFE in EUROPE","description":"a new Methodology to insert Your LIFE biography IN the EUROPE context","potentialAction":[{"@type":"SearchAction","target":{"@type":"EntryPoint","urlTemplate":"https:\/\/www.mylifeineurope.nkey.it\/?s={search_term_string}"},"query-input":"required name=search_term_string"}],"inLanguage":"ro-RO"},{"@type":"ImageObject","inLanguage":"ro-RO","@id":"https:\/\/www.mylifeineurope.nkey.it\/ro\/manualul\/#primaryimage","url":"https:\/\/www.mylifeineurope.nkey.it\/wp-content\/uploads\/2021\/04\/slide-manuale.jpg","contentUrl":"https:\/\/www.mylifeineurope.nkey.it\/wp-content\/uploads\/2021\/04\/slide-manuale.jpg","width":2000,"height":576},{"@type":"WebPage","@id":"https:\/\/www.mylifeineurope.nkey.it\/ro\/manualul\/#webpage","url":"https:\/\/www.mylifeineurope.nkey.it\/ro\/manualul\/","name":"MANUALUL - MY LIFE in EUROPE","isPartOf":{"@id":"https:\/\/www.mylifeineurope.nkey.it\/#website"},"primaryImageOfPage":{"@id":"https:\/\/www.mylifeineurope.nkey.it\/ro\/manualul\/#primaryimage"},"datePublished":"2021-04-01T10:46:31+00:00","dateModified":"2023-05-19T09:54:56+00:00","breadcrumb":{"@id":"https:\/\/www.mylifeineurope.nkey.it\/ro\/manualul\/#breadcrumb"},"inLanguage":"ro-RO","potentialAction":[{"@type":"ReadAction","target":["https:\/\/www.mylifeineurope.nkey.it\/ro\/manualul\/"]}]},{"@type":"BreadcrumbList","@id":"https:\/\/www.mylifeineurope.nkey.it\/ro\/manualul\/#breadcrumb","itemListElement":[{"@type":"ListItem","position":1,"name":"Home","item":"https:\/\/www.mylifeineurope.nkey.it\/ro\/"},{"@type":"ListItem","position":2,"name":"MANUALUL"}]}]}},"_links":{"self":[{"href":"https:\/\/www.mylifeineurope.nkey.it\/ro\/wp-json\/wp\/v2\/pages\/3755"}],"collection":[{"href":"https:\/\/www.mylifeineurope.nkey.it\/ro\/wp-json\/wp\/v2\/pages"}],"about":[{"href":"https:\/\/www.mylifeineurope.nkey.it\/ro\/wp-json\/wp\/v2\/types\/page"}],"author":[{"embeddable":true,"href":"https:\/\/www.mylifeineurope.nkey.it\/ro\/wp-json\/wp\/v2\/users\/5"}],"replies":[{"embeddable":true,"href":"https:\/\/www.mylifeineurope.nkey.it\/ro\/wp-json\/wp\/v2\/comments?post=3755"}],"version-history":[{"count":11,"href":"https:\/\/www.mylifeineurope.nkey.it\/ro\/wp-json\/wp\/v2\/pages\/3755\/revisions"}],"predecessor-version":[{"id":10749,"href":"https:\/\/www.mylifeineurope.nkey.it\/ro\/wp-json\/wp\/v2\/pages\/3755\/revisions\/10749"}],"wp:featuredmedia":[{"embeddable":true,"href":"https:\/\/www.mylifeineurope.nkey.it\/ro\/wp-json\/wp\/v2\/media\/3757"}],"wp:attachment":[{"href":"https:\/\/www.mylifeineurope.nkey.it\/ro\/wp-json\/wp\/v2\/media?parent=3755"}],"curies":[{"name":"wp","href":"https:\/\/api.w.org\/{rel}","templated":true}]}}