{"id":3744,"date":"2021-04-13T09:45:40","date_gmt":"2021-04-13T09:45:40","guid":{"rendered":"https:\/\/mylifeineurope.nkey.it\/gioco\/"},"modified":"2023-04-14T10:41:46","modified_gmt":"2023-04-14T10:41:46","slug":"jocul","status":"publish","type":"page","link":"https:\/\/www.mylifeineurope.nkey.it\/ro\/jocul\/","title":{"rendered":"JOCUL"},"content":{"rendered":"<p>[vc_row full_width=&#8221;stretch_row_content_no_spaces&#8221;][vc_column]\t\n\t\t<section class=\"page-title text-center\" style=\"background-image: url(https:\/\/www.mylifeineurope.nkey.it\/wp-content\/uploads\/2021\/04\/slide-gioco-1.jpg);\">\n\t\t\t<div class=\"container relative clearfix\">\n\t\t\t\t<div class=\"title-holder\">\n\t\t\t\t\t<div class=\"title-text\">\n\t\t\t\t\t\t<h1 class=\"uppercase entry-title titolo-nero\">JOCUL<\/h1>\n\t\t\t\t\t\t\t\t\t\t\t<\/div>\n\t\t\t\t<\/div>\n\t\t\t<\/div>\n\t\t<\/section><!-- end page title -->\n\t\t\n\t[\/vc_column][\/vc_row][vc_section][vc_row equal_height=&#8221;yes&#8221;][vc_column][vc_custom_heading text=&#8221;JOCUL&#8221; font_container=&#8221;tag:h3|text_align:left|color:%23424242&#8243; use_theme_fonts=&#8221;yes&#8221;][vc_empty_space][\/vc_column][vc_column width=&#8221;5\/12&#8243;][vc_column_text el_class=&#8221;text-just&#8221;]<span lang=\"ro-RO\">Jocul poate fi pus \u00een categoria a\u0219a ziselor \u201ejocuri serioase\u201d sau a jocurilor digitale de ultim\u0103 genera\u021bie create cu scop educa\u021bional \u00een contextul educa\u021biei adul\u021bilor \u0219i, mai precis, al Educa\u021biei prin ac\u021biune. Este o aplica\u021bie web, care poate fi desc\u0103rcat\u0103 \u0219i utilizat\u0103 offline pe smartphone sau calculator, prin intermediul c\u0103reia orice educator poate folosi tehnici de scriere autobiografic\u0103 \u00eentr-o manier\u0103 facil\u0103 \u0219i distractiv\u0103, ca un mijloc \u00een programe terapeutice, de reabilitare sau recreative. Trebuie subliniat faptul c\u0103 \u00een domeniul autobiografiei, activitatea de joac\u0103 este un mijloc spre crearea de pove\u0219ti, prin activit\u0103\u021bi educative \u201eludo-biografice\u201d (Staccioli, 2010)<\/span><\/p>\n<p><span lang=\"ro-RO\">Grupul \u021bint\u0103 identificat este alc\u0103tuit din cei peste v\u00e2rsta de 60 de ani, tocmai datorit\u0103 specificului autobiografic al produsului intelectual, pentru a fi inspirat dintr-o via\u021b\u0103 bogat\u0103 \u00een experien\u021b\u0103. Cu at\u00e2t mai interesant\u0103 va fi utilizarea acestui instrument \u00een cazul pacien\u021bilor cu Alzheimer sau demen\u021b\u0103 senil\u0103, dup\u0103 cum poate avea un aport \u00een diagnosticul\/tratamentul terapeutic \u0219i poate fi util pentru a men\u021bine capacitatea rezidual\u0103.<\/span>[\/vc_column_text][\/vc_column][vc_column width=&#8221;1\/6&#8243;][vc_single_image image=&#8221;3750&#8243; alignment=&#8221;center&#8221;][\/vc_column][vc_column width=&#8221;5\/12&#8243;][vc_column_text el_class=&#8221;text-just&#8221;]<span lang=\"ro-RO\">Jocul este creat \u00een a\u0219a fel \u00eenc\u00e2t poate fi utilizat at\u00e2t individual c\u00e2t \u0219i \u00een grup, f\u0103r\u0103 a limita num\u0103rul de participan\u021bi: \u201ejuc\u0103torii\u201d vor primi numero\u0219i stimuli emo\u021bionali, sub form\u0103 de imagini, sunet sau mirosuri, care se vor transforma \u00een \u201epove\u0219ti\u201d. Sub coordonarea operatorului, fiecare stimul poate fi \u201espus\u201d grupului cu scopul de a crea empatie \u0219i a \u00eemp\u0103rt\u0103\u0219i experien\u021be. Fiecare fragment scris sau \u00eenregistrat va fi apoi plasat de sistem \u00een ordine cronologic\u0103 \u0219i va deveni o parte important\u0103 a pove\u0219tii, o autobiografie, care poate fi ulterior desc\u0103rcat\u0103 \u00een format PDF. Proiectul include dezvoltarea unei versiuni accesibile celor cu deficien\u021be de vedere, care permite ca stimulii s\u0103 fie asculta\u021bi de juc\u0103tori, iar povestea lor \u00eenregistrat\u0103, precum \u0219i pentru cei cu deficit de auz, \u00een care sunetele vor fi \u00eenlocuite de imagini.<\/span>[\/vc_column_text][vc_raw_html]JTNDZGl2JTIwY2xhc3MlM0QlMjJ3cGJfd3JhcHBlciUyMiUzRSUwQSUwOSUwOSUwOSUzQ2ElMjBocmVmJTNEJTIyaHR0cHMlM0ElMkYlMkZteWxpZmVpbmV1cm9wZS5ua2V5Lml0JTJGd3AtY29udGVudCUyRnVwbG9hZHMlMkYyMDIyJTJGMTElMkZNeS1MSUZFLVRoZS1HYW1lLXVzZXItR3VpZGVfUk8ucGRmJTIyJTNFJTNDc3BhbiUzRURFU0NBUkMlQzQlODIlMjBHSElEVUwlMjBSQVBJRCUzQyUyRnNwYW4lM0UlM0MlMkZhJTNFJTBBJTA5JTA5JTNDJTJGZGl2JTNF[\/vc_raw_html][vc_raw_html]JTNDZGl2JTIwY2xhc3MlM0QlMjJ3cGJfd3JhcHBlciUyMiUzRSUwQSUwOSUwOSUwOSUzQ2ElMjBjbGFzcyUzRCUyMmJ0biUyMGJ0bi1sZyUyMGJ0bi1jb2xvciUyMiUyMGhyZWYlM0QlMjJodHRwcyUzQSUyRiUyRm15bGlmZXRoZWdhbWUubmtleS5pdCUyRiUyMiUzRSUzQ3NwYW4lM0VhJTIwanVjYSUyMGFjZXN0JTIwam9jJTNDJTJGc3BhbiUzRSUzQyUyRmElM0UlMEElMDklMDklM0MlMkZkaXYlM0U=[\/vc_raw_html][vc_raw_html]JTNDZGl2JTIwY2xhc3MlM0QlMjJ3cGJfd3JhcHBlciUyMiUzRSUwQSUzQ2g1JTNFU0FVJTNDJTJGaDUlM0UlMEElMDklMDklMDklM0NhJTIwY2xhc3MlM0QlMjJidG4lMjBidG4tbGclMjBidG4tY29sb3IlMjIlMjBocmVmJTNEJTIyJTJGcm8lMkZwYXBlcmtpdCUyMiUzRSUzQ3NwYW4lM0VERVNDQVJDJUM0JTgyJTIwS0lUVUwlMjBERSUyMEglQzMlODJSVElFJTNDJTJGc3BhbiUzRSUzQyUyRmElM0UlMEElMDklMDklM0MlMkZkaXYlM0U=[\/vc_raw_html][vc_raw_html]JTNDZGl2JTIwY2xhc3MlM0QlMjJ3cGJfd3JhcHBlciUyMiUzRSUwQSUwOSUwOSUwOSUzQ2ElMjBocmVmJTNEJTIyaHR0cHMlM0ElMkYlMkZ3d3cubXlsaWZlaW5ldXJvcGUubmtleS5pdCUyRndwLWNvbnRlbnQlMkZ1cGxvYWRzJTJGMjAyMyUyRjAxJTJGTVlMSUZFX01ldGhvZG9sb2dpY2FsTWFudWFsX1JPLnBkZiUyMiUzRSUzQ3NwYW4lM0VERVNDJUM0JTgyUkNBJUM4JTlBSSUyME1BTlVBTFVMJTIwUEVOVFJVJTIwSU5TVFJVQ1RPUkklM0MlMkZzcGFuJTNFJTNDJTJGYSUzRSUwQSUwOSUwOSUzQyUyRmRpdiUzRQ==[\/vc_raw_html][\/vc_column][vc_column][vc_single_image image=&#8221;3749&#8243; img_size=&#8221;full&#8221;][\/vc_column][\/vc_row][\/vc_section][vc_section full_width=&#8221;stretch_row&#8221; css=&#8221;.vc_custom_1616759458908{background-color: #f7f7f7 !important;}&#8221;][vc_row][vc_column][vc_custom_heading text=&#8221;FOLLOW US&#8221; font_container=&#8221;tag:h2|text_align:center|color:%233d3d3d&#8221; use_theme_fonts=&#8221;yes&#8221;][vc_empty_space height=&#8221;22px&#8221;][vc_raw_html]JTNDcCUyMHN0eWxlJTNEJTIydGV4dC1hbGlnbiUzQWNlbnRlciUzQiUyMiUzRUR1cmluZyUyMHRoZSUyMHByb2plY3QlMjB5b3UlMjB3aWxsJTIwYmUlMjBhYmxlJTIwdG8lMjBmb2xsb3clMjBhbGwlMjB0aGUlMjBwaGFzZXMlMjBvZiUyMHRoZSUyMHdvcmslMjBpbiUyMHRoaXMlMjBzZWN0aW9uJTNDJTJGcCUzRQ==[\/vc_raw_html][vc_empty_space height=&#8221;22px&#8221;][vc_separator color=&#8221;custom&#8221; border_width=&#8221;5&#8243; el_width=&#8221;10&#8243; accent_color=&#8221;#dd3333&#8243;][vc_empty_space height=&#8221;42px&#8221;][vc_basic_grid post_type=&#8221;post&#8221; max_items=&#8221;3&#8243; item=&#8221;2537&#8243; grid_id=&#8221;vc_gid:1681468806541-a0d73a85-7d25-7&#8243;][vc_raw_html]JTNDZGl2JTIwY2xhc3MlM0QlMjJjdGEtYnV0dG9ucyUyMG10LTMwJTIyJTIwc3R5bGUlM0QlMjJ0ZXh0LWFsaWduJTNBJTIwY2VudGVyJTNCJTIyJTNFJTNDYSUyMGNsYXNzJTNEJTIyYnRuJTIwYnRuLWxnJTIwYnRuLWNvbG9yJTIyJTIwaHJlZiUzRCUyMiUyRnJvJTJGc3RlcHMlMkYlMjIlM0UlM0NzcGFuJTNFU1RFUFMlM0MlMkZzcGFuJTNFJTNDJTJGYSUzRSUzQyUyRmRpdiUzRQ==[\/vc_raw_html][\/vc_column][\/vc_row][\/vc_section]<\/p>\n<div class=\"clearfix\"><\/div>","protected":false},"excerpt":{"rendered":"<p>[vc_row full_width=&#8221;stretch_row_content_no_spaces&#8221;][vc_column][\/vc_column][\/vc_row][vc_section][vc_row equal_height=&#8221;yes&#8221;][vc_column][vc_custom_heading text=&#8221;JOCUL&#8221; font_container=&#8221;tag:h3|text_align:left|color:%23424242&#8243; use_theme_fonts=&#8221;yes&#8221;][vc_empty_space][\/vc_column][vc_column width=&#8221;5\/12&#8243;][vc_column_text el_class=&#8221;text-just&#8221;]Jocul poate fi pus \u00een categoria a\u0219a ziselor \u201ejocuri serioase\u201d sau a jocurilor digitale de ultim\u0103 genera\u021bie create cu scop educa\u021bional \u00een contextul educa\u021biei adul\u021bilor \u0219i, mai precis, al Educa\u021biei prin ac\u021biune. Este o aplica\u021bie web, care poate&#8230;<\/p>\n","protected":false},"author":5,"featured_media":3746,"parent":0,"menu_order":0,"comment_status":"closed","ping_status":"closed","template":"","meta":[],"acf":[],"yoast_head":"<!-- This site is optimized with the Yoast SEO plugin v18.7 - https:\/\/yoast.com\/wordpress\/plugins\/seo\/ -->\n<title>JOCUL - MY LIFE in EUROPE<\/title>\n<meta name=\"robots\" content=\"index, follow, max-snippet:-1, max-image-preview:large, max-video-preview:-1\" \/>\n<link rel=\"canonical\" href=\"https:\/\/www.mylifeineurope.nkey.it\/ro\/jocul\/\" \/>\n<meta property=\"og:locale\" content=\"ro_RO\" \/>\n<meta property=\"og:type\" content=\"article\" \/>\n<meta property=\"og:title\" content=\"JOCUL - MY LIFE in EUROPE\" \/>\n<meta property=\"og:description\" content=\"[vc_row full_width=&#8221;stretch_row_content_no_spaces&#8221;][vc_column][\/vc_column][\/vc_row][vc_section][vc_row equal_height=&#8221;yes&#8221;][vc_column][vc_custom_heading text=&#8221;JOCUL&#8221; font_container=&#8221;tag:h3|text_align:left|color:%23424242&#8243; use_theme_fonts=&#8221;yes&#8221;][vc_empty_space][\/vc_column][vc_column width=&#8221;5\/12&#8243;][vc_column_text el_class=&#8221;text-just&#8221;]Jocul poate fi pus \u00een categoria a\u0219a ziselor \u201ejocuri serioase\u201d sau a jocurilor digitale de ultim\u0103 genera\u021bie create cu scop educa\u021bional \u00een contextul educa\u021biei adul\u021bilor \u0219i, mai precis, al Educa\u021biei prin ac\u021biune. Este o aplica\u021bie web, care poate...\" \/>\n<meta property=\"og:url\" content=\"https:\/\/www.mylifeineurope.nkey.it\/ro\/jocul\/\" \/>\n<meta property=\"og:site_name\" content=\"MY LIFE in EUROPE\" \/>\n<meta property=\"article:modified_time\" content=\"2023-04-14T10:41:46+00:00\" \/>\n<meta property=\"og:image\" content=\"https:\/\/www.mylifeineurope.nkey.it\/wp-content\/uploads\/2021\/04\/slide-gioco-1.jpg\" \/>\n\t<meta property=\"og:image:width\" content=\"2000\" \/>\n\t<meta property=\"og:image:height\" content=\"576\" \/>\n\t<meta property=\"og:image:type\" content=\"image\/jpeg\" \/>\n<meta name=\"twitter:card\" content=\"summary_large_image\" \/>\n<meta name=\"twitter:label1\" content=\"Timp estimat pentru citire\" \/>\n\t<meta name=\"twitter:data1\" content=\"2 minute\" \/>\n<script type=\"application\/ld+json\" class=\"yoast-schema-graph\">{\"@context\":\"https:\/\/schema.org\",\"@graph\":[{\"@type\":\"WebSite\",\"@id\":\"https:\/\/www.mylifeineurope.nkey.it\/#website\",\"url\":\"https:\/\/www.mylifeineurope.nkey.it\/\",\"name\":\"MY LIFE in EUROPE\",\"description\":\"a new Methodology to insert Your LIFE biography IN the EUROPE context\",\"potentialAction\":[{\"@type\":\"SearchAction\",\"target\":{\"@type\":\"EntryPoint\",\"urlTemplate\":\"https:\/\/www.mylifeineurope.nkey.it\/?s={search_term_string}\"},\"query-input\":\"required name=search_term_string\"}],\"inLanguage\":\"ro-RO\"},{\"@type\":\"ImageObject\",\"inLanguage\":\"ro-RO\",\"@id\":\"https:\/\/www.mylifeineurope.nkey.it\/ro\/jocul\/#primaryimage\",\"url\":\"https:\/\/www.mylifeineurope.nkey.it\/wp-content\/uploads\/2021\/04\/slide-gioco-1.jpg\",\"contentUrl\":\"https:\/\/www.mylifeineurope.nkey.it\/wp-content\/uploads\/2021\/04\/slide-gioco-1.jpg\",\"width\":2000,\"height\":576},{\"@type\":\"WebPage\",\"@id\":\"https:\/\/www.mylifeineurope.nkey.it\/ro\/jocul\/#webpage\",\"url\":\"https:\/\/www.mylifeineurope.nkey.it\/ro\/jocul\/\",\"name\":\"JOCUL - MY LIFE in EUROPE\",\"isPartOf\":{\"@id\":\"https:\/\/www.mylifeineurope.nkey.it\/#website\"},\"primaryImageOfPage\":{\"@id\":\"https:\/\/www.mylifeineurope.nkey.it\/ro\/jocul\/#primaryimage\"},\"datePublished\":\"2021-04-13T09:45:40+00:00\",\"dateModified\":\"2023-04-14T10:41:46+00:00\",\"breadcrumb\":{\"@id\":\"https:\/\/www.mylifeineurope.nkey.it\/ro\/jocul\/#breadcrumb\"},\"inLanguage\":\"ro-RO\",\"potentialAction\":[{\"@type\":\"ReadAction\",\"target\":[\"https:\/\/www.mylifeineurope.nkey.it\/ro\/jocul\/\"]}]},{\"@type\":\"BreadcrumbList\",\"@id\":\"https:\/\/www.mylifeineurope.nkey.it\/ro\/jocul\/#breadcrumb\",\"itemListElement\":[{\"@type\":\"ListItem\",\"position\":1,\"name\":\"Home\",\"item\":\"https:\/\/www.mylifeineurope.nkey.it\/ro\/\"},{\"@type\":\"ListItem\",\"position\":2,\"name\":\"JOCUL\"}]}]}<\/script>\n<!-- \/ Yoast SEO plugin. -->","yoast_head_json":{"title":"JOCUL - MY LIFE in EUROPE","robots":{"index":"index","follow":"follow","max-snippet":"max-snippet:-1","max-image-preview":"max-image-preview:large","max-video-preview":"max-video-preview:-1"},"canonical":"https:\/\/www.mylifeineurope.nkey.it\/ro\/jocul\/","og_locale":"ro_RO","og_type":"article","og_title":"JOCUL - MY LIFE in EUROPE","og_description":"[vc_row full_width=&#8221;stretch_row_content_no_spaces&#8221;][vc_column][\/vc_column][\/vc_row][vc_section][vc_row equal_height=&#8221;yes&#8221;][vc_column][vc_custom_heading text=&#8221;JOCUL&#8221; font_container=&#8221;tag:h3|text_align:left|color:%23424242&#8243; use_theme_fonts=&#8221;yes&#8221;][vc_empty_space][\/vc_column][vc_column width=&#8221;5\/12&#8243;][vc_column_text el_class=&#8221;text-just&#8221;]Jocul poate fi pus \u00een categoria a\u0219a ziselor \u201ejocuri serioase\u201d sau a jocurilor digitale de ultim\u0103 genera\u021bie create cu scop educa\u021bional \u00een contextul educa\u021biei adul\u021bilor \u0219i, mai precis, al Educa\u021biei prin ac\u021biune. Este o aplica\u021bie web, care poate...","og_url":"https:\/\/www.mylifeineurope.nkey.it\/ro\/jocul\/","og_site_name":"MY LIFE in EUROPE","article_modified_time":"2023-04-14T10:41:46+00:00","og_image":[{"width":2000,"height":576,"url":"https:\/\/www.mylifeineurope.nkey.it\/wp-content\/uploads\/2021\/04\/slide-gioco-1.jpg","type":"image\/jpeg"}],"twitter_card":"summary_large_image","twitter_misc":{"Timp estimat pentru citire":"2 minute"},"schema":{"@context":"https:\/\/schema.org","@graph":[{"@type":"WebSite","@id":"https:\/\/www.mylifeineurope.nkey.it\/#website","url":"https:\/\/www.mylifeineurope.nkey.it\/","name":"MY LIFE in EUROPE","description":"a new Methodology to insert Your LIFE biography IN the EUROPE context","potentialAction":[{"@type":"SearchAction","target":{"@type":"EntryPoint","urlTemplate":"https:\/\/www.mylifeineurope.nkey.it\/?s={search_term_string}"},"query-input":"required name=search_term_string"}],"inLanguage":"ro-RO"},{"@type":"ImageObject","inLanguage":"ro-RO","@id":"https:\/\/www.mylifeineurope.nkey.it\/ro\/jocul\/#primaryimage","url":"https:\/\/www.mylifeineurope.nkey.it\/wp-content\/uploads\/2021\/04\/slide-gioco-1.jpg","contentUrl":"https:\/\/www.mylifeineurope.nkey.it\/wp-content\/uploads\/2021\/04\/slide-gioco-1.jpg","width":2000,"height":576},{"@type":"WebPage","@id":"https:\/\/www.mylifeineurope.nkey.it\/ro\/jocul\/#webpage","url":"https:\/\/www.mylifeineurope.nkey.it\/ro\/jocul\/","name":"JOCUL - MY LIFE in EUROPE","isPartOf":{"@id":"https:\/\/www.mylifeineurope.nkey.it\/#website"},"primaryImageOfPage":{"@id":"https:\/\/www.mylifeineurope.nkey.it\/ro\/jocul\/#primaryimage"},"datePublished":"2021-04-13T09:45:40+00:00","dateModified":"2023-04-14T10:41:46+00:00","breadcrumb":{"@id":"https:\/\/www.mylifeineurope.nkey.it\/ro\/jocul\/#breadcrumb"},"inLanguage":"ro-RO","potentialAction":[{"@type":"ReadAction","target":["https:\/\/www.mylifeineurope.nkey.it\/ro\/jocul\/"]}]},{"@type":"BreadcrumbList","@id":"https:\/\/www.mylifeineurope.nkey.it\/ro\/jocul\/#breadcrumb","itemListElement":[{"@type":"ListItem","position":1,"name":"Home","item":"https:\/\/www.mylifeineurope.nkey.it\/ro\/"},{"@type":"ListItem","position":2,"name":"JOCUL"}]}]}},"_links":{"self":[{"href":"https:\/\/www.mylifeineurope.nkey.it\/ro\/wp-json\/wp\/v2\/pages\/3744"}],"collection":[{"href":"https:\/\/www.mylifeineurope.nkey.it\/ro\/wp-json\/wp\/v2\/pages"}],"about":[{"href":"https:\/\/www.mylifeineurope.nkey.it\/ro\/wp-json\/wp\/v2\/types\/page"}],"author":[{"embeddable":true,"href":"https:\/\/www.mylifeineurope.nkey.it\/ro\/wp-json\/wp\/v2\/users\/5"}],"replies":[{"embeddable":true,"href":"https:\/\/www.mylifeineurope.nkey.it\/ro\/wp-json\/wp\/v2\/comments?post=3744"}],"version-history":[{"count":20,"href":"https:\/\/www.mylifeineurope.nkey.it\/ro\/wp-json\/wp\/v2\/pages\/3744\/revisions"}],"predecessor-version":[{"id":10648,"href":"https:\/\/www.mylifeineurope.nkey.it\/ro\/wp-json\/wp\/v2\/pages\/3744\/revisions\/10648"}],"wp:featuredmedia":[{"embeddable":true,"href":"https:\/\/www.mylifeineurope.nkey.it\/ro\/wp-json\/wp\/v2\/media\/3746"}],"wp:attachment":[{"href":"https:\/\/www.mylifeineurope.nkey.it\/ro\/wp-json\/wp\/v2\/media?parent=3744"}],"curies":[{"name":"wp","href":"https:\/\/api.w.org\/{rel}","templated":true}]}}