{"id":4645,"date":"2022-03-24T17:36:13","date_gmt":"2022-03-24T17:36:13","guid":{"rendered":"https:\/\/mylifeineurope.nkey.it\/?page_id=4645"},"modified":"2022-03-25T07:59:56","modified_gmt":"2022-03-25T07:59:56","slug":"recursos-educacionais","status":"publish","type":"page","link":"https:\/\/www.mylifeineurope.nkey.it\/pt-pt\/recursos-educacionais\/","title":{"rendered":"Recursos educacionais"},"content":{"rendered":"<p>[vc_row full_width=&#8221;stretch_row_content_no_spaces&#8221;][vc_column]\t\n\t\t<section class=\"page-title text-center\" style=\"background-image: url(https:\/\/www.mylifeineurope.nkey.it\/wp-content\/uploads\/2021\/04\/slide-genericaR-8.jpg);\">\n\t\t\t<div class=\"container relative clearfix\">\n\t\t\t\t<div class=\"title-holder\">\n\t\t\t\t\t<div class=\"title-text\">\n\t\t\t\t\t\t<h1 class=\"uppercase entry-title titolo-nero\">Recursos educacionais<\/h1>\n\t\t\t\t\t\t\t\t\t\t\t<\/div>\n\t\t\t\t<\/div>\n\t\t\t<\/div>\n\t\t<\/section><!-- end page title -->\n\t\t\n\t[vc_empty_space height=&#8221;64px&#8221;][\/vc_column][\/vc_row][vc_row][vc_column][vc_column_text]<\/p>\n<h4>Aqui voc\u00ea encontra alguns documentos educacionais produzidos durante os LTTs.<br \/>\nSinta-se \u00e0 vontade para baix\u00e1-los, l\u00ea-los e us\u00e1-los em suas atividades.<\/h4>\n<p>[\/vc_column_text][\/vc_column][\/vc_row][vc_row][vc_column][vc_column_text]February 2022. Bologna LTT<\/p>\n<ul>\n<li><a href=\"https:\/\/mylifeineurope.nkey.it\/wp-content\/uploads\/2022\/02\/MY.LIFE.The.Game.and.The.Role.of.the.Master.pdf\"><strong>The Game and The Role of The Master<\/strong><\/a> by Grazia Chiarini and Sara Calcini (Lua)<\/li>\n<li><a href=\"https:\/\/mylifeineurope.nkey.it\/wp-content\/uploads\/2022\/02\/MY.LIFE.The.Project.The.Memory.The.Serious.Game.pdf\"><strong>The Project, Memory and Serious G<\/strong><strong>a<\/strong><strong>mes<\/strong><\/a> by Grazia Chiarini and Sara Calcini (Lua)<\/li>\n<li><a href=\"https:\/\/mylifeineurope.nkey.it\/wp-content\/uploads\/2022\/02\/MY.LIFE.The.Game.The.Manual.Narrative.and.Autobiographic.metodology.pdf\"><strong>The Game and the Manual &#8211; Narrative and autobiographical methodology<\/strong><\/a> by Grazia Chiarini and Sara Calcini (Lua),<\/li>\n<li><strong><a href=\"https:\/\/mylifeineurope.nkey.it\/en\/groupguide_l\/\">Group Master<\/a> and <a href=\"https:\/\/mylifeineurope.nkey.it\/en\/singleguide_l\/\">Single Player<\/a> Guide<\/strong><\/li>\n<li><a href=\"https:\/\/mylifeineurope.nkey.it\/en\/dissemination_l\/\"><strong>Let&#8217;s talk about dissemination<\/strong><\/a> by Nkey<\/li>\n<\/ul>\n<p>&nbsp;<\/p>\n<p>July 2021 Ramnicu Valcea and Sibiu LTT<\/p>\n<ul>\n<li><a href=\"https:\/\/mylifeineurope.nkey.it\/en\/idicomparativereport_l-2\/\"><strong>Research phase \u2013 IDI Interviews &#8211; Main findings<\/strong><\/a> by Beata Partyka (CEBS)<\/li>\n<li><strong><a href=\"https:\/\/mylifeineurope.nkey.it\/wp-content\/uploads\/2022\/02\/00LUApresentation.pdf\">Write of you with us &#8211; The benefits of writing <\/a><\/strong>by Grazia Chiarini and Sara Calcini (Lua)<\/li>\n<li><a href=\"https:\/\/mylifeineurope.nkey.it\/wp-content\/uploads\/2022\/02\/MY.LIFE.Autobiography.history.and.narrative.metodology.Partners.pdf\"><strong>Autobiography History and Narrative Methodologies<\/strong><\/a> by Grazia Chiarini and Sara Calcini (Lua)<\/li>\n<\/ul>\n<p>&nbsp;<\/p>\n<p>MyLife Press Kit<\/p>\n<ul>\n<li><a href=\"https:\/\/mylifeineurope.nkey.it\/wp-content\/uploads\/2022\/03\/Identita-grafica.zip\"><strong>Download Logo&#8217;s Set<\/strong><\/a> by Nkey<\/li>\n<li><strong><a href=\"https:\/\/mylifeineurope.nkey.it\/wp-content\/uploads\/2022\/03\/MyLife_Visual-guidelines_EN.pdf\" target=\"_blank\" rel=\"noopener\">Download Visual Guidelines<\/a> <\/strong> by Nkey<\/li>\n<\/ul>\n<p>[\/vc_column_text][\/vc_column][\/vc_row]<\/p>\n<div class=\"clearfix\"><\/div>","protected":false},"excerpt":{"rendered":"<p>[vc_row full_width=&#8221;stretch_row_content_no_spaces&#8221;][vc_column][vc_empty_space height=&#8221;64px&#8221;][\/vc_column][\/vc_row][vc_row][vc_column][vc_column_text] Aqui voc\u00ea encontra alguns documentos educacionais produzidos durante os LTTs. Sinta-se \u00e0 vontade para baix\u00e1-los, l\u00ea-los e us\u00e1-los em suas atividades. [\/vc_column_text][\/vc_column][\/vc_row][vc_row][vc_column][vc_column_text]February 2022. Bologna LTT The Game and The Role of The Master by Grazia Chiarini and Sara Calcini (Lua) The Project,&#8230;<\/p>\n","protected":false},"author":6,"featured_media":3390,"parent":0,"menu_order":0,"comment_status":"closed","ping_status":"closed","template":"","meta":[],"acf":[],"yoast_head":"<!-- This site is optimized with the Yoast SEO plugin v18.7 - https:\/\/yoast.com\/wordpress\/plugins\/seo\/ -->\n<title>Recursos educacionais - MY LIFE in EUROPE<\/title>\n<meta name=\"robots\" content=\"index, follow, max-snippet:-1, max-image-preview:large, max-video-preview:-1\" \/>\n<link rel=\"canonical\" href=\"https:\/\/www.mylifeineurope.nkey.it\/pt-pt\/recursos-educacionais\/\" \/>\n<meta property=\"og:locale\" content=\"pt_PT\" \/>\n<meta property=\"og:type\" content=\"article\" \/>\n<meta property=\"og:title\" content=\"Recursos educacionais - MY LIFE in EUROPE\" \/>\n<meta property=\"og:description\" content=\"[vc_row full_width=&#8221;stretch_row_content_no_spaces&#8221;][vc_column][vc_empty_space height=&#8221;64px&#8221;][\/vc_column][\/vc_row][vc_row][vc_column][vc_column_text] Aqui voc\u00ea encontra alguns documentos educacionais produzidos durante os LTTs. Sinta-se \u00e0 vontade para baix\u00e1-los, l\u00ea-los e us\u00e1-los em suas atividades. [\/vc_column_text][\/vc_column][\/vc_row][vc_row][vc_column][vc_column_text]February 2022. Bologna LTT The Game and The Role of The Master by Grazia Chiarini and Sara Calcini (Lua) The Project,...\" \/>\n<meta property=\"og:url\" content=\"https:\/\/www.mylifeineurope.nkey.it\/pt-pt\/recursos-educacionais\/\" \/>\n<meta property=\"og:site_name\" content=\"MY LIFE in EUROPE\" \/>\n<meta property=\"article:modified_time\" content=\"2022-03-25T07:59:56+00:00\" \/>\n<meta property=\"og:image\" content=\"https:\/\/www.mylifeineurope.nkey.it\/wp-content\/uploads\/2021\/04\/slide-genericaR-8.jpg\" \/>\n\t<meta property=\"og:image:width\" content=\"2000\" \/>\n\t<meta property=\"og:image:height\" content=\"576\" \/>\n\t<meta property=\"og:image:type\" content=\"image\/jpeg\" \/>\n<meta name=\"twitter:card\" content=\"summary_large_image\" \/>\n<meta name=\"twitter:label1\" content=\"Tempo estimado de leitura\" \/>\n\t<meta name=\"twitter:data1\" content=\"1 minuto\" \/>\n<script type=\"application\/ld+json\" class=\"yoast-schema-graph\">{\"@context\":\"https:\/\/schema.org\",\"@graph\":[{\"@type\":\"WebSite\",\"@id\":\"https:\/\/www.mylifeineurope.nkey.it\/#website\",\"url\":\"https:\/\/www.mylifeineurope.nkey.it\/\",\"name\":\"MY LIFE in EUROPE\",\"description\":\"a new Methodology to insert Your LIFE biography IN the EUROPE context\",\"potentialAction\":[{\"@type\":\"SearchAction\",\"target\":{\"@type\":\"EntryPoint\",\"urlTemplate\":\"https:\/\/www.mylifeineurope.nkey.it\/?s={search_term_string}\"},\"query-input\":\"required name=search_term_string\"}],\"inLanguage\":\"pt-PT\"},{\"@type\":\"ImageObject\",\"inLanguage\":\"pt-PT\",\"@id\":\"https:\/\/www.mylifeineurope.nkey.it\/pt-pt\/recursos-educacionais\/#primaryimage\",\"url\":\"https:\/\/www.mylifeineurope.nkey.it\/wp-content\/uploads\/2021\/04\/slide-genericaR-8.jpg\",\"contentUrl\":\"https:\/\/www.mylifeineurope.nkey.it\/wp-content\/uploads\/2021\/04\/slide-genericaR-8.jpg\",\"width\":2000,\"height\":576},{\"@type\":\"WebPage\",\"@id\":\"https:\/\/www.mylifeineurope.nkey.it\/pt-pt\/recursos-educacionais\/#webpage\",\"url\":\"https:\/\/www.mylifeineurope.nkey.it\/pt-pt\/recursos-educacionais\/\",\"name\":\"Recursos educacionais - MY LIFE in EUROPE\",\"isPartOf\":{\"@id\":\"https:\/\/www.mylifeineurope.nkey.it\/#website\"},\"primaryImageOfPage\":{\"@id\":\"https:\/\/www.mylifeineurope.nkey.it\/pt-pt\/recursos-educacionais\/#primaryimage\"},\"datePublished\":\"2022-03-24T17:36:13+00:00\",\"dateModified\":\"2022-03-25T07:59:56+00:00\",\"breadcrumb\":{\"@id\":\"https:\/\/www.mylifeineurope.nkey.it\/pt-pt\/recursos-educacionais\/#breadcrumb\"},\"inLanguage\":\"pt-PT\",\"potentialAction\":[{\"@type\":\"ReadAction\",\"target\":[\"https:\/\/www.mylifeineurope.nkey.it\/pt-pt\/recursos-educacionais\/\"]}]},{\"@type\":\"BreadcrumbList\",\"@id\":\"https:\/\/www.mylifeineurope.nkey.it\/pt-pt\/recursos-educacionais\/#breadcrumb\",\"itemListElement\":[{\"@type\":\"ListItem\",\"position\":1,\"name\":\"Home\",\"item\":\"https:\/\/www.mylifeineurope.nkey.it\/pt-pt\/\"},{\"@type\":\"ListItem\",\"position\":2,\"name\":\"Recursos educacionais\"}]}]}<\/script>\n<!-- \/ Yoast SEO plugin. -->","yoast_head_json":{"title":"Recursos educacionais - MY LIFE in EUROPE","robots":{"index":"index","follow":"follow","max-snippet":"max-snippet:-1","max-image-preview":"max-image-preview:large","max-video-preview":"max-video-preview:-1"},"canonical":"https:\/\/www.mylifeineurope.nkey.it\/pt-pt\/recursos-educacionais\/","og_locale":"pt_PT","og_type":"article","og_title":"Recursos educacionais - MY LIFE in EUROPE","og_description":"[vc_row full_width=&#8221;stretch_row_content_no_spaces&#8221;][vc_column][vc_empty_space height=&#8221;64px&#8221;][\/vc_column][\/vc_row][vc_row][vc_column][vc_column_text] Aqui voc\u00ea encontra alguns documentos educacionais produzidos durante os LTTs. Sinta-se \u00e0 vontade para baix\u00e1-los, l\u00ea-los e us\u00e1-los em suas atividades. [\/vc_column_text][\/vc_column][\/vc_row][vc_row][vc_column][vc_column_text]February 2022. Bologna LTT The Game and The Role of The Master by Grazia Chiarini and Sara Calcini (Lua) The Project,...","og_url":"https:\/\/www.mylifeineurope.nkey.it\/pt-pt\/recursos-educacionais\/","og_site_name":"MY LIFE in EUROPE","article_modified_time":"2022-03-25T07:59:56+00:00","og_image":[{"width":2000,"height":576,"url":"https:\/\/www.mylifeineurope.nkey.it\/wp-content\/uploads\/2021\/04\/slide-genericaR-8.jpg","type":"image\/jpeg"}],"twitter_card":"summary_large_image","twitter_misc":{"Tempo estimado de leitura":"1 minuto"},"schema":{"@context":"https:\/\/schema.org","@graph":[{"@type":"WebSite","@id":"https:\/\/www.mylifeineurope.nkey.it\/#website","url":"https:\/\/www.mylifeineurope.nkey.it\/","name":"MY LIFE in EUROPE","description":"a new Methodology to insert Your LIFE biography IN the EUROPE context","potentialAction":[{"@type":"SearchAction","target":{"@type":"EntryPoint","urlTemplate":"https:\/\/www.mylifeineurope.nkey.it\/?s={search_term_string}"},"query-input":"required name=search_term_string"}],"inLanguage":"pt-PT"},{"@type":"ImageObject","inLanguage":"pt-PT","@id":"https:\/\/www.mylifeineurope.nkey.it\/pt-pt\/recursos-educacionais\/#primaryimage","url":"https:\/\/www.mylifeineurope.nkey.it\/wp-content\/uploads\/2021\/04\/slide-genericaR-8.jpg","contentUrl":"https:\/\/www.mylifeineurope.nkey.it\/wp-content\/uploads\/2021\/04\/slide-genericaR-8.jpg","width":2000,"height":576},{"@type":"WebPage","@id":"https:\/\/www.mylifeineurope.nkey.it\/pt-pt\/recursos-educacionais\/#webpage","url":"https:\/\/www.mylifeineurope.nkey.it\/pt-pt\/recursos-educacionais\/","name":"Recursos educacionais - MY LIFE in EUROPE","isPartOf":{"@id":"https:\/\/www.mylifeineurope.nkey.it\/#website"},"primaryImageOfPage":{"@id":"https:\/\/www.mylifeineurope.nkey.it\/pt-pt\/recursos-educacionais\/#primaryimage"},"datePublished":"2022-03-24T17:36:13+00:00","dateModified":"2022-03-25T07:59:56+00:00","breadcrumb":{"@id":"https:\/\/www.mylifeineurope.nkey.it\/pt-pt\/recursos-educacionais\/#breadcrumb"},"inLanguage":"pt-PT","potentialAction":[{"@type":"ReadAction","target":["https:\/\/www.mylifeineurope.nkey.it\/pt-pt\/recursos-educacionais\/"]}]},{"@type":"BreadcrumbList","@id":"https:\/\/www.mylifeineurope.nkey.it\/pt-pt\/recursos-educacionais\/#breadcrumb","itemListElement":[{"@type":"ListItem","position":1,"name":"Home","item":"https:\/\/www.mylifeineurope.nkey.it\/pt-pt\/"},{"@type":"ListItem","position":2,"name":"Recursos educacionais"}]}]}},"_links":{"self":[{"href":"https:\/\/www.mylifeineurope.nkey.it\/pt-pt\/wp-json\/wp\/v2\/pages\/4645"}],"collection":[{"href":"https:\/\/www.mylifeineurope.nkey.it\/pt-pt\/wp-json\/wp\/v2\/pages"}],"about":[{"href":"https:\/\/www.mylifeineurope.nkey.it\/pt-pt\/wp-json\/wp\/v2\/types\/page"}],"author":[{"embeddable":true,"href":"https:\/\/www.mylifeineurope.nkey.it\/pt-pt\/wp-json\/wp\/v2\/users\/6"}],"replies":[{"embeddable":true,"href":"https:\/\/www.mylifeineurope.nkey.it\/pt-pt\/wp-json\/wp\/v2\/comments?post=4645"}],"version-history":[{"count":5,"href":"https:\/\/www.mylifeineurope.nkey.it\/pt-pt\/wp-json\/wp\/v2\/pages\/4645\/revisions"}],"predecessor-version":[{"id":4653,"href":"https:\/\/www.mylifeineurope.nkey.it\/pt-pt\/wp-json\/wp\/v2\/pages\/4645\/revisions\/4653"}],"wp:featuredmedia":[{"embeddable":true,"href":"https:\/\/www.mylifeineurope.nkey.it\/pt-pt\/wp-json\/wp\/v2\/media\/3390"}],"wp:attachment":[{"href":"https:\/\/www.mylifeineurope.nkey.it\/pt-pt\/wp-json\/wp\/v2\/media?parent=4645"}],"curies":[{"name":"wp","href":"https:\/\/api.w.org\/{rel}","templated":true}]}}