{"id":3241,"date":"2021-04-13T10:03:48","date_gmt":"2021-04-13T10:03:48","guid":{"rendered":"https:\/\/mylifeineurope.nkey.it\/?page_id=3241"},"modified":"2023-05-19T09:53:55","modified_gmt":"2023-05-19T09:53:55","slug":"o-manual","status":"publish","type":"page","link":"https:\/\/www.mylifeineurope.nkey.it\/pt-pt\/o-manual\/","title":{"rendered":"MANUAL METODOL\u00d3GICO"},"content":{"rendered":"<p>[vc_row full_width=&#8221;stretch_row_content_no_spaces&#8221;][vc_column]\t\n\t\t<section class=\"page-title text-center\" style=\"background-image: url(https:\/\/www.mylifeineurope.nkey.it\/wp-content\/uploads\/2021\/04\/slide-manuale.jpg);\">\n\t\t\t<div class=\"container relative clearfix\">\n\t\t\t\t<div class=\"title-holder\">\n\t\t\t\t\t<div class=\"title-text\">\n\t\t\t\t\t\t<h1 class=\"uppercase entry-title titolo-nero\">MANUAL METODOL\u00d3GICO<\/h1>\n\t\t\t\t\t\t\t\t\t\t\t<\/div>\n\t\t\t\t<\/div>\n\t\t\t<\/div>\n\t\t<\/section><!-- end page title -->\n\t\t\n\t[\/vc_column][\/vc_row][vc_section][vc_row equal_height=&#8221;yes&#8221;][vc_column][vc_custom_heading text=&#8221;O Manual&#8221; font_container=&#8221;tag:h3|text_align:left|color:%23424242&#8243; use_theme_fonts=&#8221;yes&#8221;][vc_empty_space][\/vc_column][vc_column width=&#8221;5\/12&#8243;][vc_column_text el_class=&#8221;text-just&#8221;]<span style=\"font-weight: 400;\">O projeto prev\u00ea ainda a implementa\u00e7\u00e3o de um manual para formadores chamado &#8220;A experi\u00eancia autobiogr\u00e1fica: o Manual&#8221;, que permitir\u00e1 a cria\u00e7\u00e3o de cursos de forma\u00e7\u00e3o repet\u00edveis.<\/span><\/p>\n<p><span style=\"font-weight: 400;\">Ser\u00e1 um manual destinado a formadores concebido para estruturas e associa\u00e7\u00f5es que lidam com a assist\u00eancia aos idosos em v\u00e1rios n\u00edveis, desde o lar de idosos simples, ao centro de assist\u00eancia para doentes de Alzheimer e dem\u00eancia senil, ao centro recreativo de abrigo para idosos n\u00e3o auto-suficientes. A ideia de implementar uma segunda sa\u00edda intelectual para o jogo IO1 decorre da consci\u00eancia de que a realiza\u00e7\u00e3o do jogo teria exigido uma grande quantidade n\u00e3o s\u00f3 de pesquisa, mas tamb\u00e9m de forma\u00e7\u00e3o do pessoal empregado nas estruturas que at\u00e9 agora se disponibilizaram para colaborar durante a fase de teste (Step 3). Um trabalho que entendemos que teria sido perdido se n\u00e3o tivesse sido destinado a um projeto maior.<\/span>[\/vc_column_text][\/vc_column][vc_column width=&#8221;1\/6&#8243;][vc_single_image image=&#8221;3269&#8243;][\/vc_column][vc_column width=&#8221;5\/12&#8243;][vc_column_text el_class=&#8221;text-just&#8221;]<span style=\"font-weight: 400;\">Da\u00ed a ideia de canalizar todo esse trabalho para a cria\u00e7\u00e3o de um manual capaz de estimular n\u00e3o s\u00f3 a forma\u00e7\u00e3o individual, mas tamb\u00e9m e acima de tudo a forma\u00e7\u00e3o de operadores capazes de implementar e realizar cursos de forma\u00e7\u00e3o real, criando assim o efeito multiplicador que \u00e9 esperado para qualquer produto intelectual financiado pela Comunidade Europeia.<\/span><\/p>\n<p><span style=\"font-weight: 400;\">O manual para formadores ir\u00e1 conter todas as instru\u00e7\u00f5es para a realiza\u00e7\u00e3o de um curso de forma\u00e7\u00e3o dedicado \u00e0 introdu\u00e7\u00e3o da escrita autobiogr\u00e1fica em vias terap\u00eauticas e recreativas destinadas aos idosos com patologias diferentes e n\u00e3o diferentes. As metodologias a utilizar com base no tipo de estrutura em que a atividade ser\u00e1 introduzida ser\u00e3o divididas em cap\u00edtulos espec\u00edficos, destacando, para cada caso, os benef\u00edcios e as medidas a utilizar.<\/span>[\/vc_column_text][\/vc_column][\/vc_row][vc_row][vc_column][vc_custom_heading text=&#8221;Compromisso dos parceiros&#8221; font_container=&#8221;tag:h3|text_align:left|color:%23424242&#8243; use_theme_fonts=&#8221;yes&#8221;][vc_empty_space][\/vc_column][vc_column width=&#8221;2\/3&#8243;][vc_row_inner][vc_column_inner width=&#8221;1\/2&#8243;][vc_column_text]<span style=\"font-weight: 400;\">A an\u00e1lise das necessidades foi compartilhada por Nkey, parceiro candidato, com a LUA, com quem concebeu e escreveu este projeto. <\/span><span style=\"font-weight: 400;\">LUA est\u00e1 envolvido h\u00e1 mais de vinte anos na promo\u00e7\u00e3o da cultura da mem\u00f3ria, na cria\u00e7\u00e3o de cursos de forma\u00e7\u00e3o para pessoal especializado na introdu\u00e7\u00e3o da escrita autobiogr\u00e1fica em diferentes n\u00edveis e est\u00e1 convencido de que uma ferramenta digital inovadora, como a aplica\u00e7\u00e3o web, abrir\u00e1 novos horizontes no trabalho que tem vindo a fazer h\u00e1 anos no dom\u00ednio da forma\u00e7\u00e3o.<\/span>[\/vc_column_text][\/vc_column_inner][vc_column_inner width=&#8221;1\/2&#8243;][vc_column_text el_class=&#8221;text-just&#8221;]<span style=\"font-weight: 400;\">A pesquisa e elabora\u00e7\u00e3o do manual s\u00e3o coordenados pelo parceiro polaco CEBS dentro do qual trabalha uma equipa de pesquisadores especializados em educa\u00e7\u00e3o e metodologia da Universidade de Wroc\u0142awed Academia de Pedagogia Especial em Vars\u00f3via<\/span>[\/vc_column_text][\/vc_column_inner][vc_column_inner][vc_single_image image=&#8221;3272&#8243; img_size=&#8221;full&#8221;][\/vc_column_inner][\/vc_row_inner][\/vc_column][vc_column width=&#8221;1\/3&#8243;][vc_column_text el_class=&#8221;text-just&#8221;]<span style=\"font-weight: 400;\">Outra grande contribui\u00e7\u00e3o para o IO2 ser\u00e1 dada pela experi\u00eancia que a ASPHI tem adquirido ao longo dos anos na organiza\u00e7\u00e3o de cursos de forma\u00e7\u00e3o para agentes de sa\u00fade e sociais para a inclus\u00e3o de novas ferramentas e metodologias em creches e centros para idosos e adultos deficientes e que apenas nas \u00faltimas edi\u00e7\u00f5es envolveram cerca de 400 operadores. O primeiro requisito \u00e9, de facto, permitir que o maior n\u00famero de pacientes idosos tenha acesso aos benef\u00edcios universalmente reconhecidos como consequ\u00eancia do uso dessa ferramenta. O manual para formadores \u00e9, portanto, identificado como a ferramenta capaz de espalhar o uso do jogo e, portanto, do uso terap\u00eautico do m\u00e9todo autobiogr\u00e1fico, tanto quanto poss\u00edvel.<\/span>[\/vc_column_text][vc_raw_html]JTNDYSUyMGhyZWYlM0QlMjJodHRwcyUzQSUyRiUyRnd3dy5teWxpZmVpbmV1cm9wZS5ua2V5Lml0JTJGd3AtY29udGVudCUyRnVwbG9hZHMlMkYyMDIzJTJGMDUlMkZNeUxpZmVQVF8xOTA1MjMtMS5wZGYlMjIlM0UlM0NzcGFuJTNFQkFJWEUlMjBPJTIwTUFOVUFMJTNDJTJGc3BhbiUzRSUzQyUyRmElM0U=[\/vc_raw_html][\/vc_column][\/vc_row][\/vc_section][vc_section full_width=&#8221;stretch_row&#8221; css=&#8221;.vc_custom_1616759458908{background-color: #f7f7f7 !important;}&#8221;][vc_row][vc_column][vc_custom_heading text=&#8221;SEGUE-NOS&#8221; font_container=&#8221;tag:h2|text_align:center|color:%233d3d3d&#8221; use_theme_fonts=&#8221;yes&#8221;][vc_empty_space height=&#8221;22px&#8221;][vc_raw_html]JTNDcCUyMHN0eWxlJTNEJTIydGV4dC1hbGlnbiUzQWNlbnRlciUzQiUyMiUzRUR1cmFudGUlMjBvJTIwcHJvamV0byUyMHBvZGVyJUMzJUExJTIwYWNvbXBhbmhhciUyMHRvZGFzJTIwYXMlMjBmYXNlcyUyMGRvJTIwdHJhYmFsaG8lMjBuZXN0YSUyMHNlYyVDMyVBNyVDMyVBM28lM0MlMkZwJTNF[\/vc_raw_html][vc_empty_space height=&#8221;22px&#8221;][vc_separator color=&#8221;custom&#8221; border_width=&#8221;5&#8243; el_width=&#8221;10&#8243; accent_color=&#8221;#dd3333&#8243;][vc_empty_space height=&#8221;42px&#8221;][vc_basic_grid post_type=&#8221;post&#8221; max_items=&#8221;3&#8243; item=&#8221;2537&#8243; grid_id=&#8221;vc_gid:1684490020762-00900699-c744-1&#8243; taxonomies=&#8221;68&#8243;][vc_raw_html]JTNDZGl2JTIwY2xhc3MlM0QlMjJjdGEtYnV0dG9ucyUyMG10LTMwJTIyJTIwc3R5bGUlM0QlMjJ0ZXh0LWFsaWduJTNBJTIwY2VudGVyJTNCJTIyJTNFJTNDYSUyMGNsYXNzJTNEJTIyYnRuJTIwYnRuLWxnJTIwYnRuLWNvbG9yJTIyJTIwaHJlZiUzRCUyMiUyRnB0LXB0JTJGc3RlcHMlMkYlMjIlM0UlM0NzcGFuJTNFU1RFUCUzQyUyRnNwYW4lM0UlM0MlMkZhJTNFJTNDJTJGZGl2JTNF[\/vc_raw_html][\/vc_column][\/vc_row][\/vc_section]<\/p>\n<div class=\"clearfix\"><\/div>","protected":false},"excerpt":{"rendered":"<p>[vc_row full_width=&#8221;stretch_row_content_no_spaces&#8221;][vc_column][\/vc_column][\/vc_row][vc_section][vc_row equal_height=&#8221;yes&#8221;][vc_column][vc_custom_heading text=&#8221;O Manual&#8221; font_container=&#8221;tag:h3|text_align:left|color:%23424242&#8243; use_theme_fonts=&#8221;yes&#8221;][vc_empty_space][\/vc_column][vc_column width=&#8221;5\/12&#8243;][vc_column_text el_class=&#8221;text-just&#8221;]O projeto prev\u00ea ainda a implementa\u00e7\u00e3o de um manual para formadores chamado &#8220;A experi\u00eancia autobiogr\u00e1fica: o Manual&#8221;, que permitir\u00e1 a cria\u00e7\u00e3o de cursos de forma\u00e7\u00e3o repet\u00edveis. Ser\u00e1 um manual destinado a formadores concebido para estruturas e associa\u00e7\u00f5es&#8230;<\/p>\n","protected":false},"author":5,"featured_media":3412,"parent":0,"menu_order":0,"comment_status":"closed","ping_status":"closed","template":"","meta":[],"acf":[],"yoast_head":"<!-- This site is optimized with the Yoast SEO plugin v18.7 - https:\/\/yoast.com\/wordpress\/plugins\/seo\/ -->\n<title>MANUAL METODOL\u00d3GICO - MY LIFE in EUROPE<\/title>\n<meta name=\"robots\" content=\"index, follow, max-snippet:-1, max-image-preview:large, max-video-preview:-1\" \/>\n<link rel=\"canonical\" href=\"https:\/\/www.mylifeineurope.nkey.it\/pt-pt\/o-manual\/\" \/>\n<meta property=\"og:locale\" content=\"pt_PT\" \/>\n<meta property=\"og:type\" content=\"article\" \/>\n<meta property=\"og:title\" content=\"MANUAL METODOL\u00d3GICO - MY LIFE in EUROPE\" \/>\n<meta property=\"og:description\" content=\"[vc_row full_width=&#8221;stretch_row_content_no_spaces&#8221;][vc_column][\/vc_column][\/vc_row][vc_section][vc_row equal_height=&#8221;yes&#8221;][vc_column][vc_custom_heading text=&#8221;O Manual&#8221; font_container=&#8221;tag:h3|text_align:left|color:%23424242&#8243; use_theme_fonts=&#8221;yes&#8221;][vc_empty_space][\/vc_column][vc_column width=&#8221;5\/12&#8243;][vc_column_text el_class=&#8221;text-just&#8221;]O projeto prev\u00ea ainda a implementa\u00e7\u00e3o de um manual para formadores chamado &#8220;A experi\u00eancia autobiogr\u00e1fica: o Manual&#8221;, que permitir\u00e1 a cria\u00e7\u00e3o de cursos de forma\u00e7\u00e3o repet\u00edveis. Ser\u00e1 um manual destinado a formadores concebido para estruturas e associa\u00e7\u00f5es...\" \/>\n<meta property=\"og:url\" content=\"https:\/\/www.mylifeineurope.nkey.it\/pt-pt\/o-manual\/\" \/>\n<meta property=\"og:site_name\" content=\"MY LIFE in EUROPE\" \/>\n<meta property=\"article:modified_time\" content=\"2023-05-19T09:53:55+00:00\" \/>\n<meta property=\"og:image\" content=\"https:\/\/www.mylifeineurope.nkey.it\/wp-content\/uploads\/2021\/04\/slide-manuale.jpg\" \/>\n\t<meta property=\"og:image:width\" content=\"2000\" \/>\n\t<meta property=\"og:image:height\" content=\"576\" \/>\n\t<meta property=\"og:image:type\" content=\"image\/jpeg\" \/>\n<meta name=\"twitter:card\" content=\"summary_large_image\" \/>\n<meta name=\"twitter:label1\" content=\"Tempo estimado de leitura\" \/>\n\t<meta name=\"twitter:data1\" content=\"3 minutos\" \/>\n<script type=\"application\/ld+json\" class=\"yoast-schema-graph\">{\"@context\":\"https:\/\/schema.org\",\"@graph\":[{\"@type\":\"WebSite\",\"@id\":\"https:\/\/www.mylifeineurope.nkey.it\/#website\",\"url\":\"https:\/\/www.mylifeineurope.nkey.it\/\",\"name\":\"MY LIFE in EUROPE\",\"description\":\"a new Methodology to insert Your LIFE biography IN the EUROPE context\",\"potentialAction\":[{\"@type\":\"SearchAction\",\"target\":{\"@type\":\"EntryPoint\",\"urlTemplate\":\"https:\/\/www.mylifeineurope.nkey.it\/?s={search_term_string}\"},\"query-input\":\"required name=search_term_string\"}],\"inLanguage\":\"pt-PT\"},{\"@type\":\"ImageObject\",\"inLanguage\":\"pt-PT\",\"@id\":\"https:\/\/www.mylifeineurope.nkey.it\/pt-pt\/o-manual\/#primaryimage\",\"url\":\"https:\/\/www.mylifeineurope.nkey.it\/wp-content\/uploads\/2021\/04\/slide-manuale.jpg\",\"contentUrl\":\"https:\/\/www.mylifeineurope.nkey.it\/wp-content\/uploads\/2021\/04\/slide-manuale.jpg\",\"width\":2000,\"height\":576},{\"@type\":\"WebPage\",\"@id\":\"https:\/\/www.mylifeineurope.nkey.it\/pt-pt\/o-manual\/#webpage\",\"url\":\"https:\/\/www.mylifeineurope.nkey.it\/pt-pt\/o-manual\/\",\"name\":\"MANUAL METODOL\u00d3GICO - MY LIFE in EUROPE\",\"isPartOf\":{\"@id\":\"https:\/\/www.mylifeineurope.nkey.it\/#website\"},\"primaryImageOfPage\":{\"@id\":\"https:\/\/www.mylifeineurope.nkey.it\/pt-pt\/o-manual\/#primaryimage\"},\"datePublished\":\"2021-04-13T10:03:48+00:00\",\"dateModified\":\"2023-05-19T09:53:55+00:00\",\"breadcrumb\":{\"@id\":\"https:\/\/www.mylifeineurope.nkey.it\/pt-pt\/o-manual\/#breadcrumb\"},\"inLanguage\":\"pt-PT\",\"potentialAction\":[{\"@type\":\"ReadAction\",\"target\":[\"https:\/\/www.mylifeineurope.nkey.it\/pt-pt\/o-manual\/\"]}]},{\"@type\":\"BreadcrumbList\",\"@id\":\"https:\/\/www.mylifeineurope.nkey.it\/pt-pt\/o-manual\/#breadcrumb\",\"itemListElement\":[{\"@type\":\"ListItem\",\"position\":1,\"name\":\"Home\",\"item\":\"https:\/\/www.mylifeineurope.nkey.it\/pt-pt\/\"},{\"@type\":\"ListItem\",\"position\":2,\"name\":\"MANUAL METODOL\u00d3GICO\"}]}]}<\/script>\n<!-- \/ Yoast SEO plugin. -->","yoast_head_json":{"title":"MANUAL METODOL\u00d3GICO - MY LIFE in EUROPE","robots":{"index":"index","follow":"follow","max-snippet":"max-snippet:-1","max-image-preview":"max-image-preview:large","max-video-preview":"max-video-preview:-1"},"canonical":"https:\/\/www.mylifeineurope.nkey.it\/pt-pt\/o-manual\/","og_locale":"pt_PT","og_type":"article","og_title":"MANUAL METODOL\u00d3GICO - MY LIFE in EUROPE","og_description":"[vc_row full_width=&#8221;stretch_row_content_no_spaces&#8221;][vc_column][\/vc_column][\/vc_row][vc_section][vc_row equal_height=&#8221;yes&#8221;][vc_column][vc_custom_heading text=&#8221;O Manual&#8221; font_container=&#8221;tag:h3|text_align:left|color:%23424242&#8243; use_theme_fonts=&#8221;yes&#8221;][vc_empty_space][\/vc_column][vc_column width=&#8221;5\/12&#8243;][vc_column_text el_class=&#8221;text-just&#8221;]O projeto prev\u00ea ainda a implementa\u00e7\u00e3o de um manual para formadores chamado &#8220;A experi\u00eancia autobiogr\u00e1fica: o Manual&#8221;, que permitir\u00e1 a cria\u00e7\u00e3o de cursos de forma\u00e7\u00e3o repet\u00edveis. Ser\u00e1 um manual destinado a formadores concebido para estruturas e associa\u00e7\u00f5es...","og_url":"https:\/\/www.mylifeineurope.nkey.it\/pt-pt\/o-manual\/","og_site_name":"MY LIFE in EUROPE","article_modified_time":"2023-05-19T09:53:55+00:00","og_image":[{"width":2000,"height":576,"url":"https:\/\/www.mylifeineurope.nkey.it\/wp-content\/uploads\/2021\/04\/slide-manuale.jpg","type":"image\/jpeg"}],"twitter_card":"summary_large_image","twitter_misc":{"Tempo estimado de leitura":"3 minutos"},"schema":{"@context":"https:\/\/schema.org","@graph":[{"@type":"WebSite","@id":"https:\/\/www.mylifeineurope.nkey.it\/#website","url":"https:\/\/www.mylifeineurope.nkey.it\/","name":"MY LIFE in EUROPE","description":"a new Methodology to insert Your LIFE biography IN the EUROPE context","potentialAction":[{"@type":"SearchAction","target":{"@type":"EntryPoint","urlTemplate":"https:\/\/www.mylifeineurope.nkey.it\/?s={search_term_string}"},"query-input":"required name=search_term_string"}],"inLanguage":"pt-PT"},{"@type":"ImageObject","inLanguage":"pt-PT","@id":"https:\/\/www.mylifeineurope.nkey.it\/pt-pt\/o-manual\/#primaryimage","url":"https:\/\/www.mylifeineurope.nkey.it\/wp-content\/uploads\/2021\/04\/slide-manuale.jpg","contentUrl":"https:\/\/www.mylifeineurope.nkey.it\/wp-content\/uploads\/2021\/04\/slide-manuale.jpg","width":2000,"height":576},{"@type":"WebPage","@id":"https:\/\/www.mylifeineurope.nkey.it\/pt-pt\/o-manual\/#webpage","url":"https:\/\/www.mylifeineurope.nkey.it\/pt-pt\/o-manual\/","name":"MANUAL METODOL\u00d3GICO - MY LIFE in EUROPE","isPartOf":{"@id":"https:\/\/www.mylifeineurope.nkey.it\/#website"},"primaryImageOfPage":{"@id":"https:\/\/www.mylifeineurope.nkey.it\/pt-pt\/o-manual\/#primaryimage"},"datePublished":"2021-04-13T10:03:48+00:00","dateModified":"2023-05-19T09:53:55+00:00","breadcrumb":{"@id":"https:\/\/www.mylifeineurope.nkey.it\/pt-pt\/o-manual\/#breadcrumb"},"inLanguage":"pt-PT","potentialAction":[{"@type":"ReadAction","target":["https:\/\/www.mylifeineurope.nkey.it\/pt-pt\/o-manual\/"]}]},{"@type":"BreadcrumbList","@id":"https:\/\/www.mylifeineurope.nkey.it\/pt-pt\/o-manual\/#breadcrumb","itemListElement":[{"@type":"ListItem","position":1,"name":"Home","item":"https:\/\/www.mylifeineurope.nkey.it\/pt-pt\/"},{"@type":"ListItem","position":2,"name":"MANUAL METODOL\u00d3GICO"}]}]}},"_links":{"self":[{"href":"https:\/\/www.mylifeineurope.nkey.it\/pt-pt\/wp-json\/wp\/v2\/pages\/3241"}],"collection":[{"href":"https:\/\/www.mylifeineurope.nkey.it\/pt-pt\/wp-json\/wp\/v2\/pages"}],"about":[{"href":"https:\/\/www.mylifeineurope.nkey.it\/pt-pt\/wp-json\/wp\/v2\/types\/page"}],"author":[{"embeddable":true,"href":"https:\/\/www.mylifeineurope.nkey.it\/pt-pt\/wp-json\/wp\/v2\/users\/5"}],"replies":[{"embeddable":true,"href":"https:\/\/www.mylifeineurope.nkey.it\/pt-pt\/wp-json\/wp\/v2\/comments?post=3241"}],"version-history":[{"count":19,"href":"https:\/\/www.mylifeineurope.nkey.it\/pt-pt\/wp-json\/wp\/v2\/pages\/3241\/revisions"}],"predecessor-version":[{"id":10747,"href":"https:\/\/www.mylifeineurope.nkey.it\/pt-pt\/wp-json\/wp\/v2\/pages\/3241\/revisions\/10747"}],"wp:featuredmedia":[{"embeddable":true,"href":"https:\/\/www.mylifeineurope.nkey.it\/pt-pt\/wp-json\/wp\/v2\/media\/3412"}],"wp:attachment":[{"href":"https:\/\/www.mylifeineurope.nkey.it\/pt-pt\/wp-json\/wp\/v2\/media?parent=3241"}],"curies":[{"name":"wp","href":"https:\/\/api.w.org\/{rel}","templated":true}]}}