{"id":3230,"date":"2021-04-13T09:26:12","date_gmt":"2021-04-13T09:26:12","guid":{"rendered":"https:\/\/mylifeineurope.nkey.it\/?page_id=3230"},"modified":"2023-04-14T09:27:37","modified_gmt":"2023-04-14T09:27:37","slug":"jogo","status":"publish","type":"page","link":"https:\/\/www.mylifeineurope.nkey.it\/pt-pt\/jogo\/","title":{"rendered":"O JOGO"},"content":{"rendered":"<p>[vc_row full_width=&#8221;stretch_row_content_no_spaces&#8221;][vc_column]\t\n\t\t<section class=\"page-title text-center\" style=\"background-image: url(https:\/\/www.mylifeineurope.nkey.it\/wp-content\/uploads\/2021\/04\/slide-gioco-1.jpg);\">\n\t\t\t<div class=\"container relative clearfix\">\n\t\t\t\t<div class=\"title-holder\">\n\t\t\t\t\t<div class=\"title-text\">\n\t\t\t\t\t\t<h1 class=\"uppercase entry-title titolo-nero\">O JOGO<\/h1>\n\t\t\t\t\t\t\t\t\t\t\t<\/div>\n\t\t\t\t<\/div>\n\t\t\t<\/div>\n\t\t<\/section><!-- end page title -->\n\t\t\n\t[\/vc_column][\/vc_row][vc_section][vc_row equal_height=&#8221;yes&#8221;][vc_column][vc_custom_heading text=&#8221;O JOGO&#8221; font_container=&#8221;tag:h3|text_align:left|color:%23424242&#8243; use_theme_fonts=&#8221;yes&#8221;][vc_empty_space][\/vc_column][vc_column width=&#8221;1\/2&#8243;][vc_column_text el_class=&#8221;text-just&#8221;]<span style=\"font-weight: 400;\">O jogo, que pode ser inserido entre os chamados &#8220;jogos s\u00e9rios&#8221;, ou a \u00faltima gera\u00e7\u00e3o de jogos digitais projetados para fins educativos no contexto da educa\u00e7\u00e3o de adultos com vista \u00e0 aprendizagem ao longo da vida e, mais especificamente, de \u201caprender ao fazer\u201d, ser\u00e1 uma aplica\u00e7\u00e3o web, para download offline em smartphone ou PC, atrav\u00e9s do qual qualquer educador pode usar a t\u00e9cnica de escrita autobiogr\u00e1fica de uma forma f\u00e1cil e divertida, como um caminho \u00fatil em programas terap\u00eauticos, reabilitativos e recreativos. Deve-se enfatizar que a atividade l\u00fadica no campo autobiogr\u00e1fico representa um dispositivo de forma\u00e7\u00e3o\u00a0 significativo para a cria\u00e7\u00e3o de narrativas de hist\u00f3rias atrav\u00e9s de atividades educacionais &#8220;biografia Ludo&#8221; (Staccioli, 2010).<\/span><\/p>\n<p><span style=\"font-weight: 400;\">Identific\u00e1mos o nosso grupo-alvo como \u2018mais de 60 anos\u2019 precisamente devido \u00e0 natureza do produto intelectual que, no que se refere \u00e0 abordagem autobiogr\u00e1fica, nos permite aproveitar uma vida rica em experi\u00eancias. Particularmente interessante ser\u00e1 o uso da ferramenta com pacientes com Alzheimer ou dem\u00eancia senil para quem este tipo de est\u00edmulo cognitivo pode tornar-se parte integrante de uma via de diagn\u00f3stico \/terapia e ser \u00fatil para manter as capacidades residuais.<\/span>[\/vc_column_text][\/vc_column][vc_column width=&#8221;1\/2&#8243;][vc_column_text el_class=&#8221;text-just&#8221;]<span style=\"font-weight: 400;\">O jogo ser\u00e1 projetado de tal forma que pode ser utilizado tanto individualmente como em grupos, sem qualquer limita\u00e7\u00e3o no n\u00famero de participantes: aos &#8220;jogadores&#8221; ser\u00e3o oferecidos in\u00fameros est\u00edmulos emocionais na forma de imagens, sons e cheiros, que se transformar\u00e3o em &#8220;hist\u00f3rias&#8221;. Sob a orienta\u00e7\u00e3o do operador, cada est\u00edmulo pode ser &#8220;contado&#8221; ao grupo, criando empatia e compartilhando experi\u00eancias. Cada pe\u00e7a escrita ou gravada ser\u00e1 ent\u00e3o colocada pelo sistema em ordem cronol\u00f3gica e tornar-se-\u00e1 uma parte importante de uma hist\u00f3ria\/uma autobiografia, dispon\u00edvel para download em formato PDF. O projeto envolve a cria\u00e7\u00e3o de uma vers\u00e3o acess\u00edvel aos cegos, onde os est\u00edmulos ser\u00e3o ouvidos pelos jogadores e sua hist\u00f3ria ser\u00e1 gravada e uma para os surdos, onde todas as placas de som ser\u00e3o substitu\u00eddas por imagens.<\/span>[\/vc_column_text][vc_raw_html]JTNDZGl2JTIwY2xhc3MlM0QlMjJ3cGJfd3JhcHBlciUyMiUzRSUwQSUwOSUwOSUwOSUzQ2ElMjBocmVmJTNEJTIyaHR0cHMlM0ElMkYlMkZteWxpZmVpbmV1cm9wZS5ua2V5Lml0JTJGd3AtY29udGVudCUyRnVwbG9hZHMlMkYyMDIyJTJGMDMlMkZNeS1MSUZFLVRoZS1HYW1lLXVzZXItR3VpZGVfUFQucGRmJTIyJTNFJTNDc3BhbiUzRUJBSVhFJTIwTyUyMEdVSUElMjBSJUMzJTgxUElETyUzQyUyRnNwYW4lM0UlM0MlMkZhJTNFJTBBJTA5JTA5JTNDJTJGZGl2JTNF[\/vc_raw_html][vc_raw_html]JTNDZGl2JTIwY2xhc3MlM0QlMjJ3cGJfd3JhcHBlciUyMiUzRSUwQSUwOSUwOSUwOSUzQ2ElMjBjbGFzcyUzRCUyMmJ0biUyMGJ0bi1sZyUyMGJ0bi1jb2xvciUyMiUyMGhyZWYlM0QlMjJodHRwcyUzQSUyRiUyRm15bGlmZXRoZWdhbWUubmtleS5pdCUyRiUyMiUzRSUzQ3NwYW4lM0Vqb2d1ZSUyMG8lMjBqb2dvJTNDJTJGc3BhbiUzRSUzQyUyRmElM0UlMEElMDklMDklM0MlMkZkaXYlM0UlMEE=[\/vc_raw_html][vc_raw_html]JTNDZGl2JTIwY2xhc3MlM0QlMjJ3cGJfd3JhcHBlciUyMiUzRSUwQSUzQ2g1JTNFT1UlM0MlMkZoNSUzRSUwQSUwOSUwOSUwOSUzQ2ElMjBjbGFzcyUzRCUyMmJ0biUyMGJ0bi1sZyUyMGJ0bi1jb2xvciUyMiUyMGhyZWYlM0QlMjIlMkZwdC1wdCUyRnBhcGVya2l0JTIyJTNFJTNDc3BhbiUzRUJBSVhFJTIwTyUyMFBBUEVSS0lUJTNDJTJGc3BhbiUzRSUzQyUyRmElM0UlMEElMDklMDklM0MlMkZkaXYlM0U=[\/vc_raw_html][vc_raw_html]JTNDZGl2JTIwY2xhc3MlM0QlMjJ3cGJfd3JhcHBlciUyMiUzRSUwQSUwOSUwOSUwOSUzQ2ElMjBocmVmJTNEJTIyaHR0cHMlM0ElMkYlMkZteWxpZmVpbmV1cm9wZS5ua2V5Lml0JTJGd3AtY29udGVudCUyRnVwbG9hZHMlMkYyMDIzJTJGMDElMkZNeUxJRkVfTWFudWFsX01ldG9kb2wlQzMlQjNnaWNvLnBkZiUyMiUzRSUzQ3NwYW4lM0VCQUlYRSUyME8lMjBNQU5VQUwlMjBQQVJBJTIwRkFDSUxJVEFET1JFUyUzQyUyRnNwYW4lM0UlM0MlMkZhJTNFJTBBJTA5JTA5JTNDJTJGZGl2JTNF[\/vc_raw_html][\/vc_column][\/vc_row][\/vc_section][vc_section full_width=&#8221;stretch_row&#8221; css=&#8221;.vc_custom_1616759458908{background-color: #f7f7f7 !important;}&#8221;][vc_row][vc_column][vc_custom_heading text=&#8221;SEGUE-NOS&#8221; font_container=&#8221;tag:h2|text_align:center|color:%233d3d3d&#8221; use_theme_fonts=&#8221;yes&#8221;][vc_empty_space height=&#8221;22px&#8221;][vc_raw_html]JTNDcCUyMHN0eWxlJTNEJTIydGV4dC1hbGlnbiUzQWNlbnRlciUzQiUyMiUzRUR1cmFudGUlMjBvJTIwcHJvamV0byUyMHBvZGVyJUMzJUExJTIwYWNvbXBhbmhhciUyMHRvZGFzJTIwYXMlMjBmYXNlcyUyMGRvJTIwdHJhYmFsaG8lMjBuZXN0YSUyMHNlYyVDMyVBNyVDMyVBM28lM0MlMkZwJTNF[\/vc_raw_html][vc_empty_space height=&#8221;22px&#8221;][vc_separator color=&#8221;custom&#8221; border_width=&#8221;5&#8243; el_width=&#8221;10&#8243; accent_color=&#8221;#dd3333&#8243;][vc_empty_space height=&#8221;42px&#8221;][vc_basic_grid post_type=&#8221;post&#8221; max_items=&#8221;3&#8243; item=&#8221;2537&#8243; grid_id=&#8221;vc_gid:1681464419719-68529d09-e8c0-5&#8243;][vc_raw_html]JTNDZGl2JTIwY2xhc3MlM0QlMjJjdGEtYnV0dG9ucyUyMG10LTMwJTIyJTIwc3R5bGUlM0QlMjJ0ZXh0LWFsaWduJTNBJTIwY2VudGVyJTNCJTIyJTNFJTNDYSUyMGNsYXNzJTNEJTIyYnRuJTIwYnRuLWxnJTIwYnRuLWNvbG9yJTIyJTIwaHJlZiUzRCUyMiUyRnB0LXB0JTJGc3RlcHMlMkYlMjIlM0UlM0NzcGFuJTNFU1RFUCUzQyUyRnNwYW4lM0UlM0MlMkZhJTNFJTNDJTJGZGl2JTNF[\/vc_raw_html][\/vc_column][\/vc_row][\/vc_section]<\/p>\n<div class=\"clearfix\"><\/div>","protected":false},"excerpt":{"rendered":"<p>[vc_row full_width=&#8221;stretch_row_content_no_spaces&#8221;][vc_column][\/vc_column][\/vc_row][vc_section][vc_row equal_height=&#8221;yes&#8221;][vc_column][vc_custom_heading text=&#8221;O JOGO&#8221; font_container=&#8221;tag:h3|text_align:left|color:%23424242&#8243; use_theme_fonts=&#8221;yes&#8221;][vc_empty_space][\/vc_column][vc_column width=&#8221;1\/2&#8243;][vc_column_text el_class=&#8221;text-just&#8221;]O jogo, que pode ser inserido entre os chamados &#8220;jogos s\u00e9rios&#8221;, ou a \u00faltima gera\u00e7\u00e3o de jogos digitais projetados para fins educativos no contexto da educa\u00e7\u00e3o de adultos com vista \u00e0 aprendizagem ao longo da vida e,&#8230;<\/p>\n","protected":false},"author":5,"featured_media":3396,"parent":0,"menu_order":0,"comment_status":"closed","ping_status":"closed","template":"","meta":[],"acf":[],"yoast_head":"<!-- This site is optimized with the Yoast SEO plugin v18.7 - https:\/\/yoast.com\/wordpress\/plugins\/seo\/ -->\n<title>O JOGO - MY LIFE in EUROPE<\/title>\n<meta name=\"robots\" content=\"index, follow, max-snippet:-1, max-image-preview:large, max-video-preview:-1\" \/>\n<link rel=\"canonical\" href=\"https:\/\/www.mylifeineurope.nkey.it\/pt-pt\/jogo\/\" \/>\n<meta property=\"og:locale\" content=\"pt_PT\" \/>\n<meta property=\"og:type\" content=\"article\" \/>\n<meta property=\"og:title\" content=\"O JOGO - MY LIFE in EUROPE\" \/>\n<meta property=\"og:description\" content=\"[vc_row full_width=&#8221;stretch_row_content_no_spaces&#8221;][vc_column][\/vc_column][\/vc_row][vc_section][vc_row equal_height=&#8221;yes&#8221;][vc_column][vc_custom_heading text=&#8221;O JOGO&#8221; font_container=&#8221;tag:h3|text_align:left|color:%23424242&#8243; use_theme_fonts=&#8221;yes&#8221;][vc_empty_space][\/vc_column][vc_column width=&#8221;1\/2&#8243;][vc_column_text el_class=&#8221;text-just&#8221;]O jogo, que pode ser inserido entre os chamados &#8220;jogos s\u00e9rios&#8221;, ou a \u00faltima gera\u00e7\u00e3o de jogos digitais projetados para fins educativos no contexto da educa\u00e7\u00e3o de adultos com vista \u00e0 aprendizagem ao longo da vida e,...\" \/>\n<meta property=\"og:url\" content=\"https:\/\/www.mylifeineurope.nkey.it\/pt-pt\/jogo\/\" \/>\n<meta property=\"og:site_name\" content=\"MY LIFE in EUROPE\" \/>\n<meta property=\"article:modified_time\" content=\"2023-04-14T09:27:37+00:00\" \/>\n<meta property=\"og:image\" content=\"https:\/\/www.mylifeineurope.nkey.it\/wp-content\/uploads\/2021\/04\/slide-gioco-1.jpg\" \/>\n\t<meta property=\"og:image:width\" content=\"2000\" \/>\n\t<meta property=\"og:image:height\" content=\"576\" \/>\n\t<meta property=\"og:image:type\" content=\"image\/jpeg\" \/>\n<meta name=\"twitter:card\" content=\"summary_large_image\" \/>\n<meta name=\"twitter:label1\" content=\"Tempo estimado de leitura\" \/>\n\t<meta name=\"twitter:data1\" content=\"2 minutos\" \/>\n<script type=\"application\/ld+json\" class=\"yoast-schema-graph\">{\"@context\":\"https:\/\/schema.org\",\"@graph\":[{\"@type\":\"WebSite\",\"@id\":\"https:\/\/www.mylifeineurope.nkey.it\/#website\",\"url\":\"https:\/\/www.mylifeineurope.nkey.it\/\",\"name\":\"MY LIFE in EUROPE\",\"description\":\"a new Methodology to insert Your LIFE biography IN the EUROPE context\",\"potentialAction\":[{\"@type\":\"SearchAction\",\"target\":{\"@type\":\"EntryPoint\",\"urlTemplate\":\"https:\/\/www.mylifeineurope.nkey.it\/?s={search_term_string}\"},\"query-input\":\"required name=search_term_string\"}],\"inLanguage\":\"pt-PT\"},{\"@type\":\"ImageObject\",\"inLanguage\":\"pt-PT\",\"@id\":\"https:\/\/www.mylifeineurope.nkey.it\/pt-pt\/jogo\/#primaryimage\",\"url\":\"https:\/\/www.mylifeineurope.nkey.it\/wp-content\/uploads\/2021\/04\/slide-gioco-1.jpg\",\"contentUrl\":\"https:\/\/www.mylifeineurope.nkey.it\/wp-content\/uploads\/2021\/04\/slide-gioco-1.jpg\",\"width\":2000,\"height\":576},{\"@type\":\"WebPage\",\"@id\":\"https:\/\/www.mylifeineurope.nkey.it\/pt-pt\/jogo\/#webpage\",\"url\":\"https:\/\/www.mylifeineurope.nkey.it\/pt-pt\/jogo\/\",\"name\":\"O JOGO - MY LIFE in EUROPE\",\"isPartOf\":{\"@id\":\"https:\/\/www.mylifeineurope.nkey.it\/#website\"},\"primaryImageOfPage\":{\"@id\":\"https:\/\/www.mylifeineurope.nkey.it\/pt-pt\/jogo\/#primaryimage\"},\"datePublished\":\"2021-04-13T09:26:12+00:00\",\"dateModified\":\"2023-04-14T09:27:37+00:00\",\"breadcrumb\":{\"@id\":\"https:\/\/www.mylifeineurope.nkey.it\/pt-pt\/jogo\/#breadcrumb\"},\"inLanguage\":\"pt-PT\",\"potentialAction\":[{\"@type\":\"ReadAction\",\"target\":[\"https:\/\/www.mylifeineurope.nkey.it\/pt-pt\/jogo\/\"]}]},{\"@type\":\"BreadcrumbList\",\"@id\":\"https:\/\/www.mylifeineurope.nkey.it\/pt-pt\/jogo\/#breadcrumb\",\"itemListElement\":[{\"@type\":\"ListItem\",\"position\":1,\"name\":\"Home\",\"item\":\"https:\/\/www.mylifeineurope.nkey.it\/pt-pt\/\"},{\"@type\":\"ListItem\",\"position\":2,\"name\":\"O JOGO\"}]}]}<\/script>\n<!-- \/ Yoast SEO plugin. -->","yoast_head_json":{"title":"O JOGO - MY LIFE in EUROPE","robots":{"index":"index","follow":"follow","max-snippet":"max-snippet:-1","max-image-preview":"max-image-preview:large","max-video-preview":"max-video-preview:-1"},"canonical":"https:\/\/www.mylifeineurope.nkey.it\/pt-pt\/jogo\/","og_locale":"pt_PT","og_type":"article","og_title":"O JOGO - MY LIFE in EUROPE","og_description":"[vc_row full_width=&#8221;stretch_row_content_no_spaces&#8221;][vc_column][\/vc_column][\/vc_row][vc_section][vc_row equal_height=&#8221;yes&#8221;][vc_column][vc_custom_heading text=&#8221;O JOGO&#8221; font_container=&#8221;tag:h3|text_align:left|color:%23424242&#8243; use_theme_fonts=&#8221;yes&#8221;][vc_empty_space][\/vc_column][vc_column width=&#8221;1\/2&#8243;][vc_column_text el_class=&#8221;text-just&#8221;]O jogo, que pode ser inserido entre os chamados &#8220;jogos s\u00e9rios&#8221;, ou a \u00faltima gera\u00e7\u00e3o de jogos digitais projetados para fins educativos no contexto da educa\u00e7\u00e3o de adultos com vista \u00e0 aprendizagem ao longo da vida e,...","og_url":"https:\/\/www.mylifeineurope.nkey.it\/pt-pt\/jogo\/","og_site_name":"MY LIFE in EUROPE","article_modified_time":"2023-04-14T09:27:37+00:00","og_image":[{"width":2000,"height":576,"url":"https:\/\/www.mylifeineurope.nkey.it\/wp-content\/uploads\/2021\/04\/slide-gioco-1.jpg","type":"image\/jpeg"}],"twitter_card":"summary_large_image","twitter_misc":{"Tempo estimado de leitura":"2 minutos"},"schema":{"@context":"https:\/\/schema.org","@graph":[{"@type":"WebSite","@id":"https:\/\/www.mylifeineurope.nkey.it\/#website","url":"https:\/\/www.mylifeineurope.nkey.it\/","name":"MY LIFE in EUROPE","description":"a new Methodology to insert Your LIFE biography IN the EUROPE context","potentialAction":[{"@type":"SearchAction","target":{"@type":"EntryPoint","urlTemplate":"https:\/\/www.mylifeineurope.nkey.it\/?s={search_term_string}"},"query-input":"required name=search_term_string"}],"inLanguage":"pt-PT"},{"@type":"ImageObject","inLanguage":"pt-PT","@id":"https:\/\/www.mylifeineurope.nkey.it\/pt-pt\/jogo\/#primaryimage","url":"https:\/\/www.mylifeineurope.nkey.it\/wp-content\/uploads\/2021\/04\/slide-gioco-1.jpg","contentUrl":"https:\/\/www.mylifeineurope.nkey.it\/wp-content\/uploads\/2021\/04\/slide-gioco-1.jpg","width":2000,"height":576},{"@type":"WebPage","@id":"https:\/\/www.mylifeineurope.nkey.it\/pt-pt\/jogo\/#webpage","url":"https:\/\/www.mylifeineurope.nkey.it\/pt-pt\/jogo\/","name":"O JOGO - MY LIFE in EUROPE","isPartOf":{"@id":"https:\/\/www.mylifeineurope.nkey.it\/#website"},"primaryImageOfPage":{"@id":"https:\/\/www.mylifeineurope.nkey.it\/pt-pt\/jogo\/#primaryimage"},"datePublished":"2021-04-13T09:26:12+00:00","dateModified":"2023-04-14T09:27:37+00:00","breadcrumb":{"@id":"https:\/\/www.mylifeineurope.nkey.it\/pt-pt\/jogo\/#breadcrumb"},"inLanguage":"pt-PT","potentialAction":[{"@type":"ReadAction","target":["https:\/\/www.mylifeineurope.nkey.it\/pt-pt\/jogo\/"]}]},{"@type":"BreadcrumbList","@id":"https:\/\/www.mylifeineurope.nkey.it\/pt-pt\/jogo\/#breadcrumb","itemListElement":[{"@type":"ListItem","position":1,"name":"Home","item":"https:\/\/www.mylifeineurope.nkey.it\/pt-pt\/"},{"@type":"ListItem","position":2,"name":"O JOGO"}]}]}},"_links":{"self":[{"href":"https:\/\/www.mylifeineurope.nkey.it\/pt-pt\/wp-json\/wp\/v2\/pages\/3230"}],"collection":[{"href":"https:\/\/www.mylifeineurope.nkey.it\/pt-pt\/wp-json\/wp\/v2\/pages"}],"about":[{"href":"https:\/\/www.mylifeineurope.nkey.it\/pt-pt\/wp-json\/wp\/v2\/types\/page"}],"author":[{"embeddable":true,"href":"https:\/\/www.mylifeineurope.nkey.it\/pt-pt\/wp-json\/wp\/v2\/users\/5"}],"replies":[{"embeddable":true,"href":"https:\/\/www.mylifeineurope.nkey.it\/pt-pt\/wp-json\/wp\/v2\/comments?post=3230"}],"version-history":[{"count":18,"href":"https:\/\/www.mylifeineurope.nkey.it\/pt-pt\/wp-json\/wp\/v2\/pages\/3230\/revisions"}],"predecessor-version":[{"id":10642,"href":"https:\/\/www.mylifeineurope.nkey.it\/pt-pt\/wp-json\/wp\/v2\/pages\/3230\/revisions\/10642"}],"wp:featuredmedia":[{"embeddable":true,"href":"https:\/\/www.mylifeineurope.nkey.it\/pt-pt\/wp-json\/wp\/v2\/media\/3396"}],"wp:attachment":[{"href":"https:\/\/www.mylifeineurope.nkey.it\/pt-pt\/wp-json\/wp\/v2\/media?parent=3230"}],"curies":[{"name":"wp","href":"https:\/\/api.w.org\/{rel}","templated":true}]}}