{"id":4629,"date":"2022-03-24T17:19:18","date_gmt":"2022-03-24T17:19:18","guid":{"rendered":"https:\/\/mylifeineurope.nkey.it\/?page_id=4629"},"modified":"2022-03-24T17:24:25","modified_gmt":"2022-03-24T17:24:25","slug":"zasoby","status":"publish","type":"page","link":"https:\/\/www.mylifeineurope.nkey.it\/pl\/zasoby\/","title":{"rendered":"Zasoby"},"content":{"rendered":"<p>[vc_row full_width=&#8221;stretch_row_content_no_spaces&#8221;][vc_column][vc_empty_space height=&#8221;64px&#8221;]\t\n\t\t<section class=\"page-title text-center\" style=\"background-image: url(https:\/\/www.mylifeineurope.nkey.it\/wp-content\/uploads\/2021\/04\/slide-genericaR-8.jpg);\">\n\t\t\t<div class=\"container relative clearfix\">\n\t\t\t\t<div class=\"title-holder\">\n\t\t\t\t\t<div class=\"title-text\">\n\t\t\t\t\t\t<h1 class=\"uppercase entry-title titolo-nero\">Zasoby<\/h1>\n\t\t\t\t\t\t\t\t\t\t\t<\/div>\n\t\t\t\t<\/div>\n\t\t\t<\/div>\n\t\t<\/section><!-- end page title -->\n\t\t\n\t[\/vc_column][\/vc_row][vc_row][vc_column][vc_column_text el_class=&#8221;text-just&#8221;]<\/p>\n<h4>Tutaj znajdziesz kilka dokument\u00f3w edukacyjnych powsta\u0142ych podczas LTT.<br \/>\n\u015aci\u0105gnij je, przeczytaj i wykorzystaj w swoich dzia\u0142aniach.<\/h4>\n<p>[\/vc_column_text][\/vc_column][\/vc_row][vc_row][vc_column][vc_column_text el_class=&#8221;text-just&#8221;]February 2022. Bologna LTT<\/p>\n<ul>\n<li><a href=\"https:\/\/mylifeineurope.nkey.it\/wp-content\/uploads\/2022\/02\/MY.LIFE.The.Game.and.The.Role.of.the.Master.pdf\"><strong>The Game and The Role of The Master<\/strong><\/a> by Grazia Chiarini and Sara Calcini (Lua)<\/li>\n<li><a href=\"https:\/\/mylifeineurope.nkey.it\/wp-content\/uploads\/2022\/02\/MY.LIFE.The.Project.The.Memory.The.Serious.Game.pdf\"><strong>The Project, Memory and Serious G<\/strong><strong>a<\/strong><strong>mes<\/strong><\/a> by Grazia Chiarini and Sara Calcini (Lua)<\/li>\n<li><a href=\"https:\/\/mylifeineurope.nkey.it\/wp-content\/uploads\/2022\/02\/MY.LIFE.The.Game.The.Manual.Narrative.and.Autobiographic.metodology.pdf\"><strong>The Game and the Manual &#8211; Narrative and autobiographical methodology<\/strong><\/a> by Grazia Chiarini and Sara Calcini (Lua),<\/li>\n<li><strong><a href=\"https:\/\/mylifeineurope.nkey.it\/en\/groupguide_l\/\">Group Master<\/a> and <a href=\"https:\/\/mylifeineurope.nkey.it\/en\/singleguide_l\/\">Single Player<\/a> Guide<\/strong><\/li>\n<li><a href=\"https:\/\/mylifeineurope.nkey.it\/en\/dissemination_l\/\"><strong>Let&#8217;s talk about dissemination<\/strong><\/a> by Nkey<\/li>\n<\/ul>\n<p>&nbsp;<\/p>\n<p>July 2021 Ramnicu Valcea and Sibiu LTT<\/p>\n<ul>\n<li><a href=\"https:\/\/mylifeineurope.nkey.it\/en\/idicomparativereport_l-2\/\"><strong>Research phase \u2013 IDI Interviews &#8211; Main findings<\/strong><\/a> by Beata Partyka (CEBS)<\/li>\n<li><strong><a href=\"https:\/\/mylifeineurope.nkey.it\/wp-content\/uploads\/2022\/02\/00LUApresentation.pdf\">Write of you with us &#8211; The benefits of writing <\/a><\/strong>by Grazia Chiarini and Sara Calcini (Lua)<\/li>\n<li><a href=\"https:\/\/mylifeineurope.nkey.it\/wp-content\/uploads\/2022\/02\/MY.LIFE.Autobiography.history.and.narrative.metodology.Partners.pdf\"><strong>Autobiography History and Narrative Methodologies<\/strong><\/a> by Grazia Chiarini and Sara Calcini (Lua)<\/li>\n<\/ul>\n<p>&nbsp;<\/p>\n<p>MyLife Press Kit<\/p>\n<ul>\n<li><a href=\"https:\/\/mylifeineurope.nkey.it\/wp-content\/uploads\/2022\/03\/Identita-grafica.zip\"><strong>Download Logo&#8217;s Set<\/strong><\/a> by Nkey<\/li>\n<li><strong><a href=\"https:\/\/mylifeineurope.nkey.it\/wp-content\/uploads\/2022\/03\/MyLife_Visual-guidelines_EN.pdf\" target=\"_blank\" rel=\"noopener\">Download Visual Guidelines<\/a> <\/strong> by Nkey<\/li>\n<\/ul>\n<p>[\/vc_column_text][\/vc_column][\/vc_row]<\/p>\n<div class=\"clearfix\"><\/div>","protected":false},"excerpt":{"rendered":"<p>[vc_row full_width=&#8221;stretch_row_content_no_spaces&#8221;][vc_column][vc_empty_space height=&#8221;64px&#8221;][\/vc_column][\/vc_row][vc_row][vc_column][vc_column_text el_class=&#8221;text-just&#8221;] Tutaj znajdziesz kilka dokument\u00f3w edukacyjnych powsta\u0142ych podczas LTT. \u015aci\u0105gnij je, przeczytaj i wykorzystaj w swoich dzia\u0142aniach. [\/vc_column_text][\/vc_column][\/vc_row][vc_row][vc_column][vc_column_text el_class=&#8221;text-just&#8221;]February 2022. Bologna LTT The Game and The Role of The Master by Grazia Chiarini and Sara Calcini (Lua) The Project, Memory and Serious&#8230;<\/p>\n","protected":false},"author":6,"featured_media":3591,"parent":0,"menu_order":0,"comment_status":"closed","ping_status":"closed","template":"","meta":[],"acf":[],"yoast_head":"<!-- This site is optimized with the Yoast SEO plugin v18.7 - https:\/\/yoast.com\/wordpress\/plugins\/seo\/ -->\n<title>Zasoby - MY LIFE in EUROPE<\/title>\n<meta name=\"robots\" content=\"index, follow, max-snippet:-1, max-image-preview:large, max-video-preview:-1\" \/>\n<link rel=\"canonical\" href=\"https:\/\/www.mylifeineurope.nkey.it\/pl\/zasoby\/\" \/>\n<meta property=\"og:locale\" content=\"pl_PL\" \/>\n<meta property=\"og:type\" content=\"article\" \/>\n<meta property=\"og:title\" content=\"Zasoby - MY LIFE in EUROPE\" \/>\n<meta property=\"og:description\" content=\"[vc_row full_width=&#8221;stretch_row_content_no_spaces&#8221;][vc_column][vc_empty_space height=&#8221;64px&#8221;][\/vc_column][\/vc_row][vc_row][vc_column][vc_column_text el_class=&#8221;text-just&#8221;] Tutaj znajdziesz kilka dokument\u00f3w edukacyjnych powsta\u0142ych podczas LTT. \u015aci\u0105gnij je, przeczytaj i wykorzystaj w swoich dzia\u0142aniach. [\/vc_column_text][\/vc_column][\/vc_row][vc_row][vc_column][vc_column_text el_class=&#8221;text-just&#8221;]February 2022. Bologna LTT The Game and The Role of The Master by Grazia Chiarini and Sara Calcini (Lua) The Project, Memory and Serious...\" \/>\n<meta property=\"og:url\" content=\"https:\/\/www.mylifeineurope.nkey.it\/pl\/zasoby\/\" \/>\n<meta property=\"og:site_name\" content=\"MY LIFE in EUROPE\" \/>\n<meta property=\"article:modified_time\" content=\"2022-03-24T17:24:25+00:00\" \/>\n<meta property=\"og:image\" content=\"https:\/\/www.mylifeineurope.nkey.it\/wp-content\/uploads\/2021\/04\/slide-genericaR-8.jpg\" \/>\n\t<meta property=\"og:image:width\" content=\"2000\" \/>\n\t<meta property=\"og:image:height\" content=\"576\" \/>\n\t<meta property=\"og:image:type\" content=\"image\/jpeg\" \/>\n<meta name=\"twitter:card\" content=\"summary_large_image\" \/>\n<meta name=\"twitter:label1\" content=\"Szacowany czas czytania\" \/>\n\t<meta name=\"twitter:data1\" content=\"1 minuta\" \/>\n<script type=\"application\/ld+json\" class=\"yoast-schema-graph\">{\"@context\":\"https:\/\/schema.org\",\"@graph\":[{\"@type\":\"WebSite\",\"@id\":\"https:\/\/www.mylifeineurope.nkey.it\/#website\",\"url\":\"https:\/\/www.mylifeineurope.nkey.it\/\",\"name\":\"MY LIFE in EUROPE\",\"description\":\"a new Methodology to insert Your LIFE biography IN the EUROPE context\",\"potentialAction\":[{\"@type\":\"SearchAction\",\"target\":{\"@type\":\"EntryPoint\",\"urlTemplate\":\"https:\/\/www.mylifeineurope.nkey.it\/?s={search_term_string}\"},\"query-input\":\"required name=search_term_string\"}],\"inLanguage\":\"pl-PL\"},{\"@type\":\"ImageObject\",\"inLanguage\":\"pl-PL\",\"@id\":\"https:\/\/www.mylifeineurope.nkey.it\/pl\/zasoby\/#primaryimage\",\"url\":\"https:\/\/www.mylifeineurope.nkey.it\/wp-content\/uploads\/2021\/04\/slide-genericaR-8.jpg\",\"contentUrl\":\"https:\/\/www.mylifeineurope.nkey.it\/wp-content\/uploads\/2021\/04\/slide-genericaR-8.jpg\",\"width\":2000,\"height\":576},{\"@type\":\"WebPage\",\"@id\":\"https:\/\/www.mylifeineurope.nkey.it\/pl\/zasoby\/#webpage\",\"url\":\"https:\/\/www.mylifeineurope.nkey.it\/pl\/zasoby\/\",\"name\":\"Zasoby - MY LIFE in EUROPE\",\"isPartOf\":{\"@id\":\"https:\/\/www.mylifeineurope.nkey.it\/#website\"},\"primaryImageOfPage\":{\"@id\":\"https:\/\/www.mylifeineurope.nkey.it\/pl\/zasoby\/#primaryimage\"},\"datePublished\":\"2022-03-24T17:19:18+00:00\",\"dateModified\":\"2022-03-24T17:24:25+00:00\",\"breadcrumb\":{\"@id\":\"https:\/\/www.mylifeineurope.nkey.it\/pl\/zasoby\/#breadcrumb\"},\"inLanguage\":\"pl-PL\",\"potentialAction\":[{\"@type\":\"ReadAction\",\"target\":[\"https:\/\/www.mylifeineurope.nkey.it\/pl\/zasoby\/\"]}]},{\"@type\":\"BreadcrumbList\",\"@id\":\"https:\/\/www.mylifeineurope.nkey.it\/pl\/zasoby\/#breadcrumb\",\"itemListElement\":[{\"@type\":\"ListItem\",\"position\":1,\"name\":\"Home\",\"item\":\"https:\/\/www.mylifeineurope.nkey.it\/pl\/\"},{\"@type\":\"ListItem\",\"position\":2,\"name\":\"Zasoby\"}]}]}<\/script>\n<!-- \/ Yoast SEO plugin. -->","yoast_head_json":{"title":"Zasoby - MY LIFE in EUROPE","robots":{"index":"index","follow":"follow","max-snippet":"max-snippet:-1","max-image-preview":"max-image-preview:large","max-video-preview":"max-video-preview:-1"},"canonical":"https:\/\/www.mylifeineurope.nkey.it\/pl\/zasoby\/","og_locale":"pl_PL","og_type":"article","og_title":"Zasoby - MY LIFE in EUROPE","og_description":"[vc_row full_width=&#8221;stretch_row_content_no_spaces&#8221;][vc_column][vc_empty_space height=&#8221;64px&#8221;][\/vc_column][\/vc_row][vc_row][vc_column][vc_column_text el_class=&#8221;text-just&#8221;] Tutaj znajdziesz kilka dokument\u00f3w edukacyjnych powsta\u0142ych podczas LTT. \u015aci\u0105gnij je, przeczytaj i wykorzystaj w swoich dzia\u0142aniach. [\/vc_column_text][\/vc_column][\/vc_row][vc_row][vc_column][vc_column_text el_class=&#8221;text-just&#8221;]February 2022. Bologna LTT The Game and The Role of The Master by Grazia Chiarini and Sara Calcini (Lua) The Project, Memory and Serious...","og_url":"https:\/\/www.mylifeineurope.nkey.it\/pl\/zasoby\/","og_site_name":"MY LIFE in EUROPE","article_modified_time":"2022-03-24T17:24:25+00:00","og_image":[{"width":2000,"height":576,"url":"https:\/\/www.mylifeineurope.nkey.it\/wp-content\/uploads\/2021\/04\/slide-genericaR-8.jpg","type":"image\/jpeg"}],"twitter_card":"summary_large_image","twitter_misc":{"Szacowany czas czytania":"1 minuta"},"schema":{"@context":"https:\/\/schema.org","@graph":[{"@type":"WebSite","@id":"https:\/\/www.mylifeineurope.nkey.it\/#website","url":"https:\/\/www.mylifeineurope.nkey.it\/","name":"MY LIFE in EUROPE","description":"a new Methodology to insert Your LIFE biography IN the EUROPE context","potentialAction":[{"@type":"SearchAction","target":{"@type":"EntryPoint","urlTemplate":"https:\/\/www.mylifeineurope.nkey.it\/?s={search_term_string}"},"query-input":"required name=search_term_string"}],"inLanguage":"pl-PL"},{"@type":"ImageObject","inLanguage":"pl-PL","@id":"https:\/\/www.mylifeineurope.nkey.it\/pl\/zasoby\/#primaryimage","url":"https:\/\/www.mylifeineurope.nkey.it\/wp-content\/uploads\/2021\/04\/slide-genericaR-8.jpg","contentUrl":"https:\/\/www.mylifeineurope.nkey.it\/wp-content\/uploads\/2021\/04\/slide-genericaR-8.jpg","width":2000,"height":576},{"@type":"WebPage","@id":"https:\/\/www.mylifeineurope.nkey.it\/pl\/zasoby\/#webpage","url":"https:\/\/www.mylifeineurope.nkey.it\/pl\/zasoby\/","name":"Zasoby - MY LIFE in EUROPE","isPartOf":{"@id":"https:\/\/www.mylifeineurope.nkey.it\/#website"},"primaryImageOfPage":{"@id":"https:\/\/www.mylifeineurope.nkey.it\/pl\/zasoby\/#primaryimage"},"datePublished":"2022-03-24T17:19:18+00:00","dateModified":"2022-03-24T17:24:25+00:00","breadcrumb":{"@id":"https:\/\/www.mylifeineurope.nkey.it\/pl\/zasoby\/#breadcrumb"},"inLanguage":"pl-PL","potentialAction":[{"@type":"ReadAction","target":["https:\/\/www.mylifeineurope.nkey.it\/pl\/zasoby\/"]}]},{"@type":"BreadcrumbList","@id":"https:\/\/www.mylifeineurope.nkey.it\/pl\/zasoby\/#breadcrumb","itemListElement":[{"@type":"ListItem","position":1,"name":"Home","item":"https:\/\/www.mylifeineurope.nkey.it\/pl\/"},{"@type":"ListItem","position":2,"name":"Zasoby"}]}]}},"_links":{"self":[{"href":"https:\/\/www.mylifeineurope.nkey.it\/pl\/wp-json\/wp\/v2\/pages\/4629"}],"collection":[{"href":"https:\/\/www.mylifeineurope.nkey.it\/pl\/wp-json\/wp\/v2\/pages"}],"about":[{"href":"https:\/\/www.mylifeineurope.nkey.it\/pl\/wp-json\/wp\/v2\/types\/page"}],"author":[{"embeddable":true,"href":"https:\/\/www.mylifeineurope.nkey.it\/pl\/wp-json\/wp\/v2\/users\/6"}],"replies":[{"embeddable":true,"href":"https:\/\/www.mylifeineurope.nkey.it\/pl\/wp-json\/wp\/v2\/comments?post=4629"}],"version-history":[{"count":9,"href":"https:\/\/www.mylifeineurope.nkey.it\/pl\/wp-json\/wp\/v2\/pages\/4629\/revisions"}],"predecessor-version":[{"id":4638,"href":"https:\/\/www.mylifeineurope.nkey.it\/pl\/wp-json\/wp\/v2\/pages\/4629\/revisions\/4638"}],"wp:featuredmedia":[{"embeddable":true,"href":"https:\/\/www.mylifeineurope.nkey.it\/pl\/wp-json\/wp\/v2\/media\/3591"}],"wp:attachment":[{"href":"https:\/\/www.mylifeineurope.nkey.it\/pl\/wp-json\/wp\/v2\/media?parent=4629"}],"curies":[{"name":"wp","href":"https:\/\/api.w.org\/{rel}","templated":true}]}}