{"id":3541,"date":"2021-05-12T10:05:32","date_gmt":"2021-05-12T10:05:32","guid":{"rendered":"https:\/\/mylifeineurope.nkey.it\/?page_id=3541"},"modified":"2023-04-14T10:42:37","modified_gmt":"2023-04-14T10:42:37","slug":"gra","status":"publish","type":"page","link":"https:\/\/www.mylifeineurope.nkey.it\/pl\/gra\/","title":{"rendered":"GRA"},"content":{"rendered":"<p>[vc_row full_width=&#8221;stretch_row_content_no_spaces&#8221;][vc_column]\t\n\t\t<section class=\"page-title text-center\" style=\"background-image: url(https:\/\/www.mylifeineurope.nkey.it\/wp-content\/uploads\/2021\/04\/slide-gioco-1.jpg);\">\n\t\t\t<div class=\"container relative clearfix\">\n\t\t\t\t<div class=\"title-holder\">\n\t\t\t\t\t<div class=\"title-text\">\n\t\t\t\t\t\t<h1 class=\"uppercase entry-title titolo-nero\">GRA<\/h1>\n\t\t\t\t\t\t\t\t\t\t\t<\/div>\n\t\t\t\t<\/div>\n\t\t\t<\/div>\n\t\t<\/section><!-- end page title -->\n\t\t\n\t[\/vc_column][\/vc_row][vc_section][vc_row equal_height=&#8221;yes&#8221;][vc_column][vc_custom_heading text=&#8221;GRA&#8221; font_container=&#8221;tag:h3|text_align:left|color:%23424242&#8243; use_theme_fonts=&#8221;yes&#8221;][vc_empty_space][\/vc_column][vc_column width=&#8221;1\/2&#8243;][vc_column_text el_class=&#8221;text-just&#8221;]Gra zaliczana do tzw. \u201epowa\u017cnych gier\u201d, czyli najnowszej generacji gier cyfrowych zaprojektowanych do cel\u00f3w edukacyjnych, b\u0119dzie mia\u0142a charakter aplikacji internetowej dost\u0119pnej do pobrania offline za darmo na smartfona lub komputer, dzi\u0119ki kt\u00f3rej ka\u017cdy edukator b\u0119dzie m\u00f3g\u0142 w \u0142atwy i przyjemny spos\u00f3b wykorzysta\u0107 technik\u0119 pisania autobiograficznego jako u\u017cytecznego narz\u0119dzia w programach terapeutycznych, rehabilitacyjnych i rekreacyjnych. Nale\u017cy podkre\u015bli\u0107, \u017ce ta forma aktywno\u015bci w kontek\u015bcie autobiograficznym jest istotnym narz\u0119dziem szkoleniowym do tworzenia narracji opowie\u015bci poprzez dzia\u0142ania edukacyjne \u201ebiografii ludo\u201d (Staccioli, 2010).<\/p>\n<p>Grup\u0105 docelow\u0105 naszego projektu s\u0105 osoby w wieku 60 lat i wi\u0119cej poniewa\u017c ze wzgl\u0119du na charakter wytworu intelektualnego, kt\u00f3ry w uj\u0119ciu autobiograficznym pozwala nam czerpa\u0107 z ich \u017cycia bogatego w do\u015bwiadczenia. Szczeg\u00f3lnie interesuj\u0105ce b\u0119dzie zastosowanie narz\u0119dzia u pacjent\u00f3w z chorob\u0105 Alzheimera lub demencj\u0105 starcz\u0105, u kt\u00f3rych ten rodzaj bod\u017aca poznawczego mo\u017ce sta\u0107 si\u0119 integraln\u0105 cz\u0119\u015bci\u0105 \u015bcie\u017cki diagnostyczno-terapeutycznej i by\u0107 przydatny w utrzymaniu resztkowych zdolno\u015bci.[\/vc_column_text][\/vc_column][vc_column width=&#8221;1\/2&#8243;][vc_column_text el_class=&#8221;text-just&#8221;]Gra zostanie zaprojektowana w taki spos\u00f3b, aby mo\u017cna by\u0142o z niej korzysta\u0107 zar\u00f3wno indywidualnie, jak i w grupach. Nie b\u0119dzie te\u017c ogranicze\u0144 co do liczby uczestnik\u00f3w. &#8222;Graczom&#8221; zaoferuje ona niezliczone ilo\u015bci bod\u017ac\u00f3w emocjonalnych w postaci obraz\u00f3w, d\u017awi\u0119k\u00f3w i zapach\u00f3w, kt\u00f3re zamieni\u0105 si\u0119 w \u201ehistorie\u201d. Pod kierunkiem osoby obs\u0142uguj\u0105cej gr\u0119, ka\u017cdy bodziec mo\u017cna \u201eopowiedzie\u0107\u201d grupie, wywo\u0142uj\u0105c przy tym w\u015br\u00f3d niej empati\u0119 i sk\u0142ania\u0107 do dzielenia si\u0119 do\u015bwiadczeniami. Ka\u017cdy napisany lub nagrany utw\u00f3r zostanie nast\u0119pnie umieszczony chronologicznie w systemie i stanie si\u0119 wa\u017cn\u0105 cz\u0119\u015bci\u0105 opowie\u015bci, autobiografi\u0105 do pobrania w formacie pdf. Projekt zak\u0142ada stworzenie wersji dost\u0119pnej r\u00f3wnie\u017c dla os\u00f3b niewidomych, w kt\u00f3rej bod\u017ace b\u0119d\u0105 mog\u0142y zosta\u0107 us\u0142yszane przez graczy, a tak\u017ce dla os\u00f3b nies\u0142ysz\u0105cych, gdzie wszystkie d\u017awi\u0119ki zostan\u0105 zast\u0105pione obrazami.[\/vc_column_text][vc_raw_html]JTNDYSUyMGhyZWYlM0QlMjJodHRwcyUzQSUyRiUyRnd3dy5teWxpZmVpbmV1cm9wZS5ua2V5Lml0JTJGd3AtY29udGVudCUyRnVwbG9hZHMlMkYyMDIyJTJGMTElMkZNeS1MSUZFLVRoZS1HYW1lLXVzZXItR3VpZGUucGRmJTIyJTNFJTNDc3BhbiUzRVBPQklFUlolMjBJTlNUUlVLQ0olQzQlOTglMjBVJUM1JUJCWVRLT1dOSUtBJTNDJTJGc3BhbiUzRSUzQyUyRmElM0U=[\/vc_raw_html][vc_raw_html]JTNDZGl2JTIwY2xhc3MlM0QlMjJ3cGJfd3JhcHBlciUyMiUzRSUwQSUwOSUwOSUwOSUzQ2ElMjBjbGFzcyUzRCUyMmJ0biUyMGJ0bi1sZyUyMGJ0bi1jb2xvciUyMiUyMGhyZWYlM0QlMjJodHRwcyUzQSUyRiUyRm15bGlmZXRoZWdhbWUubmtleS5pdCUyRiUyMiUzRSUzQ3NwYW4lM0UlMEF6YWdyYSVDNCU4NyUyMHclMjBnciVDNCU5OSUzQyUyRnNwYW4lM0UlM0MlMkZhJTNFJTBBJTA5JTA5JTNDJTJGZGl2JTNF[\/vc_raw_html][vc_column_text]LUB[\/vc_column_text][vc_row_inner][vc_column_inner][vc_raw_html]JTNDZGl2JTIwY2xhc3MlM0QlMjJ3cGJfd3JhcHBlciUyMiUzRSUwQSUwQSUwOSUwOSUwOSUzQ2ElMjBjbGFzcyUzRCUyMmJ0biUyMGJ0bi1sZyUyMGJ0bi1jb2xvciUyMiUyMGhyZWYlM0QlMjIlMkZwYXBlcmtpdCUyMiUzRSUzQ3NwYW4lM0VQT0JJRVJaJTIwWkVTVEFXWSUyMFBBUElFUiVDMyU5M1clM0MlMkZzcGFuJTNFJTNDJTJGYSUzRSUwQSUwOSUwOSUzQyUyRmRpdiUzRQ==[\/vc_raw_html][vc_raw_html]JTNDYSUyMGhyZWYlM0QlMjJodHRwcyUzQSUyRiUyRnd3dy5teWxpZmVpbmV1cm9wZS5ua2V5Lml0JTJGbWFudWFsZSUyRiUyMiUzRSUzQ3NwYW4lM0VQT0JJRVJaJTIwSU5TVFJVS0NKJUM0JTk4JTIwTUVUT0RZQ1pOJUM0JTg0JTNDJTJGc3BhbiUzRSUzQyUyRmElM0U=[\/vc_raw_html][\/vc_column_inner][\/vc_row_inner][\/vc_column][\/vc_row][vc_row][vc_column][vc_single_image image=&#8221;3543&#8243; img_size=&#8221;full&#8221;][\/vc_column][\/vc_row][\/vc_section][vc_section full_width=&#8221;stretch_row&#8221; css=&#8221;.vc_custom_1616759458908{background-color: #f7f7f7 !important;}&#8221;][vc_row][vc_column][vc_custom_heading text=&#8221;Updates of the project&#8221; font_container=&#8221;tag:h2|text_align:center|color:%233d3d3d&#8221; use_theme_fonts=&#8221;yes&#8221;][vc_empty_space height=&#8221;22px&#8221;][vc_raw_html]JTNDcCUyMHN0eWxlJTNEJTIydGV4dC1hbGlnbiUzQWNlbnRlciUzQiUyMiUzRUZvbGxvdyUyMHVzJTNDJTJGcCUzRQ==[\/vc_raw_html][vc_empty_space height=&#8221;22px&#8221;][vc_separator color=&#8221;custom&#8221; border_width=&#8221;5&#8243; el_width=&#8221;10&#8243; accent_color=&#8221;#dd3333&#8243;][vc_empty_space height=&#8221;42px&#8221;][vc_basic_grid post_type=&#8221;post&#8221; max_items=&#8221;3&#8243; item=&#8221;2537&#8243; grid_id=&#8221;vc_gid:1681468947497-52905152-2185-1&#8243; taxonomies=&#8221;68&#8243;][vc_raw_html]JTNDZGl2JTIwY2xhc3MlM0QlMjJjdGEtYnV0dG9ucyUyMG10LTMwJTIyJTIwc3R5bGUlM0QlMjJ0ZXh0LWFsaWduJTNBJTIwY2VudGVyJTNCJTIyJTNFJTNDYSUyMGNsYXNzJTNEJTIyYnRuJTIwYnRuLWxnJTIwYnRuLWNvbG9yJTIyJTIwaHJlZiUzRCUyMiUyRnBsJTJGc3RlcHMlMkYlMjIlM0UlM0NzcGFuJTNFU1RFUCUzQyUyRnNwYW4lM0UlM0MlMkZhJTNFJTNDJTJGZGl2JTNF[\/vc_raw_html][\/vc_column][\/vc_row][\/vc_section]<\/p>\n<div class=\"clearfix\"><\/div>","protected":false},"excerpt":{"rendered":"<p>[vc_row full_width=&#8221;stretch_row_content_no_spaces&#8221;][vc_column][\/vc_column][\/vc_row][vc_section][vc_row equal_height=&#8221;yes&#8221;][vc_column][vc_custom_heading text=&#8221;GRA&#8221; font_container=&#8221;tag:h3|text_align:left|color:%23424242&#8243; use_theme_fonts=&#8221;yes&#8221;][vc_empty_space][\/vc_column][vc_column width=&#8221;1\/2&#8243;][vc_column_text el_class=&#8221;text-just&#8221;]Gra zaliczana do tzw. \u201epowa\u017cnych gier\u201d, czyli najnowszej generacji gier cyfrowych zaprojektowanych do cel\u00f3w edukacyjnych, b\u0119dzie mia\u0142a charakter aplikacji internetowej dost\u0119pnej do pobrania offline za darmo na smartfona lub komputer, dzi\u0119ki kt\u00f3rej ka\u017cdy edukator b\u0119dzie m\u00f3g\u0142 w \u0142atwy&#8230;<\/p>\n","protected":false},"author":5,"featured_media":3546,"parent":0,"menu_order":0,"comment_status":"closed","ping_status":"closed","template":"","meta":[],"acf":[],"yoast_head":"<!-- This site is optimized with the Yoast SEO plugin v18.7 - https:\/\/yoast.com\/wordpress\/plugins\/seo\/ -->\n<title>GRA - MY LIFE in EUROPE<\/title>\n<meta name=\"robots\" content=\"index, follow, max-snippet:-1, max-image-preview:large, max-video-preview:-1\" \/>\n<link rel=\"canonical\" href=\"https:\/\/www.mylifeineurope.nkey.it\/pl\/gra\/\" \/>\n<meta property=\"og:locale\" content=\"pl_PL\" \/>\n<meta property=\"og:type\" content=\"article\" \/>\n<meta property=\"og:title\" content=\"GRA - MY LIFE in EUROPE\" \/>\n<meta property=\"og:description\" content=\"[vc_row full_width=&#8221;stretch_row_content_no_spaces&#8221;][vc_column][\/vc_column][\/vc_row][vc_section][vc_row equal_height=&#8221;yes&#8221;][vc_column][vc_custom_heading text=&#8221;GRA&#8221; font_container=&#8221;tag:h3|text_align:left|color:%23424242&#8243; use_theme_fonts=&#8221;yes&#8221;][vc_empty_space][\/vc_column][vc_column width=&#8221;1\/2&#8243;][vc_column_text el_class=&#8221;text-just&#8221;]Gra zaliczana do tzw. \u201epowa\u017cnych gier\u201d, czyli najnowszej generacji gier cyfrowych zaprojektowanych do cel\u00f3w edukacyjnych, b\u0119dzie mia\u0142a charakter aplikacji internetowej dost\u0119pnej do pobrania offline za darmo na smartfona lub komputer, dzi\u0119ki kt\u00f3rej ka\u017cdy edukator b\u0119dzie m\u00f3g\u0142 w \u0142atwy...\" \/>\n<meta property=\"og:url\" content=\"https:\/\/www.mylifeineurope.nkey.it\/pl\/gra\/\" \/>\n<meta property=\"og:site_name\" content=\"MY LIFE in EUROPE\" \/>\n<meta property=\"article:modified_time\" content=\"2023-04-14T10:42:37+00:00\" \/>\n<meta property=\"og:image\" content=\"https:\/\/www.mylifeineurope.nkey.it\/wp-content\/uploads\/2021\/04\/slide-gioco-1.jpg\" \/>\n\t<meta property=\"og:image:width\" content=\"2000\" \/>\n\t<meta property=\"og:image:height\" content=\"576\" \/>\n\t<meta property=\"og:image:type\" content=\"image\/jpeg\" \/>\n<meta name=\"twitter:card\" content=\"summary_large_image\" \/>\n<meta name=\"twitter:label1\" content=\"Szacowany czas czytania\" \/>\n\t<meta name=\"twitter:data1\" content=\"2 minuty\" \/>\n<script type=\"application\/ld+json\" class=\"yoast-schema-graph\">{\"@context\":\"https:\/\/schema.org\",\"@graph\":[{\"@type\":\"WebSite\",\"@id\":\"https:\/\/www.mylifeineurope.nkey.it\/#website\",\"url\":\"https:\/\/www.mylifeineurope.nkey.it\/\",\"name\":\"MY LIFE in EUROPE\",\"description\":\"a new Methodology to insert Your LIFE biography IN the EUROPE context\",\"potentialAction\":[{\"@type\":\"SearchAction\",\"target\":{\"@type\":\"EntryPoint\",\"urlTemplate\":\"https:\/\/www.mylifeineurope.nkey.it\/?s={search_term_string}\"},\"query-input\":\"required name=search_term_string\"}],\"inLanguage\":\"pl-PL\"},{\"@type\":\"ImageObject\",\"inLanguage\":\"pl-PL\",\"@id\":\"https:\/\/www.mylifeineurope.nkey.it\/pl\/gra\/#primaryimage\",\"url\":\"https:\/\/www.mylifeineurope.nkey.it\/wp-content\/uploads\/2021\/04\/slide-gioco-1.jpg\",\"contentUrl\":\"https:\/\/www.mylifeineurope.nkey.it\/wp-content\/uploads\/2021\/04\/slide-gioco-1.jpg\",\"width\":2000,\"height\":576},{\"@type\":\"WebPage\",\"@id\":\"https:\/\/www.mylifeineurope.nkey.it\/pl\/gra\/#webpage\",\"url\":\"https:\/\/www.mylifeineurope.nkey.it\/pl\/gra\/\",\"name\":\"GRA - MY LIFE in EUROPE\",\"isPartOf\":{\"@id\":\"https:\/\/www.mylifeineurope.nkey.it\/#website\"},\"primaryImageOfPage\":{\"@id\":\"https:\/\/www.mylifeineurope.nkey.it\/pl\/gra\/#primaryimage\"},\"datePublished\":\"2021-05-12T10:05:32+00:00\",\"dateModified\":\"2023-04-14T10:42:37+00:00\",\"breadcrumb\":{\"@id\":\"https:\/\/www.mylifeineurope.nkey.it\/pl\/gra\/#breadcrumb\"},\"inLanguage\":\"pl-PL\",\"potentialAction\":[{\"@type\":\"ReadAction\",\"target\":[\"https:\/\/www.mylifeineurope.nkey.it\/pl\/gra\/\"]}]},{\"@type\":\"BreadcrumbList\",\"@id\":\"https:\/\/www.mylifeineurope.nkey.it\/pl\/gra\/#breadcrumb\",\"itemListElement\":[{\"@type\":\"ListItem\",\"position\":1,\"name\":\"Home\",\"item\":\"https:\/\/www.mylifeineurope.nkey.it\/pl\/\"},{\"@type\":\"ListItem\",\"position\":2,\"name\":\"GRA\"}]}]}<\/script>\n<!-- \/ Yoast SEO plugin. -->","yoast_head_json":{"title":"GRA - MY LIFE in EUROPE","robots":{"index":"index","follow":"follow","max-snippet":"max-snippet:-1","max-image-preview":"max-image-preview:large","max-video-preview":"max-video-preview:-1"},"canonical":"https:\/\/www.mylifeineurope.nkey.it\/pl\/gra\/","og_locale":"pl_PL","og_type":"article","og_title":"GRA - MY LIFE in EUROPE","og_description":"[vc_row full_width=&#8221;stretch_row_content_no_spaces&#8221;][vc_column][\/vc_column][\/vc_row][vc_section][vc_row equal_height=&#8221;yes&#8221;][vc_column][vc_custom_heading text=&#8221;GRA&#8221; font_container=&#8221;tag:h3|text_align:left|color:%23424242&#8243; use_theme_fonts=&#8221;yes&#8221;][vc_empty_space][\/vc_column][vc_column width=&#8221;1\/2&#8243;][vc_column_text el_class=&#8221;text-just&#8221;]Gra zaliczana do tzw. \u201epowa\u017cnych gier\u201d, czyli najnowszej generacji gier cyfrowych zaprojektowanych do cel\u00f3w edukacyjnych, b\u0119dzie mia\u0142a charakter aplikacji internetowej dost\u0119pnej do pobrania offline za darmo na smartfona lub komputer, dzi\u0119ki kt\u00f3rej ka\u017cdy edukator b\u0119dzie m\u00f3g\u0142 w \u0142atwy...","og_url":"https:\/\/www.mylifeineurope.nkey.it\/pl\/gra\/","og_site_name":"MY LIFE in EUROPE","article_modified_time":"2023-04-14T10:42:37+00:00","og_image":[{"width":2000,"height":576,"url":"https:\/\/www.mylifeineurope.nkey.it\/wp-content\/uploads\/2021\/04\/slide-gioco-1.jpg","type":"image\/jpeg"}],"twitter_card":"summary_large_image","twitter_misc":{"Szacowany czas czytania":"2 minuty"},"schema":{"@context":"https:\/\/schema.org","@graph":[{"@type":"WebSite","@id":"https:\/\/www.mylifeineurope.nkey.it\/#website","url":"https:\/\/www.mylifeineurope.nkey.it\/","name":"MY LIFE in EUROPE","description":"a new Methodology to insert Your LIFE biography IN the EUROPE context","potentialAction":[{"@type":"SearchAction","target":{"@type":"EntryPoint","urlTemplate":"https:\/\/www.mylifeineurope.nkey.it\/?s={search_term_string}"},"query-input":"required name=search_term_string"}],"inLanguage":"pl-PL"},{"@type":"ImageObject","inLanguage":"pl-PL","@id":"https:\/\/www.mylifeineurope.nkey.it\/pl\/gra\/#primaryimage","url":"https:\/\/www.mylifeineurope.nkey.it\/wp-content\/uploads\/2021\/04\/slide-gioco-1.jpg","contentUrl":"https:\/\/www.mylifeineurope.nkey.it\/wp-content\/uploads\/2021\/04\/slide-gioco-1.jpg","width":2000,"height":576},{"@type":"WebPage","@id":"https:\/\/www.mylifeineurope.nkey.it\/pl\/gra\/#webpage","url":"https:\/\/www.mylifeineurope.nkey.it\/pl\/gra\/","name":"GRA - MY LIFE in EUROPE","isPartOf":{"@id":"https:\/\/www.mylifeineurope.nkey.it\/#website"},"primaryImageOfPage":{"@id":"https:\/\/www.mylifeineurope.nkey.it\/pl\/gra\/#primaryimage"},"datePublished":"2021-05-12T10:05:32+00:00","dateModified":"2023-04-14T10:42:37+00:00","breadcrumb":{"@id":"https:\/\/www.mylifeineurope.nkey.it\/pl\/gra\/#breadcrumb"},"inLanguage":"pl-PL","potentialAction":[{"@type":"ReadAction","target":["https:\/\/www.mylifeineurope.nkey.it\/pl\/gra\/"]}]},{"@type":"BreadcrumbList","@id":"https:\/\/www.mylifeineurope.nkey.it\/pl\/gra\/#breadcrumb","itemListElement":[{"@type":"ListItem","position":1,"name":"Home","item":"https:\/\/www.mylifeineurope.nkey.it\/pl\/"},{"@type":"ListItem","position":2,"name":"GRA"}]}]}},"_links":{"self":[{"href":"https:\/\/www.mylifeineurope.nkey.it\/pl\/wp-json\/wp\/v2\/pages\/3541"}],"collection":[{"href":"https:\/\/www.mylifeineurope.nkey.it\/pl\/wp-json\/wp\/v2\/pages"}],"about":[{"href":"https:\/\/www.mylifeineurope.nkey.it\/pl\/wp-json\/wp\/v2\/types\/page"}],"author":[{"embeddable":true,"href":"https:\/\/www.mylifeineurope.nkey.it\/pl\/wp-json\/wp\/v2\/users\/5"}],"replies":[{"embeddable":true,"href":"https:\/\/www.mylifeineurope.nkey.it\/pl\/wp-json\/wp\/v2\/comments?post=3541"}],"version-history":[{"count":10,"href":"https:\/\/www.mylifeineurope.nkey.it\/pl\/wp-json\/wp\/v2\/pages\/3541\/revisions"}],"predecessor-version":[{"id":10649,"href":"https:\/\/www.mylifeineurope.nkey.it\/pl\/wp-json\/wp\/v2\/pages\/3541\/revisions\/10649"}],"wp:featuredmedia":[{"embeddable":true,"href":"https:\/\/www.mylifeineurope.nkey.it\/pl\/wp-json\/wp\/v2\/media\/3546"}],"wp:attachment":[{"href":"https:\/\/www.mylifeineurope.nkey.it\/pl\/wp-json\/wp\/v2\/media?parent=3541"}],"curies":[{"name":"wp","href":"https:\/\/api.w.org\/{rel}","templated":true}]}}