{"id":3528,"date":"2021-05-12T09:53:14","date_gmt":"2021-05-12T09:53:14","guid":{"rendered":"https:\/\/mylifeineurope.nkey.it\/?page_id=3528"},"modified":"2021-05-12T12:33:20","modified_gmt":"2021-05-12T12:33:20","slug":"projektu","status":"publish","type":"page","link":"https:\/\/www.mylifeineurope.nkey.it\/pl\/projektu\/","title":{"rendered":"PROJEKTU"},"content":{"rendered":"<p>[vc_row full_width=&#8221;stretch_row_content_no_spaces&#8221;][vc_column]\t\n\t\t<section class=\"page-title text-center\" style=\"background-image: url(https:\/\/www.mylifeineurope.nkey.it\/wp-content\/uploads\/2021\/04\/slide-g_progetto-1.jpg);\">\n\t\t\t<div class=\"container relative clearfix\">\n\t\t\t\t<div class=\"title-holder\">\n\t\t\t\t\t<div class=\"title-text\">\n\t\t\t\t\t\t<h1 class=\"uppercase entry-title titolo-nero\">PROJEKTU<\/h1>\n\t\t\t\t\t\t\t\t\t\t\t<\/div>\n\t\t\t\t<\/div>\n\t\t\t<\/div>\n\t\t<\/section><!-- end page title -->\n\t\t\n\t[\/vc_column][\/vc_row][vc_section][vc_row equal_height=&#8221;yes&#8221;][vc_column][vc_custom_heading text=&#8221;BIOGRAFIA PROJEKTU&#8221; font_container=&#8221;tag:h3|text_align:left|color:%23424242&#8243; use_theme_fonts=&#8221;yes&#8221;][vc_empty_space][\/vc_column][vc_column width=&#8221;1\/2&#8243;][vc_column_text el_class=&#8221;text-just&#8221;]<span lang=\"en-GB\"><strong>Projekt \u201cMy life in Europe \u2013 a new Methodology to insert Your LIFE biography IN the EUROPE context\u201d<\/strong> (pl. <\/span>Moje \u017cycie w Europie \u2013 nowa metodologia umieszczania Twojego \u017cycia w kontek\u015bcie Europy) jest realizowany w ramach programu Erasmus+ (innowacje i wymiana dobrych praktyk) i odpowiada na potrzeby Komisji Europejskiej w zakresie poszerzania i rozwijania kompetencji nauczycieli oraz innych pracownik\u00f3w wspieraj\u0105cych nauczanie doros\u0142ych poprzez zapewnienie innowacyjnych narz\u0119dzi technologicznych, kt\u00f3re mog\u0105 wspiera\u0107 uczenie si\u0119 przez ca\u0142e \u017cycie, zwi\u0119ksza\u0107 \u015bwiadomo\u015b\u0107 to\u017csamo\u015bci europejskiej i pomaga\u0107 w poprawie samopoczucia psychofizycznego jej obywateli, zw\u0142aszcza nale\u017c\u0105cych do s\u0142abszych grup (Health 2020: European policy for health and well-beign)[\/vc_column_text][\/vc_column][vc_column width=&#8221;1\/2&#8243;][vc_column_text el_class=&#8221;text-just&#8221;]Projekt opiera si\u0119 na dw\u00f3ch udowodnionych naukowo dowodach:<\/p>\n<p>terapeutycznej, spo\u0142ecznej i kulturowej warto\u015bci autobiografii jako narz\u0119dzia zdolnego do stymulowania pami\u0119ci u pacjent\u00f3w z deficytami, promowania integracji spo\u0142ecznej, wymiany mi\u0119dzykulturowej oraz \u0142agodzenia poczucia samotno\u015bci i porzucenia;<\/p>\n<p>korzystnego wp\u0142ywu gier wideo i aktywno\u015bci online na funkcjonowanie poznawcze os\u00f3b starszych (Kyriazis-Kiourti 2018).[\/vc_column_text][\/vc_column][\/vc_row][vc_row equal_height=&#8221;yes&#8221;][vc_column][vc_custom_heading text=&#8221;JAK ZRODZI\u0141 SI\u0118 POMYS\u0141 PROJEKTU&#8221; font_container=&#8221;tag:h3|text_align:left|color:%23424242&#8243; use_theme_fonts=&#8221;yes&#8221;][vc_empty_space][\/vc_column][vc_column width=&#8221;1\/3&#8243;][vc_column_text el_class=&#8221;text-just&#8221;]Projekt czerpie inspiracj\u0119 &#8211; opr\u00f3cz konkretnych studi\u00f3w i bada\u0144 &#8211; przede wszystkim z do\u015bwiadcze\u0144 przeprowadzonych w domu <span style=\"color: #000000;\">opieki <\/span><span style=\"color: #000000;\"><i>\u201eG. Meacci \u201d <\/i><\/span>zarz\u0105dzany przez gmin\u0119 S. Croce sull\u2019Arno (Piza), podczas kt\u00f3rego wyspecjalizowane osoby gromadzi\u0142y historie \u017cycia os\u00f3b starszych.[\/vc_column_text][\/vc_column][vc_column width=&#8221;1\/3&#8243;][vc_column_text el_class=&#8221;text-just&#8221;]Aktywno\u015b\u0107 ta, pocz\u0105tkowo zamierzona jako rekreacyjna, szybko okaza\u0142a si\u0119 lecznicza i uzdrawiaj\u0105ca. Entuzjastyczny udzia\u0142 uczestnik\u00f3w pokaza\u0142, \u017ce pisanie autobiograficzne mo\u017ce pobudza\u0107 pami\u0119\u0107, odtwarza\u0107 wi\u0119zi emocjonalne, a tak\u017ce sprzyja\u0107 socjalizacji i wymianie mi\u0119dzykulturowej.[\/vc_column_text][\/vc_column][vc_column width=&#8221;1\/3&#8243;][vc_column_text el_class=&#8221;text-just&#8221;]Wymiana do\u015bwiadcze\u0144 zrodzi\u0142a pomys\u0142 nowego projektu, w kt\u00f3rym edukacja doros\u0142ych, socjologia, psychologia i dydaktyka spotykaj\u0105 si\u0119 z technologi\u0105 i nowymi \u015brodkami komunikacji oraz oferuj\u0105 pedagogom innowacyjne narz\u0119dzia.[\/vc_column_text][\/vc_column][\/vc_row][vc_row equal_height=&#8221;yes&#8221;][vc_column][vc_custom_heading text=&#8221;TO\u017bSAMO\u015a\u0106 EUROPEJSKA&#8221; font_container=&#8221;tag:h3|text_align:left|color:%23424242&#8243; use_theme_fonts=&#8221;yes&#8221;][vc_empty_space][\/vc_column][vc_column width=&#8221;1\/2&#8243;][vc_column_text el_class=&#8221;text-just&#8221;]W ten spos\u00f3b narodzi\u0142 si\u0119 pomys\u0142 stworzenia \u0142atwej w obs\u0142udze gry, kt\u00f3ra nie wymaga\u0142aby nabywania okre\u015blonych umiej\u0119tno\u015bci, a by\u0142aby przy tym przydatna do wprowadzenia autobiograficznego projektu pisarskiego na dowoln\u0105 nieformaln\u0105 \u015bcie\u017ck\u0119 edukacyjn\u0105.<\/p>\n<p>Projekt, kt\u00f3ry niew\u0105tpliwie ma warto\u015b\u0107 kulturow\u0105, edukacyjn\u0105, spo\u0142eczn\u0105 i terapeutyczn\u0105, b\u0119dzie mia\u0142 r\u00f3wnie\u017c siln\u0105 warto\u015b\u0107 mi\u0119dzykulturow\u0105: specjalny cykl \u201eCzy jestem Europejczykiem?\u201d da graczom i trenerom mo\u017cliwo\u015b\u0107 przeprowadzania &#8222;rozgrywek&#8221; i zobaczenia, ilu innych graczy w ca\u0142ej Europie mia\u0142o takie same do\u015bwiadczenia lub odczucia. Pozwoli to na odkrycie, \u017ce tak naprawd\u0119 nie r\u00f3\u017cnimy si\u0119 bardzo, a wr\u0119cz mamy wiele wsp\u00f3lnego.<\/p>\n<p>Ponadto wszystkie autobiografie zebrane w r\u00f3\u017cnych krajach UE b\u0119d\u0105 stanowi\u0107 cenne archiwum europejskich wspomnie\u0144: repozytorium indywidualnych historii nale\u017c\u0105cych do ka\u017cdego.[\/vc_column_text][\/vc_column][vc_column width=&#8221;1\/2&#8243;][vc_column_text el_class=&#8221;text-just&#8221;]Udzia\u0142 partner\u00f3w zagranicznych b\u0119dzie mia\u0142 fundamentalne znaczenie zar\u00f3wno na etapie projektowania, jak i testowania.<\/p>\n<p>Celem jest stworzenie produktu o \u201euniwersalnej\u201d warto\u015bci, a punkt widzenia partner\u00f3w z r\u00f3\u017cnych kultur i zwyczaj\u00f3w ma fundamentalne znaczenie w poszukiwaniu wszystkich bod\u017ac\u00f3w (kart), kt\u00f3re musz\u0105 mie\u0107 \u201euniwersaln\u0105\u201d, a nie \u201enarodow\u0105\u201d warto\u015b\u0107. Poszukiwanie \u201euniwersalnych stymulator\u00f3w pami\u0119ci\u201d w rzeczywisto\u015bci grozi\u0142oby niepowodzeniem, gdyby by\u0142o prowadzone z \u201emonokulturowego\u201d punktu widzenia. Jeszcze wa\u017cniejszy b\u0119dzie ich wk\u0142ad w faz\u0119 testow\u0105 gry, w kt\u00f3rej kulturowo odmienne punkty widzenia b\u0119d\u0105 mia\u0142y fundamentalne znaczenie.<\/p>\n<p>Wreszcie wsparcie partner\u00f3w z r\u00f3\u017cnych kraj\u00f3w b\u0119dzie mia\u0142o zasadnicze znaczenie dla optymalnego rozpowszechniania rezultat\u00f3w projektu.[\/vc_column_text][\/vc_column][\/vc_row][vc_row equal_height=&#8221;yes&#8221;][vc_column][vc_custom_heading text=&#8221;OCZEKIWANE REZULTATY&#8221; font_container=&#8221;tag:h3|text_align:left|color:%23424242&#8243; use_theme_fonts=&#8221;yes&#8221;][vc_empty_space][\/vc_column][vc_column]\n\t\t<div class=\"text-just toggle\">\n\t\t\n\t\t\t<div class=\"acc-panel\">\n\t\t\t\t<a href=\"#\">GRA<\/a>\n\t\t\t<\/div>\n\t\t\t\n\t\t\t<div class=\"panel-content\">Gra, kt\u00f3r\u0105 mo\u017cna bezpo\u015brednio zaliczy\u0107 do tzw. \u201epowa\u017cnych gier\u201d, czyli najnowszej generacji gier cyfrowych przeznaczonych do cel\u00f3w edukacyjnych w kontek\u015bcie edukacji doros\u0142ych, b\u0119dzie mia\u0142a charakter aplikacji internetowej do pobrania offline na smartfon lub komputer, za pomoc\u0105 kt\u00f3rej ka\u017cdy pedagog b\u0119dzie m\u00f3g\u0142 w \u0142atwy i przyjemny spos\u00f3b wykorzysta\u0107 technik\u0119 pisania autobiograficznego jako u\u017cyteczn\u0105 \u015bcie\u017ck\u0119 w programach terapeutycznych, rehabilitacyjnych i rekreacyjnych.<\/p>\n<p>Gra zosta\u0142a zaprojektowana w taki spos\u00f3b, aby mo\u017cna by\u0142o z niej korzysta\u0107 zar\u00f3wno indywidualnie, jak i w grupach, bez ogranicze\u0144 co do liczby uczestnik\u00f3w: \u201egraczom\u201d zaoferowane zostan\u0105 niezliczone bod\u017ace emocjonalne w postaci obraz\u00f3w, d\u017awi\u0119k\u00f3w i zapach\u00f3w, kt\u00f3re b\u0119d\u0105 zamieni\u0107 si\u0119 w \u201ehistorie\u201d.<\/div>\n\t\t\n\t\t<\/div>\n\t\n\t\t<div class=\"text-just toggle\">\n\t\t\n\t\t\t<div class=\"acc-panel\">\n\t\t\t\t<a href=\"#\">PODR\u0118CZNIK<\/a>\n\t\t\t<\/div>\n\t\t\t\n\t\t\t<div class=\"panel-content\">Projekt przewiduje r\u00f3wnie\u017c wdro\u017cenie podr\u0119cznika dla trener\u00f3w pt. \u201eDo\u015bwiadczenie autobiograficzne: podr\u0119cznik\u201d, kt\u00f3ry pozwoli na tworzenie powtarzalnych kurs\u00f3w szkoleniowych.<\/p>\n<p>Podr\u0119cznik ten jest dedykowany trenerom pracuj\u0105cym w r\u00f3\u017cnego rodzaju instytucjach oraz organizacjach zajmuj\u0105cych si\u0119 pomoc\u0105 osobom starszym na r\u00f3\u017cnych poziomach: w domach opieki, centrach pomocy dla pacjent\u00f3w z chorob\u0105 Alzheimera i demencj\u0105 starcz\u0105, a tak\u017ce rekreacyjnych o\u015brodkach oraz schroniskach dla os\u00f3b starszych, kt\u00f3re wymagaj\u0105 ci\u0105g\u0142ej opieki.<\/p>\n<p>Podr\u0119cznik dla trener\u00f3w zawiera wszystkie wskaz\u00f3wki potrzebne do przeprowadzenia szkolenia po\u015bwi\u0119conego wprowadzeniu pisania autobiograficznego na \u015bcie\u017ckach terapeutyczno-rekreacyjnych przeznaczonych dla os\u00f3b starszych borykaj\u0105cych si\u0119 z r\u00f3\u017cnego rodzaju zdrowotnymi problemami.<\/div>\n\t\t\n\t\t<\/div>\n\t[\/vc_column][\/vc_row][\/vc_section][vc_section full_width=&#8221;stretch_row&#8221; css=&#8221;.vc_custom_1616759458908{background-color: #f7f7f7 !important;}&#8221;][vc_row][vc_column][vc_custom_heading text=&#8221;Updates of the project&#8221; font_container=&#8221;tag:h2|text_align:center|color:%233d3d3d&#8221; use_theme_fonts=&#8221;yes&#8221;][vc_empty_space height=&#8221;22px&#8221;][vc_raw_html]JTNDcCUyMHN0eWxlJTNEJTIydGV4dC1hbGlnbiUzQWNlbnRlciUzQiUyMiUzRUZvbGxvdyUyMHVzJTNDJTJGcCUzRQ==[\/vc_raw_html][vc_empty_space height=&#8221;22px&#8221;][vc_separator color=&#8221;custom&#8221; border_width=&#8221;5&#8243; el_width=&#8221;10&#8243; accent_color=&#8221;#dd3333&#8243;][vc_empty_space height=&#8221;42px&#8221;][vc_basic_grid post_type=&#8221;post&#8221; max_items=&#8221;3&#8243; item=&#8221;2537&#8243; grid_id=&#8221;vc_gid:1620822731537-5185d0ea-adab-1&#8243; taxonomies=&#8221;68&#8243;][vc_raw_html]JTNDZGl2JTIwY2xhc3MlM0QlMjJjdGEtYnV0dG9ucyUyMG10LTMwJTIyJTIwc3R5bGUlM0QlMjJ0ZXh0LWFsaWduJTNBJTIwY2VudGVyJTNCJTIyJTNFJTNDYSUyMGNsYXNzJTNEJTIyYnRuJTIwYnRuLWxnJTIwYnRuLWNvbG9yJTIyJTIwaHJlZiUzRCUyMiUyRnBsJTJGc3RlcHMlMkYlMjIlM0UlM0NzcGFuJTNFU1RFUCUzQyUyRnNwYW4lM0UlM0MlMkZhJTNFJTNDJTJGZGl2JTNF[\/vc_raw_html][\/vc_column][\/vc_row][\/vc_section]<\/p>\n<div class=\"clearfix\"><\/div>","protected":false},"excerpt":{"rendered":"<p>[vc_row full_width=&#8221;stretch_row_content_no_spaces&#8221;][vc_column][\/vc_column][\/vc_row][vc_section][vc_row equal_height=&#8221;yes&#8221;][vc_column][vc_custom_heading text=&#8221;BIOGRAFIA PROJEKTU&#8221; font_container=&#8221;tag:h3|text_align:left|color:%23424242&#8243; use_theme_fonts=&#8221;yes&#8221;][vc_empty_space][\/vc_column][vc_column width=&#8221;1\/2&#8243;][vc_column_text el_class=&#8221;text-just&#8221;]Projekt \u201cMy life in Europe \u2013 a new Methodology to insert Your LIFE biography IN the EUROPE context\u201d (pl. Moje \u017cycie w Europie \u2013 nowa metodologia umieszczania Twojego \u017cycia w kontek\u015bcie Europy) jest realizowany w ramach programu&#8230;<\/p>\n","protected":false},"author":5,"featured_media":3535,"parent":0,"menu_order":0,"comment_status":"closed","ping_status":"closed","template":"","meta":[],"acf":[],"yoast_head":"<!-- This site is optimized with the Yoast SEO plugin v18.7 - https:\/\/yoast.com\/wordpress\/plugins\/seo\/ -->\n<title>PROJEKTU - MY LIFE in EUROPE<\/title>\n<meta name=\"robots\" content=\"index, follow, max-snippet:-1, max-image-preview:large, max-video-preview:-1\" \/>\n<link rel=\"canonical\" href=\"https:\/\/www.mylifeineurope.nkey.it\/pl\/projektu\/\" \/>\n<meta property=\"og:locale\" content=\"pl_PL\" \/>\n<meta property=\"og:type\" content=\"article\" \/>\n<meta property=\"og:title\" content=\"PROJEKTU - MY LIFE in EUROPE\" \/>\n<meta property=\"og:description\" content=\"[vc_row full_width=&#8221;stretch_row_content_no_spaces&#8221;][vc_column][\/vc_column][\/vc_row][vc_section][vc_row equal_height=&#8221;yes&#8221;][vc_column][vc_custom_heading text=&#8221;BIOGRAFIA PROJEKTU&#8221; font_container=&#8221;tag:h3|text_align:left|color:%23424242&#8243; use_theme_fonts=&#8221;yes&#8221;][vc_empty_space][\/vc_column][vc_column width=&#8221;1\/2&#8243;][vc_column_text el_class=&#8221;text-just&#8221;]Projekt \u201cMy life in Europe \u2013 a new Methodology to insert Your LIFE biography IN the EUROPE context\u201d (pl. Moje \u017cycie w Europie \u2013 nowa metodologia umieszczania Twojego \u017cycia w kontek\u015bcie Europy) jest realizowany w ramach programu...\" \/>\n<meta property=\"og:url\" content=\"https:\/\/www.mylifeineurope.nkey.it\/pl\/projektu\/\" \/>\n<meta property=\"og:site_name\" content=\"MY LIFE in EUROPE\" \/>\n<meta property=\"article:modified_time\" content=\"2021-05-12T12:33:20+00:00\" \/>\n<meta property=\"og:image\" content=\"https:\/\/www.mylifeineurope.nkey.it\/wp-content\/uploads\/2021\/04\/slide-g_progetto-1.jpg\" \/>\n\t<meta property=\"og:image:width\" content=\"2000\" \/>\n\t<meta property=\"og:image:height\" content=\"576\" \/>\n\t<meta property=\"og:image:type\" content=\"image\/jpeg\" \/>\n<meta name=\"twitter:card\" content=\"summary_large_image\" \/>\n<meta name=\"twitter:label1\" content=\"Szacowany czas czytania\" \/>\n\t<meta name=\"twitter:data1\" content=\"4 minuty\" \/>\n<script type=\"application\/ld+json\" class=\"yoast-schema-graph\">{\"@context\":\"https:\/\/schema.org\",\"@graph\":[{\"@type\":\"WebSite\",\"@id\":\"https:\/\/www.mylifeineurope.nkey.it\/#website\",\"url\":\"https:\/\/www.mylifeineurope.nkey.it\/\",\"name\":\"MY LIFE in EUROPE\",\"description\":\"a new Methodology to insert Your LIFE biography IN the EUROPE context\",\"potentialAction\":[{\"@type\":\"SearchAction\",\"target\":{\"@type\":\"EntryPoint\",\"urlTemplate\":\"https:\/\/www.mylifeineurope.nkey.it\/?s={search_term_string}\"},\"query-input\":\"required name=search_term_string\"}],\"inLanguage\":\"pl-PL\"},{\"@type\":\"ImageObject\",\"inLanguage\":\"pl-PL\",\"@id\":\"https:\/\/www.mylifeineurope.nkey.it\/pl\/projektu\/#primaryimage\",\"url\":\"https:\/\/www.mylifeineurope.nkey.it\/wp-content\/uploads\/2021\/04\/slide-g_progetto-1.jpg\",\"contentUrl\":\"https:\/\/www.mylifeineurope.nkey.it\/wp-content\/uploads\/2021\/04\/slide-g_progetto-1.jpg\",\"width\":2000,\"height\":576},{\"@type\":\"WebPage\",\"@id\":\"https:\/\/www.mylifeineurope.nkey.it\/pl\/projektu\/#webpage\",\"url\":\"https:\/\/www.mylifeineurope.nkey.it\/pl\/projektu\/\",\"name\":\"PROJEKTU - MY LIFE in EUROPE\",\"isPartOf\":{\"@id\":\"https:\/\/www.mylifeineurope.nkey.it\/#website\"},\"primaryImageOfPage\":{\"@id\":\"https:\/\/www.mylifeineurope.nkey.it\/pl\/projektu\/#primaryimage\"},\"datePublished\":\"2021-05-12T09:53:14+00:00\",\"dateModified\":\"2021-05-12T12:33:20+00:00\",\"breadcrumb\":{\"@id\":\"https:\/\/www.mylifeineurope.nkey.it\/pl\/projektu\/#breadcrumb\"},\"inLanguage\":\"pl-PL\",\"potentialAction\":[{\"@type\":\"ReadAction\",\"target\":[\"https:\/\/www.mylifeineurope.nkey.it\/pl\/projektu\/\"]}]},{\"@type\":\"BreadcrumbList\",\"@id\":\"https:\/\/www.mylifeineurope.nkey.it\/pl\/projektu\/#breadcrumb\",\"itemListElement\":[{\"@type\":\"ListItem\",\"position\":1,\"name\":\"Home\",\"item\":\"https:\/\/www.mylifeineurope.nkey.it\/pl\/\"},{\"@type\":\"ListItem\",\"position\":2,\"name\":\"PROJEKTU\"}]}]}<\/script>\n<!-- \/ Yoast SEO plugin. -->","yoast_head_json":{"title":"PROJEKTU - MY LIFE in EUROPE","robots":{"index":"index","follow":"follow","max-snippet":"max-snippet:-1","max-image-preview":"max-image-preview:large","max-video-preview":"max-video-preview:-1"},"canonical":"https:\/\/www.mylifeineurope.nkey.it\/pl\/projektu\/","og_locale":"pl_PL","og_type":"article","og_title":"PROJEKTU - MY LIFE in EUROPE","og_description":"[vc_row full_width=&#8221;stretch_row_content_no_spaces&#8221;][vc_column][\/vc_column][\/vc_row][vc_section][vc_row equal_height=&#8221;yes&#8221;][vc_column][vc_custom_heading text=&#8221;BIOGRAFIA PROJEKTU&#8221; font_container=&#8221;tag:h3|text_align:left|color:%23424242&#8243; use_theme_fonts=&#8221;yes&#8221;][vc_empty_space][\/vc_column][vc_column width=&#8221;1\/2&#8243;][vc_column_text el_class=&#8221;text-just&#8221;]Projekt \u201cMy life in Europe \u2013 a new Methodology to insert Your LIFE biography IN the EUROPE context\u201d (pl. Moje \u017cycie w Europie \u2013 nowa metodologia umieszczania Twojego \u017cycia w kontek\u015bcie Europy) jest realizowany w ramach programu...","og_url":"https:\/\/www.mylifeineurope.nkey.it\/pl\/projektu\/","og_site_name":"MY LIFE in EUROPE","article_modified_time":"2021-05-12T12:33:20+00:00","og_image":[{"width":2000,"height":576,"url":"https:\/\/www.mylifeineurope.nkey.it\/wp-content\/uploads\/2021\/04\/slide-g_progetto-1.jpg","type":"image\/jpeg"}],"twitter_card":"summary_large_image","twitter_misc":{"Szacowany czas czytania":"4 minuty"},"schema":{"@context":"https:\/\/schema.org","@graph":[{"@type":"WebSite","@id":"https:\/\/www.mylifeineurope.nkey.it\/#website","url":"https:\/\/www.mylifeineurope.nkey.it\/","name":"MY LIFE in EUROPE","description":"a new Methodology to insert Your LIFE biography IN the EUROPE context","potentialAction":[{"@type":"SearchAction","target":{"@type":"EntryPoint","urlTemplate":"https:\/\/www.mylifeineurope.nkey.it\/?s={search_term_string}"},"query-input":"required name=search_term_string"}],"inLanguage":"pl-PL"},{"@type":"ImageObject","inLanguage":"pl-PL","@id":"https:\/\/www.mylifeineurope.nkey.it\/pl\/projektu\/#primaryimage","url":"https:\/\/www.mylifeineurope.nkey.it\/wp-content\/uploads\/2021\/04\/slide-g_progetto-1.jpg","contentUrl":"https:\/\/www.mylifeineurope.nkey.it\/wp-content\/uploads\/2021\/04\/slide-g_progetto-1.jpg","width":2000,"height":576},{"@type":"WebPage","@id":"https:\/\/www.mylifeineurope.nkey.it\/pl\/projektu\/#webpage","url":"https:\/\/www.mylifeineurope.nkey.it\/pl\/projektu\/","name":"PROJEKTU - MY LIFE in EUROPE","isPartOf":{"@id":"https:\/\/www.mylifeineurope.nkey.it\/#website"},"primaryImageOfPage":{"@id":"https:\/\/www.mylifeineurope.nkey.it\/pl\/projektu\/#primaryimage"},"datePublished":"2021-05-12T09:53:14+00:00","dateModified":"2021-05-12T12:33:20+00:00","breadcrumb":{"@id":"https:\/\/www.mylifeineurope.nkey.it\/pl\/projektu\/#breadcrumb"},"inLanguage":"pl-PL","potentialAction":[{"@type":"ReadAction","target":["https:\/\/www.mylifeineurope.nkey.it\/pl\/projektu\/"]}]},{"@type":"BreadcrumbList","@id":"https:\/\/www.mylifeineurope.nkey.it\/pl\/projektu\/#breadcrumb","itemListElement":[{"@type":"ListItem","position":1,"name":"Home","item":"https:\/\/www.mylifeineurope.nkey.it\/pl\/"},{"@type":"ListItem","position":2,"name":"PROJEKTU"}]}]}},"_links":{"self":[{"href":"https:\/\/www.mylifeineurope.nkey.it\/pl\/wp-json\/wp\/v2\/pages\/3528"}],"collection":[{"href":"https:\/\/www.mylifeineurope.nkey.it\/pl\/wp-json\/wp\/v2\/pages"}],"about":[{"href":"https:\/\/www.mylifeineurope.nkey.it\/pl\/wp-json\/wp\/v2\/types\/page"}],"author":[{"embeddable":true,"href":"https:\/\/www.mylifeineurope.nkey.it\/pl\/wp-json\/wp\/v2\/users\/5"}],"replies":[{"embeddable":true,"href":"https:\/\/www.mylifeineurope.nkey.it\/pl\/wp-json\/wp\/v2\/comments?post=3528"}],"version-history":[{"count":5,"href":"https:\/\/www.mylifeineurope.nkey.it\/pl\/wp-json\/wp\/v2\/pages\/3528\/revisions"}],"predecessor-version":[{"id":3602,"href":"https:\/\/www.mylifeineurope.nkey.it\/pl\/wp-json\/wp\/v2\/pages\/3528\/revisions\/3602"}],"wp:featuredmedia":[{"embeddable":true,"href":"https:\/\/www.mylifeineurope.nkey.it\/pl\/wp-json\/wp\/v2\/media\/3535"}],"wp:attachment":[{"href":"https:\/\/www.mylifeineurope.nkey.it\/pl\/wp-json\/wp\/v2\/media?parent=3528"}],"curies":[{"name":"wp","href":"https:\/\/api.w.org\/{rel}","templated":true}]}}