{"id":10396,"date":"2023-02-09T15:39:59","date_gmt":"2023-02-09T15:39:59","guid":{"rendered":"https:\/\/www.mylifeineurope.nkey.it\/?page_id=10396"},"modified":"2023-02-09T15:56:37","modified_gmt":"2023-02-09T15:56:37","slug":"paper-kit","status":"publish","type":"page","link":"https:\/\/www.mylifeineurope.nkey.it\/pl\/paper-kit\/","title":{"rendered":"Paper Kit"},"content":{"rendered":"<p>[vc_row][vc_column][vc_single_image image=&#8221;4140&#8243; img_size=&#8221;full&#8221; alignment=&#8221;center&#8221;][vc_column_text]<\/p>\n<p style=\"text-align: center;\">Ten zestaw zawiera kilka plik\u00f3w do pobrania i wydrukowania w celu odtworzenia wersji papierowej<br \/>\n\u201eMy Life The Game\u201d w pe\u0142nej autonomii.<\/p>\n<p>[\/vc_column_text][\/vc_column][\/vc_row][vc_row][vc_column][vc_column_text]<\/p>\n<h5 style=\"text-align: center;\">Zestaw zawiera<\/h5>\n<p>[\/vc_column_text][\/vc_column][\/vc_row][vc_row content_placement=&#8221;middle&#8221; el_class=&#8221;partgame&#8221;][vc_column width=&#8221;1\/2&#8243;][vc_column_text]<strong>PDF RETRO 64 KARTY<\/strong> z sugestywnym obrazem &#8211; w formacie A5 oczywi\u015bcie mo\u017cna drukowa\u0107 proporcjonalnie w wi\u0119kszych lub mniejszych formatach<\/p>\n<p><strong>PDF.<\/strong> Dost\u0119pny jest r\u00f3wnie\u017c plik kart do druku w standardowym formacie kart do gry cm 5,8&#215;8 <strong>KARTA &#8211; 64 STANDARD<\/strong>[\/vc_column_text][\/vc_column][vc_column width=&#8221;1\/2&#8243;][vc_single_image image=&#8221;4050&#8243; img_size=&#8221;medium&#8221; alignment=&#8221;center&#8221;][\/vc_column][\/vc_row][vc_row content_placement=&#8221;middle&#8221; el_class=&#8221;partgame&#8221;][vc_column width=&#8221;1\/2&#8243;][vc_single_image image=&#8221;4055&#8243; img_size=&#8221;medium&#8221; alignment=&#8221;center&#8221;][\/vc_column][vc_column width=&#8221;1\/2&#8243;][vc_column_text]<strong>PDF UK\u0141AD GRAFICZNY KARTY<\/strong> opcja A do zadruku awersu kart &#8211; w formacie A5<br \/>\n<strong>PDF UK\u0141AD GRAFICZNY KARTY<\/strong> opcja B do zadruku awersu kart &#8211; w formacie A5[\/vc_column_text][\/vc_column][\/vc_row][vc_row content_placement=&#8221;middle&#8221; el_class=&#8221;partgame&#8221;][vc_column width=&#8221;1\/2&#8243;][vc_column_text]<strong>PDF RYSUNEK DO KO\u015aCI MyLife z 6 stron<\/strong> &#8211; w formacie A4 &#8211; rysunek do wyci\u0119cia i z\u0142o\u017cenia zgodnie ze wskazaniami graficznymi[\/vc_column_text][\/vc_column][vc_column width=&#8221;1\/2&#8243;][vc_single_image image=&#8221;4060&#8243; alignment=&#8221;center&#8221;][\/vc_column][\/vc_row][vc_row content_placement=&#8221;middle&#8221; el_class=&#8221;partgame&#8221;][vc_column width=&#8221;1\/2&#8243;][vc_single_image image=&#8221;4158&#8243; img_size=&#8221;medium&#8221; alignment=&#8221;center&#8221;][\/vc_column][vc_column width=&#8221;1\/2&#8243;][vc_column_text]<strong>PDF \u201ePIONKI\u201d<\/strong> \u2013 plik zawiera 20 r\u00f3\u017cnych temat\u00f3w do wydrukowania na papierze lub tekturze oraz \u201eklip\u201d do wykorzystania jako elementy do gry.<\/p>\n<ol>\n<li>Przetnij kartk\u0119 na dwie cz\u0119\u015bci<\/li>\n<li>Chwy\u0107 ko\u0144ce, skr\u0119\u0107 je ze sob\u0105 tworz\u0105c walec i zepnij kraw\u0119dzie 2 zszywkami<\/li>\n<li>Zamknij g\u00f3rn\u0105 cz\u0119\u015b\u0107 cylindra za pomoc\u0105 zszywki<\/li>\n<\/ol>\n<p>[\/vc_column_text][\/vc_column][vc_column width=&#8221;1\/2&#8243;][vc_single_image image=&#8221;4163&#8243; img_size=&#8221;medium&#8221; alignment=&#8221;center&#8221;][\/vc_column][vc_column width=&#8221;1\/2&#8243;][vc_single_image image=&#8221;4168&#8243; img_size=&#8221;medium&#8221; alignment=&#8221;center&#8221;][\/vc_column][\/vc_row][vc_row content_placement=&#8221;middle&#8221; el_class=&#8221;partgame&#8221;][vc_column width=&#8221;1\/2&#8243;][vc_column_text]<strong>PDF BADGE<\/strong> \u2013 plik zawiera 20 odznak do personalizacji imieniem gracza[\/vc_column_text][\/vc_column][vc_column width=&#8221;1\/2&#8243;][vc_single_image image=&#8221;4087&#8243; img_size=&#8221;medium&#8221; alignment=&#8221;center&#8221;][\/vc_column][\/vc_row][vc_row content_placement=&#8221;middle&#8221; el_class=&#8221;partgame&#8221;][vc_column width=&#8221;1\/2&#8243;][vc_column_text]<strong>INSTRUKCJE PDF<\/strong> \u2013 plik zawiera instrukcje do gry <strong>MyLife<\/strong>[\/vc_column_text][\/vc_column][vc_column width=&#8221;1\/2&#8243;][vc_single_image image=&#8221;4092&#8243; img_size=&#8221;medium&#8221; alignment=&#8221;center&#8221;][\/vc_column][\/vc_row][vc_row content_placement=&#8221;middle&#8221; el_class=&#8221;partgame&#8221;][vc_column width=&#8221;1\/2&#8243;][vc_column_text]<strong>BOX<\/strong> \u2013 plik zawiera uk\u0142ad wydruku pude\u0142ka na karty, zar\u00f3wno w formacie A5, jak i w standardowym formacie kart do gry, 5,8&#215;8 cm<\/p>\n<ul>\n<li><strong>Box na papier formatu A5<\/strong> \u2013 Wydrukuj dwie strony, na\u0142\u00f3\u017c na siebie i przymocuj dwie dolne strony za pomoc\u0105 kleju lub ta\u015bmy klej\u0105cej, aby utworzy\u0107 podstaw\u0119 koperty, a nast\u0119pnie zr\u00f3b to samo z cz\u0119\u015bciami bocznymi<\/li>\n<\/ul>\n<p>[\/vc_column_text][vc_single_image image=&#8221;5657&#8243; img_size=&#8221;medium&#8221; alignment=&#8221;center&#8221;][\/vc_column][vc_column width=&#8221;1\/2&#8243;][vc_single_image image=&#8221;5670&#8243; img_size=&#8221;large&#8221; alignment=&#8221;center&#8221;][\/vc_column][vc_column width=&#8221;1\/2&#8243;][vc_column_text]<\/p>\n<ul>\n<li><strong>Uk\u0142ad Pude\u0142ko na karty w standardowym formacie<\/strong> \u2013 Wydrukuj i wytnij zgodnie ze wskazan\u0105 lini\u0105 wykroju w kolorze fuksji, a nast\u0119pnie z\u0142\u00f3\u017c i przyklej bok podstawy i cz\u0119\u015bci boczne.<\/li>\n<\/ul>\n<p>[\/vc_column_text][vc_single_image image=&#8221;5665&#8243; img_size=&#8221;medium&#8221; alignment=&#8221;center&#8221;][vc_empty_space][\/vc_column][vc_column width=&#8221;1\/2&#8243;][vc_single_image image=&#8221;5642&#8243; img_size=&#8221;large&#8221; alignment=&#8221;center&#8221;][\/vc_column][\/vc_row][vc_row][vc_column][vc_empty_space][vc_column_text]<\/p>\n<h3 style=\"text-align: center;\">POBIERZ ZESTAWY PAPIER\u00d3W<\/h3>\n<p>[\/vc_column_text][\/vc_column][\/vc_row][vc_row content_placement=&#8221;middle&#8221; disable_element=&#8221;yes&#8221;][vc_column width=&#8221;1\/4&#8243;][vc_empty_space][vc_raw_html]JTNDcCUyMHN0eWxlJTNEJTIydGV4dC1hbGlnbiUzQSUyMGNlbnRlciUzQiUyMiUzRSUzQ2ElMjBjbGFzcyUzRCUyMmJ0biUyMGJ0bi1sZyUyMGJ0bi1jb2xvciUyMiUyMGhyZWYlM0QlMjJodHRwcyUzQSUyRiUyRnd3dy5teWxpZmVpbmV1cm9wZS5ua2V5Lml0JTJGd3AtY29udGVudCUyRnVwbG9hZHMlMkYyMDIyJTJGMDclMkZQYXBlcktJVDIyX0lULnppcCUyMiUzRVBBUEVSS0lUJTIwMjIlMjBDQVJURSUzQyUyRmElM0UlM0MlMkZwJTNF[\/vc_raw_html][vc_empty_space][\/vc_column][vc_column width=&#8221;1\/4&#8243;][vc_empty_space][vc_raw_html]JTNDcCUyMHN0eWxlJTNEJTIydGV4dC1hbGlnbiUzQSUyMGNlbnRlciUzQiUyMiUzRSUzQ2ElMjBjbGFzcyUzRCUyMmJ0biUyMGJ0bi1sZyUyMGJ0bi1jb2xvciUyMiUyMGhyZWYlM0QlMjJodHRwcyUzQSUyRiUyRnd3dy5teWxpZmVpbmV1cm9wZS5ua2V5Lml0JTJGd3AtY29udGVudCUyRnVwbG9hZHMlMkYyMDIyJTJGMDclMkZQYXBlcktJVDY0X0lULnppcCUyMiUzRVBBUEVSS0lUJTIwNjQlMjBDQVJURSUzQyUyRmElM0UlM0MlMkZwJTNF[\/vc_raw_html][vc_empty_space][\/vc_column][vc_column width=&#8221;1\/4&#8243;][vc_empty_space][vc_raw_html]JTNDcCUyMHN0eWxlJTNEJTIydGV4dC1hbGlnbiUzQSUyMGNlbnRlciUzQiUyMiUzRSUzQ2ElMjBjbGFzcyUzRCUyMmJ0biUyMGJ0bi1sZyUyMGJ0bi1jb2xvciUyMiUyMGhyZWYlM0QlMjJodHRwcyUzQSUyRiUyRnd3dy5teWxpZmVpbmV1cm9wZS5ua2V5Lml0JTJGd3AtY29udGVudCUyRnVwbG9hZHMlMkYyMDIyJTJGMDclMkZQYXBlcmtpdEVVY2FyZF9JVC56aXAlMjIlM0VQQVBFUktJVCUyMENBUlRFJTIwRVVST1BFRSUzQyUyRmElM0UlM0MlMkZwJTNF[\/vc_raw_html][vc_empty_space][\/vc_column][vc_column width=&#8221;1\/4&#8243;][vc_empty_space][vc_raw_html]JTNDcCUyMHN0eWxlJTNEJTIydGV4dC1hbGlnbiUzQSUyMGNlbnRlciUzQiUyMiUzRSUzQ2ElMjBjbGFzcyUzRCUyMmJ0biUyMGJ0bi1sZyUyMGJ0bi1jb2xvciUyMiUyMGhyZWYlM0QlMjJodHRwcyUzQSUyRiUyRnd3dy5teWxpZmVpbmV1cm9wZS5ua2V5Lml0JTJGd3AtY29udGVudCUyRnVwbG9hZHMlMkYyMDIyJTJGMDclMkZQYXBlcktJVF9MSUJFUlRBX0lULnppcCUyMiUzRVBBUEVSS0lUJTIwQ0FSVEUlMjBJTiUyMExJQkVSVEElMjclM0MlMkZhJTNFJTNDJTJGcCUzRQ==[\/vc_raw_html][vc_empty_space][\/vc_column][\/vc_row][vc_row][vc_column width=&#8221;1\/3&#8243;][\/vc_column][vc_column width=&#8221;1\/3&#8243;][vc_empty_space][vc_raw_html]JTNDcCUyMHN0eWxlJTNEJTIydGV4dC1hbGlnbiUzQSUyMGNlbnRlciUzQiUyMiUzRSUzQ2ElMjBjbGFzcyUzRCUyMmJ0biUyMGJ0bi1sZyUyMGJ0bi1jb2xvciUyMiUyMGhyZWYlM0QlMjJodHRwcyUzQSUyRiUyRnd3dy5teWxpZmVpbmV1cm9wZS5ua2V5Lml0JTJGd3AtY29udGVudCUyRnVwbG9hZHMlMkYyMDIzJTJGMDIlMkZQYXBlcktJVDY0X1BMLnppcCUyMiUzRVpFU1RBVyUyMFBBUElFUk9XWSUyMDY0JTIwS0FSVFklM0MlMkZhJTNFJTNDJTJGcCUzRQ==[\/vc_raw_html][vc_empty_space][\/vc_column][vc_column width=&#8221;1\/3&#8243;][\/vc_column][\/vc_row]<\/p>\n<div class=\"clearfix\"><\/div>","protected":false},"excerpt":{"rendered":"<p>[vc_row][vc_column][vc_single_image image=&#8221;4140&#8243; img_size=&#8221;full&#8221; alignment=&#8221;center&#8221;][vc_column_text] Ten zestaw zawiera kilka plik\u00f3w do pobrania i wydrukowania w celu odtworzenia wersji papierowej \u201eMy Life The Game\u201d w pe\u0142nej autonomii. [\/vc_column_text][\/vc_column][\/vc_row][vc_row][vc_column][vc_column_text] Zestaw zawiera [\/vc_column_text][\/vc_column][\/vc_row][vc_row content_placement=&#8221;middle&#8221; el_class=&#8221;partgame&#8221;][vc_column width=&#8221;1\/2&#8243;][vc_column_text]PDF RETRO 64 KARTY z sugestywnym obrazem &#8211; w formacie A5 oczywi\u015bcie mo\u017cna drukowa\u0107&#8230;<\/p>\n","protected":false},"author":9,"featured_media":0,"parent":0,"menu_order":0,"comment_status":"closed","ping_status":"closed","template":"","meta":[],"acf":[],"yoast_head":"<!-- This site is optimized with the Yoast SEO plugin v18.7 - https:\/\/yoast.com\/wordpress\/plugins\/seo\/ -->\n<title>Paper Kit - MY LIFE in EUROPE<\/title>\n<meta name=\"robots\" content=\"index, follow, max-snippet:-1, max-image-preview:large, max-video-preview:-1\" \/>\n<link rel=\"canonical\" href=\"https:\/\/www.mylifeineurope.nkey.it\/pl\/paper-kit\/\" \/>\n<meta property=\"og:locale\" content=\"pl_PL\" \/>\n<meta property=\"og:type\" content=\"article\" \/>\n<meta property=\"og:title\" content=\"Paper Kit - MY LIFE in EUROPE\" \/>\n<meta property=\"og:description\" content=\"[vc_row][vc_column][vc_single_image image=&#8221;4140&#8243; img_size=&#8221;full&#8221; alignment=&#8221;center&#8221;][vc_column_text] Ten zestaw zawiera kilka plik\u00f3w do pobrania i wydrukowania w celu odtworzenia wersji papierowej \u201eMy Life The Game\u201d w pe\u0142nej autonomii. [\/vc_column_text][\/vc_column][\/vc_row][vc_row][vc_column][vc_column_text] Zestaw zawiera [\/vc_column_text][\/vc_column][\/vc_row][vc_row content_placement=&#8221;middle&#8221; el_class=&#8221;partgame&#8221;][vc_column width=&#8221;1\/2&#8243;][vc_column_text]PDF RETRO 64 KARTY z sugestywnym obrazem &#8211; w formacie A5 oczywi\u015bcie mo\u017cna drukowa\u0107...\" \/>\n<meta property=\"og:url\" content=\"https:\/\/www.mylifeineurope.nkey.it\/pl\/paper-kit\/\" \/>\n<meta property=\"og:site_name\" content=\"MY LIFE in EUROPE\" \/>\n<meta property=\"article:modified_time\" content=\"2023-02-09T15:56:37+00:00\" \/>\n<meta name=\"twitter:card\" content=\"summary_large_image\" \/>\n<meta name=\"twitter:label1\" content=\"Szacowany czas czytania\" \/>\n\t<meta name=\"twitter:data1\" content=\"2 minuty\" \/>\n<script type=\"application\/ld+json\" class=\"yoast-schema-graph\">{\"@context\":\"https:\/\/schema.org\",\"@graph\":[{\"@type\":\"WebSite\",\"@id\":\"https:\/\/www.mylifeineurope.nkey.it\/#website\",\"url\":\"https:\/\/www.mylifeineurope.nkey.it\/\",\"name\":\"MY LIFE in EUROPE\",\"description\":\"a new Methodology to insert Your LIFE biography IN the EUROPE context\",\"potentialAction\":[{\"@type\":\"SearchAction\",\"target\":{\"@type\":\"EntryPoint\",\"urlTemplate\":\"https:\/\/www.mylifeineurope.nkey.it\/?s={search_term_string}\"},\"query-input\":\"required name=search_term_string\"}],\"inLanguage\":\"pl-PL\"},{\"@type\":\"WebPage\",\"@id\":\"https:\/\/www.mylifeineurope.nkey.it\/pl\/paper-kit\/#webpage\",\"url\":\"https:\/\/www.mylifeineurope.nkey.it\/pl\/paper-kit\/\",\"name\":\"Paper Kit - MY LIFE in EUROPE\",\"isPartOf\":{\"@id\":\"https:\/\/www.mylifeineurope.nkey.it\/#website\"},\"datePublished\":\"2023-02-09T15:39:59+00:00\",\"dateModified\":\"2023-02-09T15:56:37+00:00\",\"breadcrumb\":{\"@id\":\"https:\/\/www.mylifeineurope.nkey.it\/pl\/paper-kit\/#breadcrumb\"},\"inLanguage\":\"pl-PL\",\"potentialAction\":[{\"@type\":\"ReadAction\",\"target\":[\"https:\/\/www.mylifeineurope.nkey.it\/pl\/paper-kit\/\"]}]},{\"@type\":\"BreadcrumbList\",\"@id\":\"https:\/\/www.mylifeineurope.nkey.it\/pl\/paper-kit\/#breadcrumb\",\"itemListElement\":[{\"@type\":\"ListItem\",\"position\":1,\"name\":\"Home\",\"item\":\"https:\/\/www.mylifeineurope.nkey.it\/pl\/\"},{\"@type\":\"ListItem\",\"position\":2,\"name\":\"Paper Kit\"}]}]}<\/script>\n<!-- \/ Yoast SEO plugin. -->","yoast_head_json":{"title":"Paper Kit - MY LIFE in EUROPE","robots":{"index":"index","follow":"follow","max-snippet":"max-snippet:-1","max-image-preview":"max-image-preview:large","max-video-preview":"max-video-preview:-1"},"canonical":"https:\/\/www.mylifeineurope.nkey.it\/pl\/paper-kit\/","og_locale":"pl_PL","og_type":"article","og_title":"Paper Kit - MY LIFE in EUROPE","og_description":"[vc_row][vc_column][vc_single_image image=&#8221;4140&#8243; img_size=&#8221;full&#8221; alignment=&#8221;center&#8221;][vc_column_text] Ten zestaw zawiera kilka plik\u00f3w do pobrania i wydrukowania w celu odtworzenia wersji papierowej \u201eMy Life The Game\u201d w pe\u0142nej autonomii. [\/vc_column_text][\/vc_column][\/vc_row][vc_row][vc_column][vc_column_text] Zestaw zawiera [\/vc_column_text][\/vc_column][\/vc_row][vc_row content_placement=&#8221;middle&#8221; el_class=&#8221;partgame&#8221;][vc_column width=&#8221;1\/2&#8243;][vc_column_text]PDF RETRO 64 KARTY z sugestywnym obrazem &#8211; w formacie A5 oczywi\u015bcie mo\u017cna drukowa\u0107...","og_url":"https:\/\/www.mylifeineurope.nkey.it\/pl\/paper-kit\/","og_site_name":"MY LIFE in EUROPE","article_modified_time":"2023-02-09T15:56:37+00:00","twitter_card":"summary_large_image","twitter_misc":{"Szacowany czas czytania":"2 minuty"},"schema":{"@context":"https:\/\/schema.org","@graph":[{"@type":"WebSite","@id":"https:\/\/www.mylifeineurope.nkey.it\/#website","url":"https:\/\/www.mylifeineurope.nkey.it\/","name":"MY LIFE in EUROPE","description":"a new Methodology to insert Your LIFE biography IN the EUROPE context","potentialAction":[{"@type":"SearchAction","target":{"@type":"EntryPoint","urlTemplate":"https:\/\/www.mylifeineurope.nkey.it\/?s={search_term_string}"},"query-input":"required name=search_term_string"}],"inLanguage":"pl-PL"},{"@type":"WebPage","@id":"https:\/\/www.mylifeineurope.nkey.it\/pl\/paper-kit\/#webpage","url":"https:\/\/www.mylifeineurope.nkey.it\/pl\/paper-kit\/","name":"Paper Kit - MY LIFE in EUROPE","isPartOf":{"@id":"https:\/\/www.mylifeineurope.nkey.it\/#website"},"datePublished":"2023-02-09T15:39:59+00:00","dateModified":"2023-02-09T15:56:37+00:00","breadcrumb":{"@id":"https:\/\/www.mylifeineurope.nkey.it\/pl\/paper-kit\/#breadcrumb"},"inLanguage":"pl-PL","potentialAction":[{"@type":"ReadAction","target":["https:\/\/www.mylifeineurope.nkey.it\/pl\/paper-kit\/"]}]},{"@type":"BreadcrumbList","@id":"https:\/\/www.mylifeineurope.nkey.it\/pl\/paper-kit\/#breadcrumb","itemListElement":[{"@type":"ListItem","position":1,"name":"Home","item":"https:\/\/www.mylifeineurope.nkey.it\/pl\/"},{"@type":"ListItem","position":2,"name":"Paper Kit"}]}]}},"_links":{"self":[{"href":"https:\/\/www.mylifeineurope.nkey.it\/pl\/wp-json\/wp\/v2\/pages\/10396"}],"collection":[{"href":"https:\/\/www.mylifeineurope.nkey.it\/pl\/wp-json\/wp\/v2\/pages"}],"about":[{"href":"https:\/\/www.mylifeineurope.nkey.it\/pl\/wp-json\/wp\/v2\/types\/page"}],"author":[{"embeddable":true,"href":"https:\/\/www.mylifeineurope.nkey.it\/pl\/wp-json\/wp\/v2\/users\/9"}],"replies":[{"embeddable":true,"href":"https:\/\/www.mylifeineurope.nkey.it\/pl\/wp-json\/wp\/v2\/comments?post=10396"}],"version-history":[{"count":5,"href":"https:\/\/www.mylifeineurope.nkey.it\/pl\/wp-json\/wp\/v2\/pages\/10396\/revisions"}],"predecessor-version":[{"id":10401,"href":"https:\/\/www.mylifeineurope.nkey.it\/pl\/wp-json\/wp\/v2\/pages\/10396\/revisions\/10401"}],"wp:attachment":[{"href":"https:\/\/www.mylifeineurope.nkey.it\/pl\/wp-json\/wp\/v2\/media?parent=10396"}],"curies":[{"name":"wp","href":"https:\/\/api.w.org\/{rel}","templated":true}]}}